{"id":796,"date":"2022-04-30T15:52:21","date_gmt":"2022-04-30T13:52:21","guid":{"rendered":"http:\/\/kolpingbuehne-wattens.at\/?page_id=796"},"modified":"2023-09-23T18:01:15","modified_gmt":"2023-09-23T16:01:15","slug":"halbe-wahrheiten","status":"publish","type":"page","link":"https:\/\/kolpingbuehne-wattens.at\/en\/halbe-wahrheiten\/","title":{"rendered":"Halbe Wahrheiten"},"content":{"rendered":"<div data-elementor-type=\"wp-page\" data-elementor-id=\"796\" class=\"elementor elementor-796\">\n\t\t\t\t\t\t<section class=\"elementor-section elementor-top-section elementor-element elementor-element-4b18d57b elementor-section-boxed elementor-section-height-default elementor-section-height-default\" data-id=\"4b18d57b\" data-element_type=\"section\" data-e-type=\"section\">\n\t\t\t\t\t\t<div class=\"elementor-container elementor-column-gap-default\">\n\t\t\t\t\t<div class=\"elementor-column elementor-col-100 elementor-top-column elementor-element elementor-element-93a9ebb\" data-id=\"93a9ebb\" data-element_type=\"column\" data-e-type=\"column\">\n\t\t\t<div class=\"elementor-widget-wrap elementor-element-populated\">\n\t\t\t\t\t\t<div class=\"elementor-element elementor-element-9cfad1d elementor-widget elementor-widget-text-editor\" data-id=\"9cfad1d\" data-element_type=\"widget\" data-e-type=\"widget\" data-widget_type=\"text-editor.default\">\n\t\t\t\t<div class=\"elementor-widget-container\">\n\t\t\t\t\t\t\t\t\t<p>Eine Kom\u00f6die mit Witz, Scharm und einer Brise britischem Humor<br \/>Wie der Titel des Theaterst\u00fcckes bereits verr\u00e4t, geht es um halbe Wahrheiten.<br \/>also nicht die ganze ungeschminkte, schwer verdauliche Wahrheit sondern um die, die jedem die M\u00f6glichkeit gibt frohen Mutes ins Ungl\u00fcck zu rennen, &#8211; oder ins Gl\u00fcck, wer wei\u00df das schon im Vorhinein.<br \/>Ein altes arabisches Sprichwort sagt:<br \/>&#8222;Es ist gut die Wahrheit zu kennen und sie auszusprechen, aber es ist besser die Wahrheit zu kennen und von Palmen zu reden.&#8220;<\/p>\t\t\t\t\t\t\t\t<\/div>\n\t\t\t\t<\/div>\n\t\t\t\t<div class=\"elementor-element elementor-element-1f55efb elementor-widget elementor-widget-heading\" data-id=\"1f55efb\" data-element_type=\"widget\" data-e-type=\"widget\" data-widget_type=\"heading.default\">\n\t\t\t\t<div class=\"elementor-widget-container\">\n\t\t\t\t\t<h2 class=\"elementor-heading-title elementor-size-medium\">Inhalt<\/h2>\t\t\t\t<\/div>\n\t\t\t\t<\/div>\n\t\t\t\t<div class=\"elementor-element elementor-element-a25d452 elementor-widget elementor-widget-text-editor\" data-id=\"a25d452\" data-element_type=\"widget\" data-e-type=\"widget\" data-widget_type=\"text-editor.default\">\n\t\t\t\t<div class=\"elementor-widget-container\">\n\t\t\t\t\t\t\t\t\t<p>Es ist fr\u00fcher Morgen. In einer Kleinstwohnung in London erwacht Greg in Ginnys Bett. Ginny, eine lebenslustige etwas flatterhafte, junge Frau, lebt seit drei Wochen mit Greg zusammen. F\u00fcr Greg ist alles klar, er will Ginny heiraten.<br \/>Aber wem geh\u00f6ren die Herrenpantoffel unter Ginnys Bett?<br \/>Wo kommen die vielen Blumen her? Und, und, und&#8230;<br \/>Etliche Kilometer au\u00dferhalb von London wohnen Sheila und ihr Eheman Phillip, in einem komfortablen Landhaus. Das kinderlose Ehepaar fr\u00fchst\u00fcckt, wie immer am Sonntag, auf der Terrasse. Es scheint ein Sonntag wie immer zu werden. Wie gesagt &#8222;scheint&#8220;, denn dann bekommen die Beiden Besuch.<\/p>\t\t\t\t\t\t\t\t<\/div>\n\t\t\t\t<\/div>\n\t\t\t\t<div class=\"elementor-element elementor-element-8b9793c elementor-widget elementor-widget-heading\" data-id=\"8b9793c\" data-element_type=\"widget\" data-e-type=\"widget\" data-widget_type=\"heading.default\">\n\t\t\t\t<div class=\"elementor-widget-container\">\n\t\t\t\t\t<h2 class=\"elementor-heading-title elementor-size-medium\">Mitwirkende<\/h2>\t\t\t\t<\/div>\n\t\t\t\t<\/div>\n\t\t\t\t<section class=\"elementor-section elementor-inner-section elementor-element elementor-element-92cbcd8 elementor-section-boxed elementor-section-height-default elementor-section-height-default\" data-id=\"92cbcd8\" data-element_type=\"section\" data-e-type=\"section\">\n\t\t\t\t\t\t<div class=\"elementor-container elementor-column-gap-default\">\n\t\t\t\t\t<div class=\"elementor-column elementor-col-50 elementor-inner-column elementor-element elementor-element-5af9562\" data-id=\"5af9562\" data-element_type=\"column\" data-e-type=\"column\">\n\t\t\t<div class=\"elementor-widget-wrap elementor-element-populated\">\n\t\t\t\t\t\t<div class=\"elementor-element elementor-element-cdf3368 elementor-widget elementor-widget-text-editor\" data-id=\"cdf3368\" data-element_type=\"widget\" data-e-type=\"widget\" data-widget_type=\"text-editor.default\">\n\t\t\t\t<div class=\"elementor-widget-container\">\n\t\t\t\t\t\t\t\t\t<p>Ginny<br \/>Greg<br \/>Sheila<br \/>Phillip<\/p><p>Regie<br \/>Souffleuse<br \/>Ton und Beleuchtung<br \/>Maske<br \/><br \/>B\u00fchnenbau<\/p>\t\t\t\t\t\t\t\t<\/div>\n\t\t\t\t<\/div>\n\t\t\t\t\t<\/div>\n\t\t<\/div>\n\t\t\t\t<div class=\"elementor-column elementor-col-50 elementor-inner-column elementor-element elementor-element-39d8ac2\" data-id=\"39d8ac2\" data-element_type=\"column\" data-e-type=\"column\">\n\t\t\t<div class=\"elementor-widget-wrap elementor-element-populated\">\n\t\t\t\t\t\t<div class=\"elementor-element elementor-element-ef5730f elementor-widget elementor-widget-text-editor\" data-id=\"ef5730f\" data-element_type=\"widget\" data-e-type=\"widget\" data-widget_type=\"text-editor.default\">\n\t\t\t\t<div class=\"elementor-widget-container\">\n\t\t\t\t\t\t\t\t\t<p>Krisitn Planckh<br \/>Thomas Strolz<br \/>Viktoria Knapp<br \/>Robert Egger<\/p><p>Wolfgang Scheiber<br \/>Silvia Huber<br \/>Herbert Dorfer<br \/>Stefanie Junker<br \/>Viktoria Knapp<br \/>Robert Egger<br \/>Wolfgang Scheiber<\/p>\t\t\t\t\t\t\t\t<\/div>\n\t\t\t\t<\/div>\n\t\t\t\t\t<\/div>\n\t\t<\/div>\n\t\t\t\t\t<\/div>\n\t\t<\/section>\n\t\t\t\t<div class=\"elementor-element elementor-element-493ab8d elementor-widget elementor-widget-heading\" data-id=\"493ab8d\" data-element_type=\"widget\" data-e-type=\"widget\" data-widget_type=\"heading.default\">\n\t\t\t\t<div class=\"elementor-widget-container\">\n\t\t\t\t\t<h2 class=\"elementor-heading-title elementor-size-medium\">Einblicke<\/h2>\t\t\t\t<\/div>\n\t\t\t\t<\/div>\n\t\t\t\t<div class=\"elementor-element elementor-element-7f36a683 elementor-arrows-position-inside elementor-pagination-position-outside elementor-widget elementor-widget-image-carousel\" data-id=\"7f36a683\" data-element_type=\"widget\" data-e-type=\"widget\" data-settings=\"{&quot;navigation&quot;:&quot;both&quot;,&quot;autoplay&quot;:&quot;yes&quot;,&quot;pause_on_hover&quot;:&quot;yes&quot;,&quot;pause_on_interaction&quot;:&quot;yes&quot;,&quot;autoplay_speed&quot;:5000,&quot;infinite&quot;:&quot;yes&quot;,&quot;speed&quot;:500}\" data-widget_type=\"image-carousel.default\">\n\t\t\t\t<div class=\"elementor-widget-container\">\n\t\t\t\t\t\t\t<div class=\"elementor-image-carousel-wrapper swiper\" role=\"region\" aria-roledescription=\"carousel\" aria-label=\"Bild Karussell\" dir=\"ltr\">\n\t\t\t<div class=\"elementor-image-carousel swiper-wrapper\" aria-live=\"off\">\n\t\t\t\t\t\t\t\t<div class=\"swiper-slide\" role=\"group\" aria-roledescription=\"slide\" aria-label=\"1 von 3\"><a data-elementor-open-lightbox=\"yes\" data-elementor-lightbox-slideshow=\"7f36a683\" data-elementor-lightbox-title=\"wahrheiten_1\" data-e-action-hash=\"#elementor-action%3Aaction%3Dlightbox%26settings%3DeyJpZCI6Nzk4LCJ1cmwiOiJodHRwczpcL1wva29scGluZ2J1ZWhuZS13YXR0ZW5zLmF0XC93cC1jb250ZW50XC91cGxvYWRzXC8yMDIyXC8wNFwvd2FocmhlaXRlbl8xLmpwZyIsInNsaWRlc2hvdyI6IjdmMzZhNjgzIn0%3D\" href=\"https:\/\/kolpingbuehne-wattens.at\/wp-content\/uploads\/2022\/04\/wahrheiten_1.jpg\"><figure class=\"swiper-slide-inner\"><img decoding=\"async\" class=\"swiper-slide-image\" src=\"https:\/\/kolpingbuehne-wattens.at\/wp-content\/uploads\/elementor\/thumbs\/wahrheiten_1-po4o8p93qc3899xgrqfzum8yvbai3qoaowsb203qjw.jpg\" alt=\"wahrheiten_1\" \/><\/figure><\/a><\/div><div class=\"swiper-slide\" role=\"group\" aria-roledescription=\"slide\" aria-label=\"2 von 3\"><a data-elementor-open-lightbox=\"yes\" data-elementor-lightbox-slideshow=\"7f36a683\" data-elementor-lightbox-title=\"wahrheiten_2\" data-e-action-hash=\"#elementor-action%3Aaction%3Dlightbox%26settings%3DeyJpZCI6Nzk5LCJ1cmwiOiJodHRwczpcL1wva29scGluZ2J1ZWhuZS13YXR0ZW5zLmF0XC93cC1jb250ZW50XC91cGxvYWRzXC8yMDIyXC8wNFwvd2FocmhlaXRlbl8yLmpwZyIsInNsaWRlc2hvdyI6IjdmMzZhNjgzIn0%3D\" href=\"https:\/\/kolpingbuehne-wattens.at\/wp-content\/uploads\/2022\/04\/wahrheiten_2.jpg\"><figure class=\"swiper-slide-inner\"><img decoding=\"async\" class=\"swiper-slide-image\" src=\"https:\/\/kolpingbuehne-wattens.at\/wp-content\/uploads\/elementor\/thumbs\/wahrheiten_2-po4o8p93qc3899xgrqfzum8yvbai3qoaowsb203qjw.jpg\" alt=\"wahrheiten_2\" \/><\/figure><\/a><\/div><div class=\"swiper-slide\" role=\"group\" aria-roledescription=\"slide\" aria-label=\"3 von 3\"><a data-elementor-open-lightbox=\"yes\" data-elementor-lightbox-slideshow=\"7f36a683\" data-elementor-lightbox-title=\"wahrheiten_3\" data-e-action-hash=\"#elementor-action%3Aaction%3Dlightbox%26settings%3DeyJpZCI6ODAwLCJ1cmwiOiJodHRwczpcL1wva29scGluZ2J1ZWhuZS13YXR0ZW5zLmF0XC93cC1jb250ZW50XC91cGxvYWRzXC8yMDIyXC8wNFwvd2FocmhlaXRlbl8zLmpwZyIsInNsaWRlc2hvdyI6IjdmMzZhNjgzIn0%3D\" href=\"https:\/\/kolpingbuehne-wattens.at\/wp-content\/uploads\/2022\/04\/wahrheiten_3.jpg\"><figure class=\"swiper-slide-inner\"><img decoding=\"async\" class=\"swiper-slide-image\" src=\"https:\/\/kolpingbuehne-wattens.at\/wp-content\/uploads\/elementor\/thumbs\/wahrheiten_3-po4o8q6xx64ikvw3m8umf40fgp5vbfs111fsja2cdo.jpg\" alt=\"wahrheiten_3\" \/><\/figure><\/a><\/div>\t\t\t<\/div>\n\t\t\t\t\t\t\t\t\t\t\t\t<div class=\"elementor-swiper-button elementor-swiper-button-prev\" role=\"button\" tabindex=\"0\">\n\t\t\t\t\t\t<i aria-hidden=\"true\" class=\"eicon-chevron-left\"><\/i>\t\t\t\t\t<\/div>\n\t\t\t\t\t<div class=\"elementor-swiper-button elementor-swiper-button-next\" role=\"button\" tabindex=\"0\">\n\t\t\t\t\t\t<i aria-hidden=\"true\" class=\"eicon-chevron-right\"><\/i>\t\t\t\t\t<\/div>\n\t\t\t\t\n\t\t\t\t\t\t\t\t\t<div class=\"swiper-pagination\"><\/div>\n\t\t\t\t\t\t\t\t\t<\/div>\n\t\t\t\t\t\t<\/div>\n\t\t\t\t<\/div>\n\t\t\t\t\t<\/div>\n\t\t<\/div>\n\t\t\t\t\t<\/div>\n\t\t<\/section>\n\t\t\t\t<\/div>","protected":false},"excerpt":{"rendered":"<p>Eine Kom\u00f6die mit Witz, Scharm und einer Brise britischem HumorWie der Titel des Theaterst\u00fcckes bereits verr\u00e4t, geht es um halbe Wahrheiten.also nicht die ganze ungeschminkte, schwer verdauliche Wahrheit sondern um die, die jedem die M\u00f6glichkeit gibt frohen Mutes ins Ungl\u00fcck zu rennen, &#8211; oder ins Gl\u00fcck, wer wei\u00df das schon im Vorhinein.Ein altes arabisches Sprichwort&hellip;&nbsp;<a href=\"https:\/\/kolpingbuehne-wattens.at\/en\/halbe-wahrheiten\/\" class=\"\" rel=\"bookmark\">Read More &raquo;<span class=\"screen-reader-text\">Halbe Wahrheiten<\/span><\/a><\/p>","protected":false},"author":2,"featured_media":0,"parent":0,"menu_order":0,"comment_status":"closed","ping_status":"closed","template":"","meta":{"neve_meta_sidebar":"","neve_meta_container":"","neve_meta_enable_content_width":"","neve_meta_content_width":0,"neve_meta_title_alignment":"","neve_meta_author_avatar":"","neve_post_elements_order":"","neve_meta_disable_header":"","neve_meta_disable_footer":"","neve_meta_disable_title":"","footnotes":""},"class_list":["post-796","page","type-page","status-publish","hentry"],"jetpack_sharing_enabled":true,"_links":{"self":[{"href":"https:\/\/kolpingbuehne-wattens.at\/en\/wp-json\/wp\/v2\/pages\/796","targetHints":{"allow":["GET"]}}],"collection":[{"href":"https:\/\/kolpingbuehne-wattens.at\/en\/wp-json\/wp\/v2\/pages"}],"about":[{"href":"https:\/\/kolpingbuehne-wattens.at\/en\/wp-json\/wp\/v2\/types\/page"}],"author":[{"embeddable":true,"href":"https:\/\/kolpingbuehne-wattens.at\/en\/wp-json\/wp\/v2\/users\/2"}],"replies":[{"embeddable":true,"href":"https:\/\/kolpingbuehne-wattens.at\/en\/wp-json\/wp\/v2\/comments?post=796"}],"version-history":[{"count":10,"href":"https:\/\/kolpingbuehne-wattens.at\/en\/wp-json\/wp\/v2\/pages\/796\/revisions"}],"predecessor-version":[{"id":2762,"href":"https:\/\/kolpingbuehne-wattens.at\/en\/wp-json\/wp\/v2\/pages\/796\/revisions\/2762"}],"wp:attachment":[{"href":"https:\/\/kolpingbuehne-wattens.at\/en\/wp-json\/wp\/v2\/media?parent=796"}],"curies":[{"name":"wp","href":"https:\/\/api.w.org\/{rel}","templated":true}]}}