{"id":783,"date":"2022-04-30T15:47:50","date_gmt":"2022-04-30T13:47:50","guid":{"rendered":"http:\/\/kolpingbuehne-wattens.at\/?page_id=783"},"modified":"2023-09-23T00:19:21","modified_gmt":"2023-09-22T22:19:21","slug":"der-gestiefelte-kater","status":"publish","type":"page","link":"https:\/\/kolpingbuehne-wattens.at\/en\/der-gestiefelte-kater\/","title":{"rendered":"Der gestiefelte Kater"},"content":{"rendered":"<div data-elementor-type=\"wp-page\" data-elementor-id=\"783\" class=\"elementor elementor-783\">\n\t\t\t\t\t\t<section class=\"elementor-section elementor-top-section elementor-element elementor-element-5df259f4 elementor-section-boxed elementor-section-height-default elementor-section-height-default\" data-id=\"5df259f4\" data-element_type=\"section\" data-e-type=\"section\">\n\t\t\t\t\t\t<div class=\"elementor-container elementor-column-gap-default\">\n\t\t\t\t\t<div class=\"elementor-column elementor-col-100 elementor-top-column elementor-element elementor-element-58a70b84\" data-id=\"58a70b84\" data-element_type=\"column\" data-e-type=\"column\">\n\t\t\t<div class=\"elementor-widget-wrap elementor-element-populated\">\n\t\t\t\t\t\t<div class=\"elementor-element elementor-element-46bfc1c elementor-widget elementor-widget-heading\" data-id=\"46bfc1c\" data-element_type=\"widget\" data-e-type=\"widget\" data-widget_type=\"heading.default\">\n\t\t\t\t<div class=\"elementor-widget-container\">\n\t\t\t\t\t<h2 class=\"elementor-heading-title elementor-size-medium\">Inhalt<\/h2>\t\t\t\t<\/div>\n\t\t\t\t<\/div>\n\t\t\t\t<div class=\"elementor-element elementor-element-9312cfd elementor-widget elementor-widget-text-editor\" data-id=\"9312cfd\" data-element_type=\"widget\" data-e-type=\"widget\" data-widget_type=\"text-editor.default\">\n\t\t\t\t<div class=\"elementor-widget-container\">\n\t\t\t\t\t\t\t\t\t<p>Es war einmal ein M\u00fcller, der hatte drei S\u00f6hne. Als der M\u00fcller starb erbte der \u00c4lteste die M\u00fchle, der Zweite den Esel und der J\u00fcngste nur den Kater Munzel.<br \/>Peter, der j\u00fcngste M\u00fcllersohn ist sehr entt\u00e4uscht. &#8222;Was soll ich mit einem Kater anfange, der kann doch nur M\u00e4use fangen.<br \/>Munzel ist aber ein besonderer Kater -er kann sprechen und \u00fcberredet Peter ihm Stiefel machen zu lassen damit er aufrecht gehen kann, wie ein Mensch.\u00a0<br \/>&#8222;Du wirst es nicht bereuen, ich mache dich zu einem reichen Mann, zu einem Grafe, nein zu einem K\u00f6nig&#8220;, verspricht Munzel.<\/p><p>Nun so beginnt die Geschite. Wie es Munzel gelingt den armen M\u00fcllersohn Peter zu einem K\u00f6nig zu machen, seht ihr in einer turbulenten Geschichte mit einer Rebhuhnjagd, der lieben Prinzessin Liane, dem m\u00e4chtige Zauberer Fantasius und vielen anderen.<\/p>\t\t\t\t\t\t\t\t<\/div>\n\t\t\t\t<\/div>\n\t\t\t\t<div class=\"elementor-element elementor-element-2cf8868 elementor-widget elementor-widget-heading\" data-id=\"2cf8868\" data-element_type=\"widget\" data-e-type=\"widget\" data-widget_type=\"heading.default\">\n\t\t\t\t<div class=\"elementor-widget-container\">\n\t\t\t\t\t<h2 class=\"elementor-heading-title elementor-size-medium\">Mitwirkende<\/h2>\t\t\t\t<\/div>\n\t\t\t\t<\/div>\n\t\t\t\t<section class=\"elementor-section elementor-inner-section elementor-element elementor-element-3229a71 elementor-section-boxed elementor-section-height-default elementor-section-height-default\" data-id=\"3229a71\" data-element_type=\"section\" data-e-type=\"section\">\n\t\t\t\t\t\t<div class=\"elementor-container elementor-column-gap-default\">\n\t\t\t\t\t<div class=\"elementor-column elementor-col-50 elementor-inner-column elementor-element elementor-element-2655307\" data-id=\"2655307\" data-element_type=\"column\" data-e-type=\"column\">\n\t\t\t<div class=\"elementor-widget-wrap elementor-element-populated\">\n\t\t\t\t\t\t<div class=\"elementor-element elementor-element-2072b18 elementor-widget elementor-widget-text-editor\" data-id=\"2072b18\" data-element_type=\"widget\" data-e-type=\"widget\" data-widget_type=\"text-editor.default\">\n\t\t\t\t<div class=\"elementor-widget-container\">\n\t\t\t\t\t\t\t\t\t<p>Kater Munzel<br \/>Peter<br \/>Lumpen-Liese<br \/>Prinzessin Liane<br \/>K\u00f6nig<br \/>Zauberer Fantasius<br \/>Frau Krips<br \/>Frau Kraps<br \/>Pagen des K\u00f6nigs<br \/><br \/>Rebh\u00fchner<br \/><br \/><br \/><br \/><br \/><\/p><p>Regie<br \/>Beleuchtung und Ton<br \/>Maske<br \/>Kost\u00fcme<br \/>B\u00fchnenbau<\/p>\t\t\t\t\t\t\t\t<\/div>\n\t\t\t\t<\/div>\n\t\t\t\t\t<\/div>\n\t\t<\/div>\n\t\t\t\t<div class=\"elementor-column elementor-col-50 elementor-inner-column elementor-element elementor-element-846a932\" data-id=\"846a932\" data-element_type=\"column\" data-e-type=\"column\">\n\t\t\t<div class=\"elementor-widget-wrap elementor-element-populated\">\n\t\t\t\t\t\t<div class=\"elementor-element elementor-element-9589215 elementor-widget elementor-widget-text-editor\" data-id=\"9589215\" data-element_type=\"widget\" data-e-type=\"widget\" data-widget_type=\"text-editor.default\">\n\t\t\t\t<div class=\"elementor-widget-container\">\n\t\t\t\t\t\t\t\t\t<p>Pascal Mautner<br \/>Johannes Egger<br \/>Helene Mautner<br \/>Elena Beirer<br \/>Robert Egger<br \/>Roland Egger<br \/>Krisitn Planckh<br \/>Viktoria Knapp<br \/>Bettina Strolz<br \/>Simone Mayrhofner<br \/>Maria Egger<br \/>Julia Narr<br \/>Anna-Lena Purner<br \/>Sabrina Fallzberger<br \/>Rebecca Trutschnig<\/p><p>Wolfgang Scheiber<br \/>Herbert Dorfer<br \/>Viktoria Knapp<br \/>Birgit Klotz<br \/>Robert Egger<br \/>Wolfgang Scheiber<\/p>\t\t\t\t\t\t\t\t<\/div>\n\t\t\t\t<\/div>\n\t\t\t\t\t<\/div>\n\t\t<\/div>\n\t\t\t\t\t<\/div>\n\t\t<\/section>\n\t\t\t\t<div class=\"elementor-element elementor-element-61abd7c elementor-widget elementor-widget-heading\" data-id=\"61abd7c\" data-element_type=\"widget\" data-e-type=\"widget\" data-widget_type=\"heading.default\">\n\t\t\t\t<div class=\"elementor-widget-container\">\n\t\t\t\t\t<h2 class=\"elementor-heading-title elementor-size-medium\">Einblicke<\/h2>\t\t\t\t<\/div>\n\t\t\t\t<\/div>\n\t\t\t\t<div class=\"elementor-element elementor-element-2b8c2578 elementor-arrows-position-inside elementor-pagination-position-outside elementor-widget elementor-widget-image-carousel\" data-id=\"2b8c2578\" data-element_type=\"widget\" data-e-type=\"widget\" data-settings=\"{&quot;navigation&quot;:&quot;both&quot;,&quot;autoplay&quot;:&quot;yes&quot;,&quot;pause_on_hover&quot;:&quot;yes&quot;,&quot;pause_on_interaction&quot;:&quot;yes&quot;,&quot;autoplay_speed&quot;:5000,&quot;infinite&quot;:&quot;yes&quot;,&quot;speed&quot;:500}\" data-widget_type=\"image-carousel.default\">\n\t\t\t\t<div class=\"elementor-widget-container\">\n\t\t\t\t\t\t\t<div class=\"elementor-image-carousel-wrapper swiper\" role=\"region\" aria-roledescription=\"carousel\" aria-label=\"Image Carousel\" dir=\"ltr\">\n\t\t\t<div class=\"elementor-image-carousel swiper-wrapper\" aria-live=\"off\">\n\t\t\t\t\t\t\t\t<div class=\"swiper-slide\" role=\"group\" aria-roledescription=\"slide\" aria-label=\"1 of 7\"><a data-elementor-open-lightbox=\"yes\" data-elementor-lightbox-slideshow=\"2b8c2578\" data-elementor-lightbox-title=\"kater_1\" data-e-action-hash=\"#elementor-action%3Aaction%3Dlightbox%26settings%3DeyJpZCI6Nzg1LCJ1cmwiOiJodHRwczpcL1wva29scGluZ2J1ZWhuZS13YXR0ZW5zLmF0XC93cC1jb250ZW50XC91cGxvYWRzXC8yMDIyXC8wNFwva2F0ZXJfMS5qcGciLCJzbGlkZXNob3ciOiIyYjhjMjU3OCJ9\" href=\"https:\/\/kolpingbuehne-wattens.at\/wp-content\/uploads\/2022\/04\/kater_1.jpg\"><figure class=\"swiper-slide-inner\"><img decoding=\"async\" class=\"swiper-slide-image\" src=\"https:\/\/kolpingbuehne-wattens.at\/wp-content\/uploads\/elementor\/thumbs\/kater_1-po4o36x5oajq7jxjxuppqiapj0g1zlsxln4usm9t0s.jpg\" alt=\"kater_1\" \/><\/figure><\/a><\/div><div class=\"swiper-slide\" role=\"group\" aria-roledescription=\"slide\" aria-label=\"2 of 7\"><a data-elementor-open-lightbox=\"yes\" data-elementor-lightbox-slideshow=\"2b8c2578\" data-elementor-lightbox-title=\"kater_2\" data-e-action-hash=\"#elementor-action%3Aaction%3Dlightbox%26settings%3DeyJpZCI6Nzg2LCJ1cmwiOiJodHRwczpcL1wva29scGluZ2J1ZWhuZS13YXR0ZW5zLmF0XC93cC1jb250ZW50XC91cGxvYWRzXC8yMDIyXC8wNFwva2F0ZXJfMi5qcGciLCJzbGlkZXNob3ciOiIyYjhjMjU3OCJ9\" href=\"https:\/\/kolpingbuehne-wattens.at\/wp-content\/uploads\/2022\/04\/kater_2.jpg\"><figure class=\"swiper-slide-inner\"><img decoding=\"async\" class=\"swiper-slide-image\" src=\"https:\/\/kolpingbuehne-wattens.at\/wp-content\/uploads\/elementor\/thumbs\/kater_2-po4o37uzv4l0j5w6sd4cb0264ebf7awnxrsc9w8euk.jpg\" alt=\"kater_2\" \/><\/figure><\/a><\/div><div class=\"swiper-slide\" role=\"group\" aria-roledescription=\"slide\" aria-label=\"3 of 7\"><a data-elementor-open-lightbox=\"yes\" data-elementor-lightbox-slideshow=\"2b8c2578\" data-elementor-lightbox-title=\"kater_3\" data-e-action-hash=\"#elementor-action%3Aaction%3Dlightbox%26settings%3DeyJpZCI6Nzg3LCJ1cmwiOiJodHRwczpcL1wva29scGluZ2J1ZWhuZS13YXR0ZW5zLmF0XC93cC1jb250ZW50XC91cGxvYWRzXC8yMDIyXC8wNFwva2F0ZXJfMy5qcGciLCJzbGlkZXNob3ciOiIyYjhjMjU3OCJ9\" href=\"https:\/\/kolpingbuehne-wattens.at\/wp-content\/uploads\/2022\/04\/kater_3.jpg\"><figure class=\"swiper-slide-inner\"><img decoding=\"async\" class=\"swiper-slide-image\" src=\"https:\/\/kolpingbuehne-wattens.at\/wp-content\/uploads\/elementor\/thumbs\/kater_3-po4o37uzv4l0j5w6sd4cb0264ebf7awnxrsc9w8euk.jpg\" alt=\"kater_3\" \/><\/figure><\/a><\/div><div class=\"swiper-slide\" role=\"group\" aria-roledescription=\"slide\" aria-label=\"4 of 7\"><a data-elementor-open-lightbox=\"yes\" data-elementor-lightbox-slideshow=\"2b8c2578\" data-elementor-lightbox-title=\"kater_4\" data-e-action-hash=\"#elementor-action%3Aaction%3Dlightbox%26settings%3DeyJpZCI6Nzg4LCJ1cmwiOiJodHRwczpcL1wva29scGluZ2J1ZWhuZS13YXR0ZW5zLmF0XC93cC1jb250ZW50XC91cGxvYWRzXC8yMDIyXC8wNFwva2F0ZXJfNC5qcGciLCJzbGlkZXNob3ciOiIyYjhjMjU3OCJ9\" href=\"https:\/\/kolpingbuehne-wattens.at\/wp-content\/uploads\/2022\/04\/kater_4.jpg\"><figure class=\"swiper-slide-inner\"><img decoding=\"async\" class=\"swiper-slide-image\" src=\"https:\/\/kolpingbuehne-wattens.at\/wp-content\/uploads\/elementor\/thumbs\/kater_4-po4o37uzv4l0j5w6sd4cb0264ebf7awnxrsc9w8euk.jpg\" alt=\"kater_4\" \/><\/figure><\/a><\/div><div class=\"swiper-slide\" role=\"group\" aria-roledescription=\"slide\" aria-label=\"5 of 7\"><a data-elementor-open-lightbox=\"yes\" data-elementor-lightbox-slideshow=\"2b8c2578\" data-elementor-lightbox-title=\"kater_5\" data-e-action-hash=\"#elementor-action%3Aaction%3Dlightbox%26settings%3DeyJpZCI6Nzg5LCJ1cmwiOiJodHRwczpcL1wva29scGluZ2J1ZWhuZS13YXR0ZW5zLmF0XC93cC1jb250ZW50XC91cGxvYWRzXC8yMDIyXC8wNFwva2F0ZXJfNS5qcGciLCJzbGlkZXNob3ciOiIyYjhjMjU3OCJ9\" href=\"https:\/\/kolpingbuehne-wattens.at\/wp-content\/uploads\/2022\/04\/kater_5.jpg\"><figure class=\"swiper-slide-inner\"><img decoding=\"async\" class=\"swiper-slide-image\" src=\"https:\/\/kolpingbuehne-wattens.at\/wp-content\/uploads\/elementor\/thumbs\/kater_5-po4o38su1ymaurutmviyvhtmps6sf00e9wftr670oc.jpg\" alt=\"kater_5\" \/><\/figure><\/a><\/div><div class=\"swiper-slide\" role=\"group\" aria-roledescription=\"slide\" aria-label=\"6 of 7\"><a data-elementor-open-lightbox=\"yes\" data-elementor-lightbox-slideshow=\"2b8c2578\" data-elementor-lightbox-title=\"kater_6\" data-e-action-hash=\"#elementor-action%3Aaction%3Dlightbox%26settings%3DeyJpZCI6NzkwLCJ1cmwiOiJodHRwczpcL1wva29scGluZ2J1ZWhuZS13YXR0ZW5zLmF0XC93cC1jb250ZW50XC91cGxvYWRzXC8yMDIyXC8wNFwva2F0ZXJfNi5qcGciLCJzbGlkZXNob3ciOiIyYjhjMjU3OCJ9\" href=\"https:\/\/kolpingbuehne-wattens.at\/wp-content\/uploads\/2022\/04\/kater_6.jpg\"><figure class=\"swiper-slide-inner\"><img decoding=\"async\" class=\"swiper-slide-image\" src=\"https:\/\/kolpingbuehne-wattens.at\/wp-content\/uploads\/elementor\/thumbs\/kater_6-po4o39qo8snl6dtghdxlfzl3b625mp44m13b8g5mi4.jpg\" alt=\"kater_6\" \/><\/figure><\/a><\/div><div class=\"swiper-slide\" role=\"group\" aria-roledescription=\"slide\" aria-label=\"7 of 7\"><a data-elementor-open-lightbox=\"yes\" data-elementor-lightbox-slideshow=\"2b8c2578\" data-elementor-lightbox-title=\"kater_7\" data-e-action-hash=\"#elementor-action%3Aaction%3Dlightbox%26settings%3DeyJpZCI6NzkxLCJ1cmwiOiJodHRwczpcL1wva29scGluZ2J1ZWhuZS13YXR0ZW5zLmF0XC93cC1jb250ZW50XC91cGxvYWRzXC8yMDIyXC8wNFwva2F0ZXJfNy5qcGciLCJzbGlkZXNob3ciOiIyYjhjMjU3OCJ9\" href=\"https:\/\/kolpingbuehne-wattens.at\/wp-content\/uploads\/2022\/04\/kater_7.jpg\"><figure class=\"swiper-slide-inner\"><img decoding=\"async\" class=\"swiper-slide-image\" src=\"https:\/\/kolpingbuehne-wattens.at\/wp-content\/uploads\/elementor\/thumbs\/kater_7-po4o39qo8snl6dtghdxlfzl3b625mp44m13b8g5mi4.jpg\" alt=\"kater_7\" \/><\/figure><\/a><\/div>\t\t\t<\/div>\n\t\t\t\t\t\t\t\t\t\t\t\t<div class=\"elementor-swiper-button elementor-swiper-button-prev\" role=\"button\" tabindex=\"0\">\n\t\t\t\t\t\t<i aria-hidden=\"true\" class=\"eicon-chevron-left\"><\/i>\t\t\t\t\t<\/div>\n\t\t\t\t\t<div class=\"elementor-swiper-button elementor-swiper-button-next\" role=\"button\" tabindex=\"0\">\n\t\t\t\t\t\t<i aria-hidden=\"true\" class=\"eicon-chevron-right\"><\/i>\t\t\t\t\t<\/div>\n\t\t\t\t\n\t\t\t\t\t\t\t\t\t<div class=\"swiper-pagination\"><\/div>\n\t\t\t\t\t\t\t\t\t<\/div>\n\t\t\t\t\t\t<\/div>\n\t\t\t\t<\/div>\n\t\t\t\t\t<\/div>\n\t\t<\/div>\n\t\t\t\t\t<\/div>\n\t\t<\/section>\n\t\t\t\t<\/div>","protected":false},"excerpt":{"rendered":"<p>Inhalt Es war einmal ein M\u00fcller, der hatte drei S\u00f6hne. Als der M\u00fcller starb erbte der \u00c4lteste die M\u00fchle, der Zweite den Esel und der J\u00fcngste nur den Kater Munzel.Peter, der j\u00fcngste M\u00fcllersohn ist sehr entt\u00e4uscht. &#8222;Was soll ich mit einem Kater anfange, der kann doch nur M\u00e4use fangen.Munzel ist aber ein besonderer Kater -er&hellip;&nbsp;<a href=\"https:\/\/kolpingbuehne-wattens.at\/en\/der-gestiefelte-kater\/\" class=\"\" rel=\"bookmark\">Read More &raquo;<span class=\"screen-reader-text\">Der gestiefelte Kater<\/span><\/a><\/p>","protected":false},"author":2,"featured_media":0,"parent":0,"menu_order":0,"comment_status":"closed","ping_status":"closed","template":"","meta":{"neve_meta_sidebar":"","neve_meta_container":"","neve_meta_enable_content_width":"","neve_meta_content_width":0,"neve_meta_title_alignment":"","neve_meta_author_avatar":"","neve_post_elements_order":"","neve_meta_disable_header":"","neve_meta_disable_footer":"","neve_meta_disable_title":"","footnotes":""},"class_list":["post-783","page","type-page","status-publish","hentry"],"jetpack_sharing_enabled":true,"_links":{"self":[{"href":"https:\/\/kolpingbuehne-wattens.at\/en\/wp-json\/wp\/v2\/pages\/783","targetHints":{"allow":["GET"]}}],"collection":[{"href":"https:\/\/kolpingbuehne-wattens.at\/en\/wp-json\/wp\/v2\/pages"}],"about":[{"href":"https:\/\/kolpingbuehne-wattens.at\/en\/wp-json\/wp\/v2\/types\/page"}],"author":[{"embeddable":true,"href":"https:\/\/kolpingbuehne-wattens.at\/en\/wp-json\/wp\/v2\/users\/2"}],"replies":[{"embeddable":true,"href":"https:\/\/kolpingbuehne-wattens.at\/en\/wp-json\/wp\/v2\/comments?post=783"}],"version-history":[{"count":7,"href":"https:\/\/kolpingbuehne-wattens.at\/en\/wp-json\/wp\/v2\/pages\/783\/revisions"}],"predecessor-version":[{"id":2734,"href":"https:\/\/kolpingbuehne-wattens.at\/en\/wp-json\/wp\/v2\/pages\/783\/revisions\/2734"}],"wp:attachment":[{"href":"https:\/\/kolpingbuehne-wattens.at\/en\/wp-json\/wp\/v2\/media?parent=783"}],"curies":[{"name":"wp","href":"https:\/\/api.w.org\/{rel}","templated":true}]}}