{"id":742,"date":"2022-04-30T15:31:31","date_gmt":"2022-04-30T13:31:31","guid":{"rendered":"http:\/\/kolpingbuehne-wattens.at\/?page_id=742"},"modified":"2023-09-23T17:17:22","modified_gmt":"2023-09-23T15:17:22","slug":"urmel-aus-dem-eis","status":"publish","type":"page","link":"https:\/\/kolpingbuehne-wattens.at\/en\/urmel-aus-dem-eis\/","title":{"rendered":"Urmel aus dem Eis"},"content":{"rendered":"<div data-elementor-type=\"wp-page\" data-elementor-id=\"742\" class=\"elementor elementor-742\">\n\t\t\t\t\t\t<section class=\"elementor-section elementor-top-section elementor-element elementor-element-63aec28d elementor-section-boxed elementor-section-height-default elementor-section-height-default\" data-id=\"63aec28d\" data-element_type=\"section\" data-e-type=\"section\">\n\t\t\t\t\t\t<div class=\"elementor-container elementor-column-gap-default\">\n\t\t\t\t\t<div class=\"elementor-column elementor-col-100 elementor-top-column elementor-element elementor-element-6542e0b9\" data-id=\"6542e0b9\" data-element_type=\"column\" data-e-type=\"column\">\n\t\t\t<div class=\"elementor-widget-wrap elementor-element-populated\">\n\t\t\t\t\t\t<div class=\"elementor-element elementor-element-76146ea4 elementor-widget elementor-widget-heading\" data-id=\"76146ea4\" data-element_type=\"widget\" data-e-type=\"widget\" data-widget_type=\"heading.default\">\n\t\t\t\t<div class=\"elementor-widget-container\">\n\t\t\t\t\t<h3 class=\"elementor-heading-title elementor-size-medium\">Inhalt<\/h3>\t\t\t\t<\/div>\n\t\t\t\t<\/div>\n\t\t\t\t<div class=\"elementor-element elementor-element-42eacfab elementor-widget elementor-widget-text-editor\" data-id=\"42eacfab\" data-element_type=\"widget\" data-e-type=\"widget\" data-widget_type=\"text-editor.default\">\n\t\t\t\t<div class=\"elementor-widget-container\">\n\t\t\t\t\t\t\t\t\t<p>Unsere Geschichte spielt auf einer abgelegenen S\u00fcdseeinsel, fernab jeglicher Zivilisation.<br \/>Dort lebt die zerstreute Professorin Tibatong, die sich auf diese Insel f\u00fcr ihre Forschungszwecke zur\u00fcckgezogen hat: Sie m\u00f6chte den Tieren das Sprechen beibringen.<\/p><p>Ihre Sprachschule wird von Schuhschn\u00e4belin Schusch, Pinguinin Ping, Waranin Wawa und der Fr\u00f6schin Quack freiwillig besucht, wobei die meisten nur noch mit ein paar kleinen Sprachfehlern zu k\u00e4mpfen haben.<\/p><p>Doch der Schulalltag wird j\u00e4h unterbrochen, als eines Tages ein Ei an den Strand der Insel geschwemmt wird. Aus diesem schl\u00fcpft ein Urweltgesch\u00f6pf \u2013 das Urmel. Professorin Tibatong , die bis jetzt als einzige an die Existenz von Urmels geglaubt hat, ist hellauf begeistert und nimmt Urmel in seine Tierfamilie auf.<\/p><p>Selbst Wutz, die Schweinedame kann dem s\u00fc\u00dfen Gesch\u00f6pft nicht widerstehen. <br \/>Soweit so gut, wenn da nicht der K\u00f6nig Olaf of Olsen w\u00e4re, der eine Vorliebe f\u00fcr die Jagd auf besondere Tiere hat. Da er von Anfang an auf der Insel unterwegs ist, kommt es in der Folge zu unvermeidlichen Begegnungen \u2026<\/p>\t\t\t\t\t\t\t\t<\/div>\n\t\t\t\t<\/div>\n\t\t\t\t<div class=\"elementor-element elementor-element-5b45392 elementor-widget elementor-widget-heading\" data-id=\"5b45392\" data-element_type=\"widget\" data-e-type=\"widget\" data-widget_type=\"heading.default\">\n\t\t\t\t<div class=\"elementor-widget-container\">\n\t\t\t\t\t<h2 class=\"elementor-heading-title elementor-size-medium\">Mitwirkende<\/h2>\t\t\t\t<\/div>\n\t\t\t\t<\/div>\n\t\t\t\t<section class=\"elementor-section elementor-inner-section elementor-element elementor-element-09278c0 elementor-section-boxed elementor-section-height-default elementor-section-height-default\" data-id=\"09278c0\" data-element_type=\"section\" data-e-type=\"section\">\n\t\t\t\t\t\t<div class=\"elementor-container elementor-column-gap-default\">\n\t\t\t\t\t<div class=\"elementor-column elementor-col-50 elementor-inner-column elementor-element elementor-element-1ca0b02\" data-id=\"1ca0b02\" data-element_type=\"column\" data-e-type=\"column\">\n\t\t\t<div class=\"elementor-widget-wrap elementor-element-populated\">\n\t\t\t\t\t\t<div class=\"elementor-element elementor-element-55a2a08 elementor-widget elementor-widget-text-editor\" data-id=\"55a2a08\" data-element_type=\"widget\" data-e-type=\"widget\" data-widget_type=\"text-editor.default\">\n\t\t\t\t<div class=\"elementor-widget-container\">\n\t\t\t\t\t\t\t\t\t<p>Olaf of Olsen<br \/>Rocher<br \/>Seele-Fant<br \/>Professorin Tibatong<br \/>Wutz<br \/>Schusch<br \/>Ping<br \/>Wawa<br \/>Quack<br \/>Urmel<br \/>Professorin Sarah die Erste<br \/>Professor Manuel<br \/>Professorin Kathi<br \/>Professorin Vanessa die Erste<br \/>Professor Paul<br \/>Kongressleiterin Julia<br \/>Moderator und Zeitungsaustr\u00e4ger<br \/>Zeitungsaustr\u00e4gerin<\/p><p>B\u00fchnenbau<\/p><p>Ton und Beleuchtung<br \/>Maske<\/p><p>Kost\u00fcme<br \/>Musik<br \/>Spielleitung<\/p>\t\t\t\t\t\t\t\t<\/div>\n\t\t\t\t<\/div>\n\t\t\t\t\t<\/div>\n\t\t<\/div>\n\t\t\t\t<div class=\"elementor-column elementor-col-50 elementor-inner-column elementor-element elementor-element-e8e9b31\" data-id=\"e8e9b31\" data-element_type=\"column\" data-e-type=\"column\">\n\t\t\t<div class=\"elementor-widget-wrap elementor-element-populated\">\n\t\t\t\t\t\t<div class=\"elementor-element elementor-element-c6dc6a0 elementor-widget elementor-widget-text-editor\" data-id=\"c6dc6a0\" data-element_type=\"widget\" data-e-type=\"widget\" data-widget_type=\"text-editor.default\">\n\t\t\t\t<div class=\"elementor-widget-container\">\n\t\t\t\t\t\t\t\t\t<p>Pascal Mautner<br \/>Clemens Unteregger<br \/>Robert Egger<br \/>Eva kr\u00e4mer<br \/>Simona Mairhofer<br \/>Bettina Strolz<br \/>Julia Narr<br \/>Rebecca Sillaber<br \/>Mira Krenn<br \/>Anja Troppmair<br \/>Maria Egger<br \/>Noel Krenn<br \/>Felicia Valent<br \/>Viktoria Schmerbeck<br \/>Hannes Schmerbeck<br \/>Elena Mayr<br \/>Johannes Egger<br \/>Marion Pichler<\/p><p>Wolfgang Scheiber<br \/>Robert Egger<br \/>Markus Stocker<br \/>Viktoria Knapp<br \/>Kristin Planckh<br \/>Birgit Mayr<br \/>Manuel Stix<br \/>Thomas Strolz<\/p>\t\t\t\t\t\t\t\t<\/div>\n\t\t\t\t<\/div>\n\t\t\t\t\t<\/div>\n\t\t<\/div>\n\t\t\t\t\t<\/div>\n\t\t<\/section>\n\t\t\t\t\t<\/div>\n\t\t<\/div>\n\t\t\t\t\t<\/div>\n\t\t<\/section>\n\t\t\t\t<\/div>","protected":false},"excerpt":{"rendered":"<p>Inhalt Unsere Geschichte spielt auf einer abgelegenen S\u00fcdseeinsel, fernab jeglicher Zivilisation.Dort lebt die zerstreute Professorin Tibatong, die sich auf diese Insel f\u00fcr ihre Forschungszwecke zur\u00fcckgezogen hat: Sie m\u00f6chte den Tieren das Sprechen beibringen. Ihre Sprachschule wird von Schuhschn\u00e4belin Schusch, Pinguinin Ping, Waranin Wawa und der Fr\u00f6schin Quack freiwillig besucht, wobei die meisten nur noch mit&hellip;&nbsp;<a href=\"https:\/\/kolpingbuehne-wattens.at\/en\/urmel-aus-dem-eis\/\" class=\"\" rel=\"bookmark\">Read More &raquo;<span class=\"screen-reader-text\">Urmel aus dem Eis<\/span><\/a><\/p>","protected":false},"author":2,"featured_media":0,"parent":0,"menu_order":0,"comment_status":"closed","ping_status":"closed","template":"","meta":{"neve_meta_sidebar":"","neve_meta_container":"","neve_meta_enable_content_width":"","neve_meta_content_width":0,"neve_meta_title_alignment":"","neve_meta_author_avatar":"","neve_post_elements_order":"","neve_meta_disable_header":"","neve_meta_disable_footer":"","neve_meta_disable_title":"","footnotes":""},"class_list":["post-742","page","type-page","status-publish","hentry"],"jetpack_sharing_enabled":true,"_links":{"self":[{"href":"https:\/\/kolpingbuehne-wattens.at\/en\/wp-json\/wp\/v2\/pages\/742","targetHints":{"allow":["GET"]}}],"collection":[{"href":"https:\/\/kolpingbuehne-wattens.at\/en\/wp-json\/wp\/v2\/pages"}],"about":[{"href":"https:\/\/kolpingbuehne-wattens.at\/en\/wp-json\/wp\/v2\/types\/page"}],"author":[{"embeddable":true,"href":"https:\/\/kolpingbuehne-wattens.at\/en\/wp-json\/wp\/v2\/users\/2"}],"replies":[{"embeddable":true,"href":"https:\/\/kolpingbuehne-wattens.at\/en\/wp-json\/wp\/v2\/comments?post=742"}],"version-history":[{"count":22,"href":"https:\/\/kolpingbuehne-wattens.at\/en\/wp-json\/wp\/v2\/pages\/742\/revisions"}],"predecessor-version":[{"id":2748,"href":"https:\/\/kolpingbuehne-wattens.at\/en\/wp-json\/wp\/v2\/pages\/742\/revisions\/2748"}],"wp:attachment":[{"href":"https:\/\/kolpingbuehne-wattens.at\/en\/wp-json\/wp\/v2\/media?parent=742"}],"curies":[{"name":"wp","href":"https:\/\/api.w.org\/{rel}","templated":true}]}}