{"id":735,"date":"2022-04-30T15:27:02","date_gmt":"2022-04-30T13:27:02","guid":{"rendered":"http:\/\/kolpingbuehne-wattens.at\/?page_id=735"},"modified":"2024-01-03T02:19:51","modified_gmt":"2024-01-03T01:19:51","slug":"meister-eder-und-sein-pumuckl","status":"publish","type":"page","link":"https:\/\/kolpingbuehne-wattens.at\/en\/meister-eder-und-sein-pumuckl\/","title":{"rendered":"Meister Eder und sein Pumuckl"},"content":{"rendered":"<div data-elementor-type=\"wp-page\" data-elementor-id=\"735\" class=\"elementor elementor-735\">\n\t\t\t\t\t\t<section class=\"elementor-section elementor-top-section elementor-element elementor-element-5589c7f6 elementor-section-boxed elementor-section-height-default elementor-section-height-default\" data-id=\"5589c7f6\" data-element_type=\"section\" data-e-type=\"section\">\n\t\t\t\t\t\t<div class=\"elementor-container elementor-column-gap-default\">\n\t\t\t\t\t<div class=\"elementor-column elementor-col-100 elementor-top-column elementor-element elementor-element-4a76dfa9\" data-id=\"4a76dfa9\" data-element_type=\"column\" data-e-type=\"column\">\n\t\t\t<div class=\"elementor-widget-wrap elementor-element-populated\">\n\t\t\t\t\t\t<div class=\"elementor-element elementor-element-b40d3a2 elementor-widget elementor-widget-heading\" data-id=\"b40d3a2\" data-element_type=\"widget\" data-e-type=\"widget\" data-widget_type=\"heading.default\">\n\t\t\t\t<div class=\"elementor-widget-container\">\n\t\t\t\t\t<h3 class=\"elementor-heading-title elementor-size-default\">Inhalt<\/h3>\t\t\t\t<\/div>\n\t\t\t\t<\/div>\n\t\t\t\t<div class=\"elementor-element elementor-element-18612f5c elementor-widget elementor-widget-text-editor\" data-id=\"18612f5c\" data-element_type=\"widget\" data-e-type=\"widget\" data-widget_type=\"text-editor.default\">\n\t\t\t\t<div class=\"elementor-widget-container\">\n\t\t\t\t\t\t\t\t\t<p>Schreinermeister Eder entdeckt, dass er einen neuen Mitbewohner hat, der alles durcheinanderbringt. Ihr wisst sicher von wem die Rede ist, wenn ich euch sage, dass es ein kleiner, lustiger Kobold mit roten Haaren ist. Richtig \u2013PUMUCKL \u2013 so hei\u00dft dieser freche Geselle, dem man eigentlich gar nicht richtig b\u00f6se sein kann. Am liebsten treibt er Schabernack und dichtet, denn was sich reimt ist gut. St\u00e4ndig fallen ihm neue Streiche ein.<\/p><p>Seit er in der Werkstatt am Leimtopf kleben geblieben ist, ist er nur f\u00fcr Meister Eder sichtbar und muss bei ihm bleiben. Das ist ur-uraltes Koboldsgesetz.<br \/>Gerade erst hat das kleine Kerlchen sein Zuhause in Meister Eders Schreinerwerkstatt gefunden, da kommt schon dessen Nichte B\u00e4rbel zu Besuch. Pumuckl ist schrecklich eifers\u00fcchtig und m\u00f6chte sie erst gar nicht hereinlassen.<br \/>Er singt: \u201eIch singerl vom lieben Dingerl und bei\u00df sie ins Fingerl wie ein Schlingerl.\u201c Schon bald stellt er fest, dass Kobolde und Kinder doch ganz gut zusammen passen und bekommt ein Herzklopfwehweidwundgl\u00fccktrauriggef\u00fchl und m\u00f6chte sie nicht mehr abreisen lassen&#8230;<\/p>\t\t\t\t\t\t\t\t<\/div>\n\t\t\t\t<\/div>\n\t\t\t\t<div class=\"elementor-element elementor-element-f8fa97d elementor-widget elementor-widget-heading\" data-id=\"f8fa97d\" data-element_type=\"widget\" data-e-type=\"widget\" data-widget_type=\"heading.default\">\n\t\t\t\t<div class=\"elementor-widget-container\">\n\t\t\t\t\t<h2 class=\"elementor-heading-title elementor-size-medium\">Mitwirkende<\/h2>\t\t\t\t<\/div>\n\t\t\t\t<\/div>\n\t\t\t\t<section class=\"elementor-section elementor-inner-section elementor-element elementor-element-bf04e0e elementor-section-boxed elementor-section-height-default elementor-section-height-default\" data-id=\"bf04e0e\" data-element_type=\"section\" data-e-type=\"section\">\n\t\t\t\t\t\t<div class=\"elementor-container elementor-column-gap-default\">\n\t\t\t\t\t<div class=\"elementor-column elementor-col-50 elementor-inner-column elementor-element elementor-element-90c4673\" data-id=\"90c4673\" data-element_type=\"column\" data-e-type=\"column\">\n\t\t\t<div class=\"elementor-widget-wrap elementor-element-populated\">\n\t\t\t\t\t\t<div class=\"elementor-element elementor-element-9a53e62 elementor-widget elementor-widget-text-editor\" data-id=\"9a53e62\" data-element_type=\"widget\" data-e-type=\"widget\" data-widget_type=\"text-editor.default\">\n\t\t\t\t<div class=\"elementor-widget-container\">\n\t\t\t\t\t\t\t\t\t<p>Meister Eder<br \/>Pumuckl<br \/>Anni, seine Schwester<br \/>B\u00e4rbel, ihre Tochter<br \/>Frau Steinhauser<br \/>August Birnbacher<br \/>Dr. Gernheim<br \/>Die Kolping-Leim-Dancers<br \/><br \/><br \/><br \/><br \/><br \/><br \/><\/p><p>Regie<br \/><br \/>Ton und Beleuchtung<br \/>B\u00fchnenbild<br \/><br \/>Maske<br \/><br \/>Kost\u00fcme<br \/>Souffleuse<\/p>\t\t\t\t\t\t\t\t<\/div>\n\t\t\t\t<\/div>\n\t\t\t\t\t<\/div>\n\t\t<\/div>\n\t\t\t\t<div class=\"elementor-column elementor-col-50 elementor-inner-column elementor-element elementor-element-9e3d17d\" data-id=\"9e3d17d\" data-element_type=\"column\" data-e-type=\"column\">\n\t\t\t<div class=\"elementor-widget-wrap elementor-element-populated\">\n\t\t\t\t\t\t<div class=\"elementor-element elementor-element-80a9f7b elementor-widget elementor-widget-text-editor\" data-id=\"80a9f7b\" data-element_type=\"widget\" data-e-type=\"widget\" data-widget_type=\"text-editor.default\">\n\t\t\t\t<div class=\"elementor-widget-container\">\n\t\t\t\t\t\t\t\t\t<p>Robert Egger<br>Julia Narr<br>Angelika Beirer<br>Anja Troppmair<br>Viktoria Knapp<br>Clemens Unteregger<br>Roland Egger<br>Bettina Strolz<br>Elena Mayr<br>Mira Krenn<br>Noel Krenn<br>Simon Klotz<br>Viktoria Schmerbeck<br>Hannes Schmerbeck<br><\/p><p>Helene Mautner<br>Wolfgang Scheiber<br>Markus Stocker<br>Wolfgang Scheiber<br>Robert Egger<br>Viktoria Knapp<br>Kristin Planckh<br>Birgit Klotz<br>Bettina Strolz<\/p>\t\t\t\t\t\t\t\t<\/div>\n\t\t\t\t<\/div>\n\t\t\t\t\t<\/div>\n\t\t<\/div>\n\t\t\t\t\t<\/div>\n\t\t<\/section>\n\t\t\t\t<div class=\"elementor-element elementor-element-41a56cd elementor-widget elementor-widget-heading\" data-id=\"41a56cd\" data-element_type=\"widget\" data-e-type=\"widget\" data-widget_type=\"heading.default\">\n\t\t\t\t<div class=\"elementor-widget-container\">\n\t\t\t\t\t<h2 class=\"elementor-heading-title elementor-size-medium\">Einblicke<\/h2>\t\t\t\t<\/div>\n\t\t\t\t<\/div>\n\t\t\t\t<div class=\"elementor-element elementor-element-fe9d2e9 elementor-arrows-position-inside elementor-pagination-position-outside elementor-widget elementor-widget-image-carousel\" data-id=\"fe9d2e9\" data-element_type=\"widget\" data-e-type=\"widget\" data-settings=\"{&quot;navigation&quot;:&quot;both&quot;,&quot;autoplay&quot;:&quot;yes&quot;,&quot;pause_on_hover&quot;:&quot;yes&quot;,&quot;pause_on_interaction&quot;:&quot;yes&quot;,&quot;autoplay_speed&quot;:5000,&quot;infinite&quot;:&quot;yes&quot;,&quot;speed&quot;:500}\" data-widget_type=\"image-carousel.default\">\n\t\t\t\t<div class=\"elementor-widget-container\">\n\t\t\t\t\t\t\t<div class=\"elementor-image-carousel-wrapper swiper\" role=\"region\" aria-roledescription=\"carousel\" aria-label=\"Image Carousel\" dir=\"ltr\">\n\t\t\t<div class=\"elementor-image-carousel swiper-wrapper\" aria-live=\"off\">\n\t\t\t\t\t\t\t\t<div class=\"swiper-slide\" role=\"group\" aria-roledescription=\"slide\" aria-label=\"1 of 6\"><a data-elementor-open-lightbox=\"yes\" data-elementor-lightbox-slideshow=\"fe9d2e9\" data-elementor-lightbox-title=\"Eder 002\" data-e-action-hash=\"#elementor-action%3Aaction%3Dlightbox%26settings%3DeyJpZCI6MTgyMCwidXJsIjoiaHR0cHM6XC9cL2tvbHBpbmdidWVobmUtd2F0dGVucy5hdFwvd3AtY29udGVudFwvdXBsb2Fkc1wvMjAyMlwvMTJcL0VkZXItMDAyLXNjYWxlZC5qcGciLCJzbGlkZXNob3ciOiJmZTlkMmU5In0%3D\" href=\"https:\/\/kolpingbuehne-wattens.at\/wp-content\/uploads\/2022\/12\/Eder-002-scaled.jpg\"><figure class=\"swiper-slide-inner\"><img decoding=\"async\" class=\"swiper-slide-image\" src=\"https:\/\/kolpingbuehne-wattens.at\/wp-content\/uploads\/elementor\/thumbs\/Eder-002-scaled-pyv314p445gk3xcpizeid6fponlykc9was1ss2s6l4.jpg\" alt=\"Eder 002\" \/><\/figure><\/a><\/div><div class=\"swiper-slide\" role=\"group\" aria-roledescription=\"slide\" aria-label=\"2 of 6\"><a data-elementor-open-lightbox=\"yes\" data-elementor-lightbox-slideshow=\"fe9d2e9\" data-elementor-lightbox-title=\"Eder 034\" data-e-action-hash=\"#elementor-action%3Aaction%3Dlightbox%26settings%3DeyJpZCI6MTgyOSwidXJsIjoiaHR0cHM6XC9cL2tvbHBpbmdidWVobmUtd2F0dGVucy5hdFwvd3AtY29udGVudFwvdXBsb2Fkc1wvMjAyMlwvMTJcL0VkZXItMDM0LXNjYWxlZC5qcGciLCJzbGlkZXNob3ciOiJmZTlkMmU5In0%3D\" href=\"https:\/\/kolpingbuehne-wattens.at\/wp-content\/uploads\/2022\/12\/Eder-034-scaled.jpg\"><figure class=\"swiper-slide-inner\"><img decoding=\"async\" class=\"swiper-slide-image\" src=\"https:\/\/kolpingbuehne-wattens.at\/wp-content\/uploads\/elementor\/thumbs\/Eder-034-scaled-pyv32ke8k1fbuh9m53qzobe2cuj5boz4tvxi6anj2w.jpg\" alt=\"Eder 034\" \/><\/figure><\/a><\/div><div class=\"swiper-slide\" role=\"group\" aria-roledescription=\"slide\" aria-label=\"3 of 6\"><a data-elementor-open-lightbox=\"yes\" data-elementor-lightbox-slideshow=\"fe9d2e9\" data-elementor-lightbox-title=\"pumuckl2_1024\" data-e-action-hash=\"#elementor-action%3Aaction%3Dlightbox%26settings%3DeyJpZCI6NzM3LCJ1cmwiOiJodHRwczpcL1wva29scGluZ2J1ZWhuZS13YXR0ZW5zLmF0XC93cC1jb250ZW50XC91cGxvYWRzXC8yMDIyXC8wNFwvcHVtdWNrbDJfMTAyNC5qcGciLCJzbGlkZXNob3ciOiJmZTlkMmU5In0%3D\" href=\"https:\/\/kolpingbuehne-wattens.at\/wp-content\/uploads\/2022\/04\/pumuckl2_1024.jpg\"><figure class=\"swiper-slide-inner\"><img decoding=\"async\" class=\"swiper-slide-image\" src=\"https:\/\/kolpingbuehne-wattens.at\/wp-content\/uploads\/elementor\/thumbs\/pumuckl2_1024-po4n7b8c52o52ospjrnc2bv5u8bl8bhot4n3co7s60.jpg\" alt=\"pumuckl2_1024\" \/><\/figure><\/a><\/div><div class=\"swiper-slide\" role=\"group\" aria-roledescription=\"slide\" aria-label=\"4 of 6\"><a data-elementor-open-lightbox=\"yes\" data-elementor-lightbox-slideshow=\"fe9d2e9\" data-elementor-lightbox-title=\"IMG_5372\" data-e-action-hash=\"#elementor-action%3Aaction%3Dlightbox%26settings%3DeyJpZCI6MzQ2NCwidXJsIjoiaHR0cHM6XC9cL2tvbHBpbmdidWVobmUtd2F0dGVucy5hdFwvd3AtY29udGVudFwvdXBsb2Fkc1wvMjAyM1wvMTFcL0lNR181MzcyLXNjYWxlZC5qcGciLCJzbGlkZXNob3ciOiJmZTlkMmU5In0%3D\" href=\"https:\/\/kolpingbuehne-wattens.at\/wp-content\/uploads\/2023\/11\/IMG_5372-scaled.jpg\"><figure class=\"swiper-slide-inner\"><img decoding=\"async\" class=\"swiper-slide-image\" src=\"https:\/\/kolpingbuehne-wattens.at\/wp-content\/uploads\/elementor\/thumbs\/IMG_5372-scaled-qetiue8gcl8h54ecjnbthxyukpnatvj57bm0ocuo9k.jpg\" alt=\"IMG_5372\" \/><\/figure><\/a><\/div><div class=\"swiper-slide\" role=\"group\" aria-roledescription=\"slide\" aria-label=\"5 of 6\"><a data-elementor-open-lightbox=\"yes\" data-elementor-lightbox-slideshow=\"fe9d2e9\" data-elementor-lightbox-title=\"IMG_5425\" data-e-action-hash=\"#elementor-action%3Aaction%3Dlightbox%26settings%3DeyJpZCI6MzQ2NiwidXJsIjoiaHR0cHM6XC9cL2tvbHBpbmdidWVobmUtd2F0dGVucy5hdFwvd3AtY29udGVudFwvdXBsb2Fkc1wvMjAyM1wvMTFcL0lNR181NDI1LXNjYWxlZC5qcGciLCJzbGlkZXNob3ciOiJmZTlkMmU5In0%3D\" href=\"https:\/\/kolpingbuehne-wattens.at\/wp-content\/uploads\/2023\/11\/IMG_5425-scaled.jpg\"><figure class=\"swiper-slide-inner\"><img decoding=\"async\" class=\"swiper-slide-image\" src=\"https:\/\/kolpingbuehne-wattens.at\/wp-content\/uploads\/elementor\/thumbs\/IMG_5425-scaled-qetiviniigrt0crmzmsrz5ro4a430uzlovnwb96qu0.jpg\" alt=\"IMG_5425\" \/><\/figure><\/a><\/div><div class=\"swiper-slide\" role=\"group\" aria-roledescription=\"slide\" aria-label=\"6 of 6\"><a data-elementor-open-lightbox=\"yes\" data-elementor-lightbox-slideshow=\"fe9d2e9\" data-elementor-lightbox-title=\"IMG_5489\" data-e-action-hash=\"#elementor-action%3Aaction%3Dlightbox%26settings%3DeyJpZCI6MzQ2OCwidXJsIjoiaHR0cHM6XC9cL2tvbHBpbmdidWVobmUtd2F0dGVucy5hdFwvd3AtY29udGVudFwvdXBsb2Fkc1wvMjAyM1wvMTFcL0lNR181NDg5LXNjYWxlZC5qcGciLCJzbGlkZXNob3ciOiJmZTlkMmU5In0%3D\" href=\"https:\/\/kolpingbuehne-wattens.at\/wp-content\/uploads\/2023\/11\/IMG_5489-scaled.jpg\"><figure class=\"swiper-slide-inner\"><img decoding=\"async\" class=\"swiper-slide-image\" src=\"https:\/\/kolpingbuehne-wattens.at\/wp-content\/uploads\/elementor\/thumbs\/IMG_5489-scaled-qetixakjf77axu6smefeopn0ihd1ka1clo0wy2jz2w.jpg\" alt=\"IMG_5489\" \/><\/figure><\/a><\/div>\t\t\t<\/div>\n\t\t\t\t\t\t\t\t\t\t\t\t<div class=\"elementor-swiper-button elementor-swiper-button-prev\" role=\"button\" tabindex=\"0\">\n\t\t\t\t\t\t<i aria-hidden=\"true\" class=\"eicon-chevron-left\"><\/i>\t\t\t\t\t<\/div>\n\t\t\t\t\t<div class=\"elementor-swiper-button elementor-swiper-button-next\" role=\"button\" tabindex=\"0\">\n\t\t\t\t\t\t<i aria-hidden=\"true\" class=\"eicon-chevron-right\"><\/i>\t\t\t\t\t<\/div>\n\t\t\t\t\n\t\t\t\t\t\t\t\t\t<div class=\"swiper-pagination\"><\/div>\n\t\t\t\t\t\t\t\t\t<\/div>\n\t\t\t\t\t\t<\/div>\n\t\t\t\t<\/div>\n\t\t\t\t\t<\/div>\n\t\t<\/div>\n\t\t\t\t\t<\/div>\n\t\t<\/section>\n\t\t\t\t<\/div>","protected":false},"excerpt":{"rendered":"<p>Inhalt Schreinermeister Eder entdeckt, dass er einen neuen Mitbewohner hat, der alles durcheinanderbringt. Ihr wisst sicher von wem die Rede ist, wenn ich euch sage, dass es ein kleiner, lustiger Kobold mit roten Haaren ist. Richtig \u2013PUMUCKL \u2013 so hei\u00dft dieser freche Geselle, dem man eigentlich gar nicht richtig b\u00f6se sein kann. Am liebsten treibt&hellip;&nbsp;<a href=\"https:\/\/kolpingbuehne-wattens.at\/en\/meister-eder-und-sein-pumuckl\/\" class=\"\" rel=\"bookmark\">Read More &raquo;<span class=\"screen-reader-text\">Meister Eder und sein Pumuckl<\/span><\/a><\/p>","protected":false},"author":2,"featured_media":0,"parent":0,"menu_order":0,"comment_status":"closed","ping_status":"closed","template":"","meta":{"neve_meta_sidebar":"","neve_meta_container":"","neve_meta_enable_content_width":"","neve_meta_content_width":0,"neve_meta_title_alignment":"","neve_meta_author_avatar":"","neve_post_elements_order":"","neve_meta_disable_header":"","neve_meta_disable_footer":"","neve_meta_disable_title":"","footnotes":""},"class_list":["post-735","page","type-page","status-publish","hentry"],"jetpack_sharing_enabled":true,"_links":{"self":[{"href":"https:\/\/kolpingbuehne-wattens.at\/en\/wp-json\/wp\/v2\/pages\/735","targetHints":{"allow":["GET"]}}],"collection":[{"href":"https:\/\/kolpingbuehne-wattens.at\/en\/wp-json\/wp\/v2\/pages"}],"about":[{"href":"https:\/\/kolpingbuehne-wattens.at\/en\/wp-json\/wp\/v2\/types\/page"}],"author":[{"embeddable":true,"href":"https:\/\/kolpingbuehne-wattens.at\/en\/wp-json\/wp\/v2\/users\/2"}],"replies":[{"embeddable":true,"href":"https:\/\/kolpingbuehne-wattens.at\/en\/wp-json\/wp\/v2\/comments?post=735"}],"version-history":[{"count":25,"href":"https:\/\/kolpingbuehne-wattens.at\/en\/wp-json\/wp\/v2\/pages\/735\/revisions"}],"predecessor-version":[{"id":3779,"href":"https:\/\/kolpingbuehne-wattens.at\/en\/wp-json\/wp\/v2\/pages\/735\/revisions\/3779"}],"wp:attachment":[{"href":"https:\/\/kolpingbuehne-wattens.at\/en\/wp-json\/wp\/v2\/media?parent=735"}],"curies":[{"name":"wp","href":"https:\/\/api.w.org\/{rel}","templated":true}]}}