{"id":655,"date":"2022-04-30T14:27:09","date_gmt":"2022-04-30T12:27:09","guid":{"rendered":"http:\/\/kolpingbuehne-wattens.at\/?page_id=655"},"modified":"2024-01-03T02:55:01","modified_gmt":"2024-01-03T01:55:01","slug":"der-prinz-von-pumpelonien","status":"publish","type":"page","link":"https:\/\/kolpingbuehne-wattens.at\/en\/der-prinz-von-pumpelonien\/","title":{"rendered":"Der Prinz von Pumpelonien"},"content":{"rendered":"<div data-elementor-type=\"wp-page\" data-elementor-id=\"655\" class=\"elementor elementor-655\">\n\t\t\t\t\t\t<section class=\"elementor-section elementor-top-section elementor-element elementor-element-28d05ff8 elementor-section-boxed elementor-section-height-default elementor-section-height-default\" data-id=\"28d05ff8\" data-element_type=\"section\" data-e-type=\"section\">\n\t\t\t\t\t\t<div class=\"elementor-container elementor-column-gap-default\">\n\t\t\t\t\t<div class=\"elementor-column elementor-col-100 elementor-top-column elementor-element elementor-element-a64218c\" data-id=\"a64218c\" data-element_type=\"column\" data-e-type=\"column\">\n\t\t\t<div class=\"elementor-widget-wrap elementor-element-populated\">\n\t\t\t\t\t\t<div class=\"elementor-element elementor-element-5eb17996 elementor-widget elementor-widget-heading\" data-id=\"5eb17996\" data-element_type=\"widget\" data-e-type=\"widget\" data-widget_type=\"heading.default\">\n\t\t\t\t<div class=\"elementor-widget-container\">\n\t\t\t\t\t<h3 class=\"elementor-heading-title elementor-size-medium\">Inhalt<\/h3>\t\t\t\t<\/div>\n\t\t\t\t<\/div>\n\t\t\t\t<div class=\"elementor-element elementor-element-73872f12 elementor-widget elementor-widget-text-editor\" data-id=\"73872f12\" data-element_type=\"widget\" data-e-type=\"widget\" data-widget_type=\"text-editor.default\">\n\t\t\t\t<div class=\"elementor-widget-container\">\n\t\t\t\t\t\t\t\t\t<p>Es steht finanziell schlecht um\u00a0Pumpelonien, was kein Wunder ist, da der K\u00f6nig lieber \u201eMensch-\u00e4rgere-dich-nicht\u201c spielt, als zu regieren. <br \/>Auch sein Sohn Prinz Pumpel hegt keinerlei Ambitionen, sich um die Staatsgesch\u00e4fte zu k\u00fcmmern.<\/p><p>Mit dem friedlichen Leben im K\u00f6nigreich ist es ein f\u00fcr allemal vorbei als die kratzb\u00fcrstige aber reiche Prinzessin Pimpinella aus Pipinien ihren Besuch ank\u00fcndigt,<br \/>um den Prinzen zu heiraten wie es vor Jahren vereinbart wurde. Der aber hat sich in Mariechen, die Tochter des G\u00e4rtners, verliebt .<\/p><p>Als dann auch noch der gef\u00fcrchtete Drache Fidibus aus einem langen tiefen Schlaf erwacht und Pimpinella entf\u00fchrt, ist nichts mehr so wie es einmal war. <br \/>Prinz Pumpel macht sich auf den Weg um den Drachen zu besiegen und die Prinzessin zu befreien. <br \/>Noch ahnt er nicht, dass Fidibus ein verzauberter Drache ist und ein b\u00f6ser Fluch auf ihm lastet&#8230;.<\/p>\t\t\t\t\t\t\t\t<\/div>\n\t\t\t\t<\/div>\n\t\t\t\t<div class=\"elementor-element elementor-element-df22770 elementor-widget elementor-widget-heading\" data-id=\"df22770\" data-element_type=\"widget\" data-e-type=\"widget\" data-widget_type=\"heading.default\">\n\t\t\t\t<div class=\"elementor-widget-container\">\n\t\t\t\t\t<h2 class=\"elementor-heading-title elementor-size-medium\">Mitwirkende<\/h2>\t\t\t\t<\/div>\n\t\t\t\t<\/div>\n\t\t\t\t<section class=\"elementor-section elementor-inner-section elementor-element elementor-element-5d86728 elementor-section-boxed elementor-section-height-default elementor-section-height-default\" data-id=\"5d86728\" data-element_type=\"section\" data-e-type=\"section\">\n\t\t\t\t\t\t<div class=\"elementor-container elementor-column-gap-default\">\n\t\t\t\t\t<div class=\"elementor-column elementor-col-50 elementor-inner-column elementor-element elementor-element-72ac3dd\" data-id=\"72ac3dd\" data-element_type=\"column\" data-e-type=\"column\">\n\t\t\t<div class=\"elementor-widget-wrap elementor-element-populated\">\n\t\t\t\t\t\t<div class=\"elementor-element elementor-element-d142855 elementor-widget elementor-widget-text-editor\" data-id=\"d142855\" data-element_type=\"widget\" data-e-type=\"widget\" data-widget_type=\"text-editor.default\">\n\t\t\t\t<div class=\"elementor-widget-container\">\n\t\t\t\t\t\t\t\t\t<p>K\u00f6nig Pumpel der XV. von Pumpelonien<br \/>K\u00f6nigin Elodie von Pumpelonien<br \/>Prinz Pumpel von Pumpelonien<br \/>Mariechen, G\u00e4rtnerin von Pumpelonien<br \/>K\u00f6nig Pimpi von Pipinien<br \/>K\u00f6nigin Bertlinde von Pipinien<br \/>Prinzessin Pimpinella von Pipinien<br \/>Ping\u00a0<br \/>Pong<br \/>Gelato Gelatini, Eismann<br \/>Der Drache Fidibus<br \/>Der stachelige Bibberb\u00e4r<br \/>Der Rabe Noro, k\u00f6niglicher Kundschafter<br \/>Der Kater Bumbibol, k\u00f6niglicher M\u00e4usef\u00e4nger<br \/>Ameisenarmee<br \/><br \/><br \/><br \/><\/p><p>Regie<br \/>Co-Regie<br \/>B\u00fchnenbau<br \/>Beleuchtung und Technik<br \/><br \/>Maske<br \/><br \/>Kost\u00fcme<br \/>Musikalische Leitung<\/p>\t\t\t\t\t\t\t\t<\/div>\n\t\t\t\t<\/div>\n\t\t\t\t\t<\/div>\n\t\t<\/div>\n\t\t\t\t<div class=\"elementor-column elementor-col-50 elementor-inner-column elementor-element elementor-element-fc9d872\" data-id=\"fc9d872\" data-element_type=\"column\" data-e-type=\"column\">\n\t\t\t<div class=\"elementor-widget-wrap elementor-element-populated\">\n\t\t\t\t\t\t<div class=\"elementor-element elementor-element-67d8158 elementor-widget elementor-widget-text-editor\" data-id=\"67d8158\" data-element_type=\"widget\" data-e-type=\"widget\" data-widget_type=\"text-editor.default\">\n\t\t\t\t<div class=\"elementor-widget-container\">\n\t\t\t\t\t\t\t\t\t<p>Robert Egger<br \/>Angelika Beirer<br \/>Johannes Egger<br \/>Mira Krenn<br \/>Roland Egger<br \/>Kristin Planckh<br \/>Anja Troppmair<br \/>Simon Klotz<br \/>Simon Marko<br \/>Lukas Egger<br \/>Clemens Unteregger<br \/>Iris Unterberger<br \/>Carina Prem<br \/>Bettina Strolz<br \/>Anna Marko<br \/>Florentina Unteregger<br \/>Viktoria Schmerbeck<br \/>Larissa Stocker<\/p><p>Silvia Huber<br \/>Helene Mautner<br \/>Wolfgang Scheiber<br \/>Daniel Stocker<br \/>Markus Stocker<br \/>Kristin Planckh<br \/>Angelika Beirer<br \/>Birgit Klotz<br \/>Wolfgang Unterkirchner<\/p>\t\t\t\t\t\t\t\t<\/div>\n\t\t\t\t<\/div>\n\t\t\t\t\t<\/div>\n\t\t<\/div>\n\t\t\t\t\t<\/div>\n\t\t<\/section>\n\t\t\t\t<div class=\"elementor-element elementor-element-458a8839 elementor-widget elementor-widget-heading\" data-id=\"458a8839\" data-element_type=\"widget\" data-e-type=\"widget\" data-widget_type=\"heading.default\">\n\t\t\t\t<div class=\"elementor-widget-container\">\n\t\t\t\t\t<h3 class=\"elementor-heading-title elementor-size-medium\">Termine &amp; Veranstaltungsort<\/h3>\t\t\t\t<\/div>\n\t\t\t\t<\/div>\n\t\t\t\t<section class=\"elementor-section elementor-inner-section elementor-element elementor-element-2e1d0c0c elementor-section-boxed elementor-section-height-default elementor-section-height-default\" data-id=\"2e1d0c0c\" data-element_type=\"section\" data-e-type=\"section\">\n\t\t\t\t\t\t<div class=\"elementor-container elementor-column-gap-default\">\n\t\t\t\t\t<div class=\"elementor-column elementor-col-50 elementor-inner-column elementor-element elementor-element-270a9cbe\" data-id=\"270a9cbe\" data-element_type=\"column\" data-e-type=\"column\">\n\t\t\t<div class=\"elementor-widget-wrap elementor-element-populated\">\n\t\t\t\t\t\t<div class=\"elementor-element elementor-element-66a239d7 elementor-icon-list--layout-traditional elementor-list-item-link-full_width elementor-widget elementor-widget-icon-list\" data-id=\"66a239d7\" data-element_type=\"widget\" data-e-type=\"widget\" data-widget_type=\"icon-list.default\">\n\t\t\t\t<div class=\"elementor-widget-container\">\n\t\t\t\t\t\t\t<ul class=\"elementor-icon-list-items\">\n\t\t\t\t\t\t\t<li class=\"elementor-icon-list-item\">\n\t\t\t\t\t\t\t\t\t\t\t<span class=\"elementor-icon-list-icon\">\n\t\t\t\t\t\t\t<i aria-hidden=\"true\" class=\"far fa-calendar-check\"><\/i>\t\t\t\t\t\t<\/span>\n\t\t\t\t\t\t\t\t\t\t<span class=\"elementor-icon-list-text\">15.11.2015, Sonntag 15:00 Uhr<\/span>\n\t\t\t\t\t\t\t\t\t<\/li>\n\t\t\t\t\t\t\t\t<li class=\"elementor-icon-list-item\">\n\t\t\t\t\t\t\t\t\t\t\t<span class=\"elementor-icon-list-icon\">\n\t\t\t\t\t\t\t<i aria-hidden=\"true\" class=\"far fa-calendar-check\"><\/i>\t\t\t\t\t\t<\/span>\n\t\t\t\t\t\t\t\t\t\t<span class=\"elementor-icon-list-text\">22.11.2015, Sonntag 15:00 Uhr<\/span>\n\t\t\t\t\t\t\t\t\t<\/li>\n\t\t\t\t\t\t\t\t<li class=\"elementor-icon-list-item\">\n\t\t\t\t\t\t\t\t\t\t\t<span class=\"elementor-icon-list-icon\">\n\t\t\t\t\t\t\t<i aria-hidden=\"true\" class=\"far fa-calendar-check\"><\/i>\t\t\t\t\t\t<\/span>\n\t\t\t\t\t\t\t\t\t\t<span class=\"elementor-icon-list-text\">29.11.2015, Sonntag 15:00 Uhr<\/span>\n\t\t\t\t\t\t\t\t\t<\/li>\n\t\t\t\t\t\t\t\t<li class=\"elementor-icon-list-item\">\n\t\t\t\t\t\t\t\t\t\t\t<span class=\"elementor-icon-list-icon\">\n\t\t\t\t\t\t\t<i aria-hidden=\"true\" class=\"far fa-calendar-check\"><\/i>\t\t\t\t\t\t<\/span>\n\t\t\t\t\t\t\t\t\t\t<span class=\"elementor-icon-list-text\">06.12.2015, Sonntag 15:00 Uhr<\/span>\n\t\t\t\t\t\t\t\t\t<\/li>\n\t\t\t\t\t\t<\/ul>\n\t\t\t\t\t\t<\/div>\n\t\t\t\t<\/div>\n\t\t\t\t\t<\/div>\n\t\t<\/div>\n\t\t\t\t<div class=\"elementor-column elementor-col-50 elementor-inner-column elementor-element elementor-element-16b5bff6\" data-id=\"16b5bff6\" data-element_type=\"column\" data-e-type=\"column\">\n\t\t\t<div class=\"elementor-widget-wrap elementor-element-populated\">\n\t\t\t\t\t\t<div class=\"elementor-element elementor-element-f62df76 elementor-icon-list--layout-traditional elementor-list-item-link-full_width elementor-widget elementor-widget-icon-list\" data-id=\"f62df76\" data-element_type=\"widget\" data-e-type=\"widget\" data-widget_type=\"icon-list.default\">\n\t\t\t\t<div class=\"elementor-widget-container\">\n\t\t\t\t\t\t\t<ul class=\"elementor-icon-list-items\">\n\t\t\t\t\t\t\t<li class=\"elementor-icon-list-item\">\n\t\t\t\t\t\t\t\t\t\t\t<span class=\"elementor-icon-list-icon\">\n\t\t\t\t\t\t\t<i aria-hidden=\"true\" class=\"far fa-calendar-check\"><\/i>\t\t\t\t\t\t<\/span>\n\t\t\t\t\t\t\t\t\t\t<span class=\"elementor-icon-list-text\">21.11.2015, Samstag 15:00 Uhr<\/span>\n\t\t\t\t\t\t\t\t\t<\/li>\n\t\t\t\t\t\t\t\t<li class=\"elementor-icon-list-item\">\n\t\t\t\t\t\t\t\t\t\t\t<span class=\"elementor-icon-list-icon\">\n\t\t\t\t\t\t\t<i aria-hidden=\"true\" class=\"far fa-calendar-check\"><\/i>\t\t\t\t\t\t<\/span>\n\t\t\t\t\t\t\t\t\t\t<span class=\"elementor-icon-list-text\">28.11.2015, Samstag 15:00 Uhr<\/span>\n\t\t\t\t\t\t\t\t\t<\/li>\n\t\t\t\t\t\t\t\t<li class=\"elementor-icon-list-item\">\n\t\t\t\t\t\t\t\t\t\t\t<span class=\"elementor-icon-list-icon\">\n\t\t\t\t\t\t\t<i aria-hidden=\"true\" class=\"far fa-calendar-check\"><\/i>\t\t\t\t\t\t<\/span>\n\t\t\t\t\t\t\t\t\t\t<span class=\"elementor-icon-list-text\">05.12.2015, Samstag 15:00 Uhr<\/span>\n\t\t\t\t\t\t\t\t\t<\/li>\n\t\t\t\t\t\t<\/ul>\n\t\t\t\t\t\t<\/div>\n\t\t\t\t<\/div>\n\t\t\t\t\t<\/div>\n\t\t<\/div>\n\t\t\t\t\t<\/div>\n\t\t<\/section>\n\t\t\t\t<div class=\"elementor-element elementor-element-4402d841 elementor-widget elementor-widget-text-editor\" data-id=\"4402d841\" data-element_type=\"widget\" data-e-type=\"widget\" data-widget_type=\"text-editor.default\">\n\t\t\t\t<div class=\"elementor-widget-container\">\n\t\t\t\t\t\t\t\t\t<p>6112, Wattens, Kirchplatz 2 (Pater Gapp Jugendhaus)<\/p>\t\t\t\t\t\t\t\t<\/div>\n\t\t\t\t<\/div>\n\t\t\t\t<div class=\"elementor-element elementor-element-f0b476e elementor-widget elementor-widget-heading\" data-id=\"f0b476e\" data-element_type=\"widget\" data-e-type=\"widget\" data-widget_type=\"heading.default\">\n\t\t\t\t<div class=\"elementor-widget-container\">\n\t\t\t\t\t<h2 class=\"elementor-heading-title elementor-size-medium\">Einblicke<\/h2>\t\t\t\t<\/div>\n\t\t\t\t<\/div>\n\t\t\t\t<div class=\"elementor-element elementor-element-1b6cf7f8 elementor-arrows-position-inside elementor-pagination-position-outside elementor-widget elementor-widget-image-carousel\" data-id=\"1b6cf7f8\" data-element_type=\"widget\" data-e-type=\"widget\" data-settings=\"{&quot;navigation&quot;:&quot;both&quot;,&quot;autoplay&quot;:&quot;yes&quot;,&quot;pause_on_hover&quot;:&quot;yes&quot;,&quot;pause_on_interaction&quot;:&quot;yes&quot;,&quot;autoplay_speed&quot;:5000,&quot;infinite&quot;:&quot;yes&quot;,&quot;speed&quot;:500}\" data-widget_type=\"image-carousel.default\">\n\t\t\t\t<div class=\"elementor-widget-container\">\n\t\t\t\t\t\t\t<div class=\"elementor-image-carousel-wrapper swiper\" role=\"region\" aria-roledescription=\"carousel\" aria-label=\"Bild Karussell\" dir=\"ltr\">\n\t\t\t<div class=\"elementor-image-carousel swiper-wrapper\" aria-live=\"off\">\n\t\t\t\t\t\t\t\t<div class=\"swiper-slide\" role=\"group\" aria-roledescription=\"slide\" aria-label=\"1 von 3\"><a data-elementor-open-lightbox=\"yes\" data-elementor-lightbox-slideshow=\"1b6cf7f8\" data-elementor-lightbox-title=\"pumpelonien_1\" data-e-action-hash=\"#elementor-action%3Aaction%3Dlightbox%26settings%3DeyJpZCI6NjYwLCJ1cmwiOiJodHRwczpcL1wva29scGluZ2J1ZWhuZS13YXR0ZW5zLmF0XC93cC1jb250ZW50XC91cGxvYWRzXC8yMDIyXC8wNFwvcHVtcGVsb25pZW5fMS5wbmciLCJzbGlkZXNob3ciOiIxYjZjZjdmOCJ9\" href=\"https:\/\/kolpingbuehne-wattens.at\/wp-content\/uploads\/2022\/04\/pumpelonien_1.png\"><figure class=\"swiper-slide-inner\"><img decoding=\"async\" class=\"swiper-slide-image\" src=\"https:\/\/kolpingbuehne-wattens.at\/wp-content\/uploads\/elementor\/thumbs\/pumpelonien_1-po4khk0h3v32zm8hxbf1cpz44xenee5ms0331shh64.png\" alt=\"pumpelonien_1\" \/><\/figure><\/a><\/div><div class=\"swiper-slide\" role=\"group\" aria-roledescription=\"slide\" aria-label=\"2 von 3\"><a data-elementor-open-lightbox=\"yes\" data-elementor-lightbox-slideshow=\"1b6cf7f8\" data-elementor-lightbox-title=\"pumpelonien_2x\" data-e-action-hash=\"#elementor-action%3Aaction%3Dlightbox%26settings%3DeyJpZCI6NjYzLCJ1cmwiOiJodHRwczpcL1wva29scGluZ2J1ZWhuZS13YXR0ZW5zLmF0XC93cC1jb250ZW50XC91cGxvYWRzXC8yMDIyXC8wNFwvcHVtcGVsb25pZW5fMngucG5nIiwic2xpZGVzaG93IjoiMWI2Y2Y3ZjgifQ%3D%3D\" href=\"https:\/\/kolpingbuehne-wattens.at\/wp-content\/uploads\/2022\/04\/pumpelonien_2x.png\"><figure class=\"swiper-slide-inner\"><img decoding=\"async\" class=\"swiper-slide-image\" src=\"https:\/\/kolpingbuehne-wattens.at\/wp-content\/uploads\/elementor\/thumbs\/pumpelonien_2x-po4kk9roumswj2ai2ho8k1b1x00tmwxptfxkykgj70.png\" alt=\"pumpelonien_2x\" \/><\/figure><\/a><\/div><div class=\"swiper-slide\" role=\"group\" aria-roledescription=\"slide\" aria-label=\"3 von 3\"><a data-elementor-open-lightbox=\"yes\" data-elementor-lightbox-slideshow=\"1b6cf7f8\" data-elementor-lightbox-title=\"pumpelonien_3\" data-e-action-hash=\"#elementor-action%3Aaction%3Dlightbox%26settings%3DeyJpZCI6NjYyLCJ1cmwiOiJodHRwczpcL1wva29scGluZ2J1ZWhuZS13YXR0ZW5zLmF0XC93cC1jb250ZW50XC91cGxvYWRzXC8yMDIyXC8wNFwvcHVtcGVsb25pZW5fMy5wbmciLCJzbGlkZXNob3ciOiIxYjZjZjdmOCJ9\" href=\"https:\/\/kolpingbuehne-wattens.at\/wp-content\/uploads\/2022\/04\/pumpelonien_3.png\"><figure class=\"swiper-slide-inner\"><img decoding=\"async\" class=\"swiper-slide-image\" src=\"https:\/\/kolpingbuehne-wattens.at\/wp-content\/uploads\/elementor\/thumbs\/pumpelonien_3-po4khlw5hj5nmu5rmc8ahpi1bp5dtsd3g9e20ceoto.png\" alt=\"pumpelonien_3\" \/><\/figure><\/a><\/div>\t\t\t<\/div>\n\t\t\t\t\t\t\t\t\t\t\t\t<div class=\"elementor-swiper-button elementor-swiper-button-prev\" role=\"button\" tabindex=\"0\">\n\t\t\t\t\t\t<i aria-hidden=\"true\" class=\"eicon-chevron-left\"><\/i>\t\t\t\t\t<\/div>\n\t\t\t\t\t<div class=\"elementor-swiper-button elementor-swiper-button-next\" role=\"button\" tabindex=\"0\">\n\t\t\t\t\t\t<i aria-hidden=\"true\" class=\"eicon-chevron-right\"><\/i>\t\t\t\t\t<\/div>\n\t\t\t\t\n\t\t\t\t\t\t\t\t\t<div class=\"swiper-pagination\"><\/div>\n\t\t\t\t\t\t\t\t\t<\/div>\n\t\t\t\t\t\t<\/div>\n\t\t\t\t<\/div>\n\t\t\t\t\t<\/div>\n\t\t<\/div>\n\t\t\t\t\t<\/div>\n\t\t<\/section>\n\t\t\t\t<\/div>","protected":false},"excerpt":{"rendered":"<p>Inhalt Es steht finanziell schlecht um\u00a0Pumpelonien, was kein Wunder ist, da der K\u00f6nig lieber \u201eMensch-\u00e4rgere-dich-nicht\u201c spielt, als zu regieren. Auch sein Sohn Prinz Pumpel hegt keinerlei Ambitionen, sich um die Staatsgesch\u00e4fte zu k\u00fcmmern. Mit dem friedlichen Leben im K\u00f6nigreich ist es ein f\u00fcr allemal vorbei als die kratzb\u00fcrstige aber reiche Prinzessin Pimpinella aus Pipinien ihren&hellip;&nbsp;<a href=\"https:\/\/kolpingbuehne-wattens.at\/en\/der-prinz-von-pumpelonien\/\" class=\"\" rel=\"bookmark\">Read More &raquo;<span class=\"screen-reader-text\">Der Prinz von Pumpelonien<\/span><\/a><\/p>","protected":false},"author":2,"featured_media":0,"parent":0,"menu_order":0,"comment_status":"closed","ping_status":"closed","template":"","meta":{"neve_meta_sidebar":"","neve_meta_container":"","neve_meta_enable_content_width":"","neve_meta_content_width":0,"neve_meta_title_alignment":"","neve_meta_author_avatar":"","neve_post_elements_order":"","neve_meta_disable_header":"","neve_meta_disable_footer":"","neve_meta_disable_title":"","footnotes":""},"class_list":["post-655","page","type-page","status-publish","hentry"],"jetpack_sharing_enabled":true,"_links":{"self":[{"href":"https:\/\/kolpingbuehne-wattens.at\/en\/wp-json\/wp\/v2\/pages\/655","targetHints":{"allow":["GET"]}}],"collection":[{"href":"https:\/\/kolpingbuehne-wattens.at\/en\/wp-json\/wp\/v2\/pages"}],"about":[{"href":"https:\/\/kolpingbuehne-wattens.at\/en\/wp-json\/wp\/v2\/types\/page"}],"author":[{"embeddable":true,"href":"https:\/\/kolpingbuehne-wattens.at\/en\/wp-json\/wp\/v2\/users\/2"}],"replies":[{"embeddable":true,"href":"https:\/\/kolpingbuehne-wattens.at\/en\/wp-json\/wp\/v2\/comments?post=655"}],"version-history":[{"count":13,"href":"https:\/\/kolpingbuehne-wattens.at\/en\/wp-json\/wp\/v2\/pages\/655\/revisions"}],"predecessor-version":[{"id":3793,"href":"https:\/\/kolpingbuehne-wattens.at\/en\/wp-json\/wp\/v2\/pages\/655\/revisions\/3793"}],"wp:attachment":[{"href":"https:\/\/kolpingbuehne-wattens.at\/en\/wp-json\/wp\/v2\/media?parent=655"}],"curies":[{"name":"wp","href":"https:\/\/api.w.org\/{rel}","templated":true}]}}