{"id":5215,"date":"2026-03-05T19:26:00","date_gmt":"2026-03-05T18:26:00","guid":{"rendered":"https:\/\/kolpingbuehne-wattens.at\/?page_id=5215"},"modified":"2026-03-05T23:32:10","modified_gmt":"2026-03-05T22:32:10","slug":"ronja-raeubertochter-2","status":"publish","type":"page","link":"https:\/\/kolpingbuehne-wattens.at\/en\/ronja-raeubertochter-2\/","title":{"rendered":"Ronja R\u00e4ubertochter"},"content":{"rendered":"<div data-elementor-type=\"wp-page\" data-elementor-id=\"5215\" class=\"elementor elementor-5215\">\n\t\t\t\t\t\t<section class=\"elementor-section elementor-top-section elementor-element elementor-element-3af593d elementor-section-boxed elementor-section-height-default elementor-section-height-default\" data-id=\"3af593d\" data-element_type=\"section\" data-e-type=\"section\">\n\t\t\t\t\t\t<div class=\"elementor-container elementor-column-gap-default\">\n\t\t\t\t\t<div class=\"elementor-column elementor-col-100 elementor-top-column elementor-element elementor-element-1e9801b\" data-id=\"1e9801b\" data-element_type=\"column\" data-e-type=\"column\">\n\t\t\t<div class=\"elementor-widget-wrap elementor-element-populated\">\n\t\t\t\t\t\t<div class=\"elementor-element elementor-element-e65284a elementor-widget elementor-widget-heading\" data-id=\"e65284a\" data-element_type=\"widget\" data-e-type=\"widget\" data-widget_type=\"heading.default\">\n\t\t\t\t<div class=\"elementor-widget-container\">\n\t\t\t\t\t<h2 class=\"elementor-heading-title elementor-size-default\">Inhalt<\/h2>\t\t\t\t<\/div>\n\t\t\t\t<\/div>\n\t\t\t\t<div class=\"elementor-element elementor-element-e468f69 elementor-widget elementor-widget-text-editor\" data-id=\"e468f69\" data-element_type=\"widget\" data-e-type=\"widget\" data-widget_type=\"text-editor.default\">\n\t\t\t\t<div class=\"elementor-widget-container\">\n\t\t\t\t\t\t\t\t\t<p data-start=\"131\" data-end=\"198\">Ein Theaterst\u00fcck nach dem Kinderbuchklassiker von Astrid Lindgren<\/p><p data-start=\"223\" data-end=\"306\"><strong data-start=\"223\" data-end=\"304\">Mutig, wild und voller Abenteuer \u2013 ein Theatererlebnis f\u00fcr die ganze Familie!<\/strong><\/p><p data-start=\"308\" data-end=\"622\">Im Herzen des Mattiswaldes w\u00e4chst Ronja auf, die Tochter des R\u00e4uberhauptmanns Mattis. Sie liebt es, durch W\u00e4lder und Schluchten zu streifen, geheimnisvolle Gesch\u00f6pfe zu entdecken und die Freiheit der Natur zu genie\u00dfen. Doch ihr Leben ver\u00e4ndert sich, als sie Birk begegnet \u2013 dem Sohn der verfeindeten Borkar\u00e4uber.<\/p><p data-start=\"624\" data-end=\"913\">Was mit Streit beginnt, entwickelt sich zu einer ungew\u00f6hnlichen Freundschaft. Gemeinsam wagen die beiden Kinder, gegen die Feindschaft ihrer Familien anzuk\u00e4mpfen. Sie stellen sich Gefahren, treffen mutige Entscheidungen und finden ihren eigenen Weg \u2013 voller Abenteuer, Freiheit und Herz.<\/p><p data-start=\"915\" data-end=\"1238\">Unsere Inszenierung bringt Astrid Lindgrens weltber\u00fchmten Kinderbuchklassiker mit Spannung, Humor und poetischen Bildern auf die B\u00fchne. Ein St\u00fcck \u00fcber Freundschaft, Zusammenhalt und den Mut, f\u00fcr das Richtige einzustehen \u2013 f\u00fcr Kinder ab 5 Jahren, Eltern, Gro\u00dfeltern und alle, die Geschichten lieben, die das Herz ber\u00fchren.<\/p><p data-start=\"652\" data-end=\"844\">\u201eEs gibt so vieles, das man f\u00fcrchten kann, wenn man nicht den Mut hat, es zu erproben.\u201c \u2013 Ronja<\/p>\t\t\t\t\t\t\t\t<\/div>\n\t\t\t\t<\/div>\n\t\t\t\t<div class=\"elementor-element elementor-element-96b45d5 elementor-widget elementor-widget-heading\" data-id=\"96b45d5\" data-element_type=\"widget\" data-e-type=\"widget\" data-widget_type=\"heading.default\">\n\t\t\t\t<div class=\"elementor-widget-container\">\n\t\t\t\t\t<h2 class=\"elementor-heading-title elementor-size-default\">Mitwirkende<\/h2>\t\t\t\t<\/div>\n\t\t\t\t<\/div>\n\t\t\t\t<section class=\"elementor-section elementor-inner-section elementor-element elementor-element-6f68423 elementor-section-boxed elementor-section-height-default elementor-section-height-default\" data-id=\"6f68423\" data-element_type=\"section\" data-e-type=\"section\">\n\t\t\t\t\t\t<div class=\"elementor-container elementor-column-gap-default\">\n\t\t\t\t\t<div class=\"elementor-column elementor-col-50 elementor-inner-column elementor-element elementor-element-737e2f5\" data-id=\"737e2f5\" data-element_type=\"column\" data-e-type=\"column\">\n\t\t\t<div class=\"elementor-widget-wrap elementor-element-populated\">\n\t\t\t\t\t\t<div class=\"elementor-element elementor-element-c58a6df elementor-widget elementor-widget-text-editor\" data-id=\"c58a6df\" data-element_type=\"widget\" data-e-type=\"widget\" data-widget_type=\"text-editor.default\">\n\t\t\t\t<div class=\"elementor-widget-container\">\n\t\t\t\t\t\t\t\t\t<p>Ronja<br \/>Mattis<br \/>Lovis<br \/>Glatzen Peer<br \/>Klein Klipp<br \/>Birk<br \/>Borka<br \/>Rumpelwichte<br \/>Wilddrude<br \/>Pelle<br \/>Undis<br \/>Rumpelwichte &amp; Grausedruden<\/p><p>Regie<br \/>Regieassistenz<br \/>Kost\u00fcme<br \/>Licht &amp; Ton<br \/><br \/>Maske<br \/>B\u00fchnenbild<br \/>Organisation<br \/>Social Media &amp; Plakat<\/p>\t\t\t\t\t\t\t\t<\/div>\n\t\t\t\t<\/div>\n\t\t\t\t\t<\/div>\n\t\t<\/div>\n\t\t\t\t<div class=\"elementor-column elementor-col-50 elementor-inner-column elementor-element elementor-element-75c55e2\" data-id=\"75c55e2\" data-element_type=\"column\" data-e-type=\"column\">\n\t\t\t<div class=\"elementor-widget-wrap elementor-element-populated\">\n\t\t\t\t\t\t<div class=\"elementor-element elementor-element-953d941 elementor-widget elementor-widget-text-editor\" data-id=\"953d941\" data-element_type=\"widget\" data-e-type=\"widget\" data-widget_type=\"text-editor.default\">\n\t\t\t\t<div class=\"elementor-widget-container\">\n\t\t\t\t\t\t\t\t\t<p>Lia Eller<br \/>Johannes Egger<br \/>Kristin Planckh<br \/>Robert Egger<br \/>Simon Klotz<br \/>Johannes Klotz<br \/>Daniel Lechner<br \/>Helene Mautner &amp; Maximilian Planckh<br \/>Stefanie Maderb\u00f6k<br \/>Clemens Unteregger<br \/>Anja Troppmair<br \/>Greta Maderb\u00f6k, Isabella Mautner, Emma Planckh, Greta Riml<\/p><p>Wolfgang Scheiber<br \/>Kristin Planckh<br \/>Birgit Klotz<br \/>Daniel &amp; Markus Stocker, Simon Klotz, Roland Erler, Michael Planckh<br \/>Stefanie Maderb\u00f6k<br \/>Wolfgang Scheiber, Robert Egger, Simon Klotz<br \/>Georg Aichner<br \/>Anja Troppmair, Simon Klotz<\/p>\t\t\t\t\t\t\t\t<\/div>\n\t\t\t\t<\/div>\n\t\t\t\t\t<\/div>\n\t\t<\/div>\n\t\t\t\t\t<\/div>\n\t\t<\/section>\n\t\t\t\t<div class=\"elementor-element elementor-element-bf6ba5e elementor-widget elementor-widget-heading\" data-id=\"bf6ba5e\" data-element_type=\"widget\" data-e-type=\"widget\" data-widget_type=\"heading.default\">\n\t\t\t\t<div class=\"elementor-widget-container\">\n\t\t\t\t\t<h2 class=\"elementor-heading-title elementor-size-default\">Einblicke<\/h2>\t\t\t\t<\/div>\n\t\t\t\t<\/div>\n\t\t\t\t<div class=\"elementor-element elementor-element-49c5737 elementor-arrows-position-inside elementor-pagination-position-outside elementor-widget elementor-widget-image-carousel\" data-id=\"49c5737\" data-element_type=\"widget\" data-e-type=\"widget\" data-settings=\"{&quot;navigation&quot;:&quot;both&quot;,&quot;autoplay&quot;:&quot;yes&quot;,&quot;pause_on_hover&quot;:&quot;yes&quot;,&quot;pause_on_interaction&quot;:&quot;yes&quot;,&quot;autoplay_speed&quot;:5000,&quot;infinite&quot;:&quot;yes&quot;,&quot;speed&quot;:500}\" data-widget_type=\"image-carousel.default\">\n\t\t\t\t<div class=\"elementor-widget-container\">\n\t\t\t\t\t\t\t<div class=\"elementor-image-carousel-wrapper swiper\" role=\"region\" aria-roledescription=\"carousel\" aria-label=\"Bild Karussell\" dir=\"ltr\">\n\t\t\t<div class=\"elementor-image-carousel swiper-wrapper\" aria-live=\"off\">\n\t\t\t\t\t\t\t\t<div class=\"swiper-slide\" role=\"group\" aria-roledescription=\"slide\" aria-label=\"1 von 8\"><figure class=\"swiper-slide-inner\"><img decoding=\"async\" class=\"swiper-slide-image\" src=\"https:\/\/kolpingbuehne-wattens.at\/wp-content\/uploads\/2025\/12\/ssssdasdasd-8-768x768.jpg\" alt=\"ssssdasdasd (8)\" \/><\/figure><\/div><div class=\"swiper-slide\" role=\"group\" aria-roledescription=\"slide\" aria-label=\"2 von 8\"><figure class=\"swiper-slide-inner\"><img decoding=\"async\" class=\"swiper-slide-image\" src=\"https:\/\/kolpingbuehne-wattens.at\/wp-content\/uploads\/2025\/12\/ssssdasdasd-7-768x768.jpg\" alt=\"ssssdasdasd (7)\" \/><\/figure><\/div><div class=\"swiper-slide\" role=\"group\" aria-roledescription=\"slide\" aria-label=\"3 von 8\"><figure class=\"swiper-slide-inner\"><img decoding=\"async\" class=\"swiper-slide-image\" src=\"https:\/\/kolpingbuehne-wattens.at\/wp-content\/uploads\/2025\/12\/ssssdasdasd-scaled.jpg\" alt=\"ssssdasdasd\" \/><\/figure><\/div><div class=\"swiper-slide\" role=\"group\" aria-roledescription=\"slide\" aria-label=\"4 von 8\"><figure class=\"swiper-slide-inner\"><img decoding=\"async\" class=\"swiper-slide-image\" src=\"https:\/\/kolpingbuehne-wattens.at\/wp-content\/uploads\/2025\/12\/ssssdasdasd-12-768x768.jpg\" alt=\"ssssdasdasd (12)\" \/><\/figure><\/div><div class=\"swiper-slide\" role=\"group\" aria-roledescription=\"slide\" aria-label=\"5 von 8\"><figure class=\"swiper-slide-inner\"><img decoding=\"async\" class=\"swiper-slide-image\" src=\"https:\/\/kolpingbuehne-wattens.at\/wp-content\/uploads\/2025\/12\/ssssdasdasd-11-768x768.jpg\" alt=\"ssssdasdasd (11)\" \/><\/figure><\/div><div class=\"swiper-slide\" role=\"group\" aria-roledescription=\"slide\" aria-label=\"6 von 8\"><figure class=\"swiper-slide-inner\"><img decoding=\"async\" class=\"swiper-slide-image\" src=\"https:\/\/kolpingbuehne-wattens.at\/wp-content\/uploads\/2025\/12\/ssssdasdasd-10-768x768.jpg\" alt=\"ssssdasdasd (10)\" \/><\/figure><\/div><div class=\"swiper-slide\" role=\"group\" aria-roledescription=\"slide\" aria-label=\"7 von 8\"><figure class=\"swiper-slide-inner\"><img decoding=\"async\" class=\"swiper-slide-image\" src=\"https:\/\/kolpingbuehne-wattens.at\/wp-content\/uploads\/2025\/12\/ssssdasdasd-9-768x768.jpg\" alt=\"ssssdasdasd (9)\" \/><\/figure><\/div><div class=\"swiper-slide\" role=\"group\" aria-roledescription=\"slide\" aria-label=\"8 von 8\"><figure class=\"swiper-slide-inner\"><img decoding=\"async\" class=\"swiper-slide-image\" src=\"https:\/\/kolpingbuehne-wattens.at\/wp-content\/uploads\/2025\/12\/ssssdasdasd-2-768x768.jpg\" alt=\"&quot;Ronja R\u00e4ubertochter&quot;\" \/><\/figure><\/div>\t\t\t<\/div>\n\t\t\t\t\t\t\t\t\t\t\t\t<div class=\"elementor-swiper-button elementor-swiper-button-prev\" role=\"button\" tabindex=\"0\">\n\t\t\t\t\t\t<i aria-hidden=\"true\" class=\"eicon-chevron-left\"><\/i>\t\t\t\t\t<\/div>\n\t\t\t\t\t<div class=\"elementor-swiper-button elementor-swiper-button-next\" role=\"button\" tabindex=\"0\">\n\t\t\t\t\t\t<i aria-hidden=\"true\" class=\"eicon-chevron-right\"><\/i>\t\t\t\t\t<\/div>\n\t\t\t\t\n\t\t\t\t\t\t\t\t\t<div class=\"swiper-pagination\"><\/div>\n\t\t\t\t\t\t\t\t\t<\/div>\n\t\t\t\t\t\t<\/div>\n\t\t\t\t<\/div>\n\t\t\t\t\t<\/div>\n\t\t<\/div>\n\t\t\t\t\t<\/div>\n\t\t<\/section>\n\t\t\t\t<\/div>","protected":false},"excerpt":{"rendered":"<p>Inhalt Ein Theaterst\u00fcck nach dem Kinderbuchklassiker von Astrid Lindgren Mutig, wild und voller Abenteuer \u2013 ein Theatererlebnis f\u00fcr die ganze Familie! Im Herzen des Mattiswaldes w\u00e4chst Ronja auf, die Tochter des R\u00e4uberhauptmanns Mattis. Sie liebt es, durch W\u00e4lder und Schluchten zu streifen, geheimnisvolle Gesch\u00f6pfe zu entdecken und die Freiheit der Natur zu genie\u00dfen. Doch ihr&hellip;&nbsp;<a href=\"https:\/\/kolpingbuehne-wattens.at\/en\/ronja-raeubertochter-2\/\" class=\"\" rel=\"bookmark\">Read More &raquo;<span class=\"screen-reader-text\">Ronja R\u00e4ubertochter<\/span><\/a><\/p>","protected":false},"author":8,"featured_media":0,"parent":0,"menu_order":0,"comment_status":"closed","ping_status":"closed","template":"page-templates\/template-pagebuilder-full-width.php","meta":{"neve_meta_sidebar":"","neve_meta_container":"","neve_meta_enable_content_width":"","neve_meta_content_width":0,"neve_meta_title_alignment":"","neve_meta_author_avatar":"","neve_post_elements_order":"","neve_meta_disable_header":"","neve_meta_disable_footer":"","neve_meta_disable_title":"","footnotes":""},"class_list":["post-5215","page","type-page","status-publish","hentry"],"jetpack_sharing_enabled":true,"_links":{"self":[{"href":"https:\/\/kolpingbuehne-wattens.at\/en\/wp-json\/wp\/v2\/pages\/5215","targetHints":{"allow":["GET"]}}],"collection":[{"href":"https:\/\/kolpingbuehne-wattens.at\/en\/wp-json\/wp\/v2\/pages"}],"about":[{"href":"https:\/\/kolpingbuehne-wattens.at\/en\/wp-json\/wp\/v2\/types\/page"}],"author":[{"embeddable":true,"href":"https:\/\/kolpingbuehne-wattens.at\/en\/wp-json\/wp\/v2\/users\/8"}],"replies":[{"embeddable":true,"href":"https:\/\/kolpingbuehne-wattens.at\/en\/wp-json\/wp\/v2\/comments?post=5215"}],"version-history":[{"count":10,"href":"https:\/\/kolpingbuehne-wattens.at\/en\/wp-json\/wp\/v2\/pages\/5215\/revisions"}],"predecessor-version":[{"id":5226,"href":"https:\/\/kolpingbuehne-wattens.at\/en\/wp-json\/wp\/v2\/pages\/5215\/revisions\/5226"}],"wp:attachment":[{"href":"https:\/\/kolpingbuehne-wattens.at\/en\/wp-json\/wp\/v2\/media?parent=5215"}],"curies":[{"name":"wp","href":"https:\/\/api.w.org\/{rel}","templated":true}]}}