{"id":3880,"date":"2024-02-21T09:52:33","date_gmt":"2024-02-21T08:52:33","guid":{"rendered":"https:\/\/kolpingbuehne-wattens.at\/?page_id=3880"},"modified":"2024-02-27T23:12:09","modified_gmt":"2024-02-27T22:12:09","slug":"ich-bins-dein-erloeser","status":"publish","type":"page","link":"https:\/\/kolpingbuehne-wattens.at\/en\/ich-bins-dein-erloeser\/","title":{"rendered":"Ich bin&#8217;s dein Erl\u00f6ser"},"content":{"rendered":"<div data-elementor-type=\"wp-page\" data-elementor-id=\"3880\" class=\"elementor elementor-3880\">\n\t\t\t\t\t\t<section class=\"elementor-section elementor-top-section elementor-element elementor-element-465b33b elementor-section-boxed elementor-section-height-default elementor-section-height-default\" data-id=\"465b33b\" data-element_type=\"section\" data-e-type=\"section\">\n\t\t\t\t\t\t<div class=\"elementor-container elementor-column-gap-default\">\n\t\t\t\t\t<div class=\"elementor-column elementor-col-100 elementor-top-column elementor-element elementor-element-78fff9d\" data-id=\"78fff9d\" data-element_type=\"column\" data-e-type=\"column\">\n\t\t\t<div class=\"elementor-widget-wrap elementor-element-populated\">\n\t\t\t\t\t\t<div class=\"elementor-element elementor-element-4d83020 elementor-widget elementor-widget-heading\" data-id=\"4d83020\" data-element_type=\"widget\" data-e-type=\"widget\" data-widget_type=\"heading.default\">\n\t\t\t\t<div class=\"elementor-widget-container\">\n\t\t\t\t\t<h2 class=\"elementor-heading-title elementor-size-default\">Ich bin's dein Erl\u00f6ser<\/h2>\t\t\t\t<\/div>\n\t\t\t\t<\/div>\n\t\t\t\t<div class=\"elementor-element elementor-element-164bdba elementor-widget elementor-widget-heading\" data-id=\"164bdba\" data-element_type=\"widget\" data-e-type=\"widget\" data-widget_type=\"heading.default\">\n\t\t\t\t<div class=\"elementor-widget-container\">\n\t\t\t\t\t<h2 class=\"elementor-heading-title elementor-size-medium\">eine Kurzgeschichte von Harald Klingler<\/h2>\t\t\t\t<\/div>\n\t\t\t\t<\/div>\n\t\t\t\t<div class=\"elementor-element elementor-element-ffd6a47 elementor-widget elementor-widget-text-editor\" data-id=\"ffd6a47\" data-element_type=\"widget\" data-e-type=\"widget\" data-widget_type=\"text-editor.default\">\n\t\t\t\t<div class=\"elementor-widget-container\">\n\t\t\t\t\t\t\t\t\t<p>Da liegst du nun vor mir und starrst mich aus deinen dunklen Augen an. Hab keine Angst, ich werde dich jetzt erschlagen, denn ich bin\u2019s, dein Erl\u00f6ser \u2026<\/p><p>Wir sitzen auf der Terrasse und meine Frau blickt in den Garten hinunter, wo sie den schwarzen Nachbarskater Edding beobachtet, der seinen Namen dem gleichnamigen Stift verdankt. \u201cVerdammt, der Edding qu\u00e4lt gerade ein verletztes Eichh\u00f6rnchen\u201d, flucht sie und eilt in den Garten. Ich folge ihr und tats\u00e4chlich, das Eichh\u00f6rnchen schaut sehr mitgenommen aus, bei einem Bein sieht man schon Maden im Fleisch krabbeln.<\/p><p>\u201cAraldo, du musst das arme Tier erl\u00f6sen!\u201d, fordert sie mich auf und verschwindet dann, weil sie das nicht mitansehen k\u00f6nne. Na super. Wie stelle ich das nun am besten an? Schusswaffe besitze ich keine, das Tier zu ertr\u00e4nken erscheint mir zu qualvoll. Erinnerungen tauchen auf. Als Kinder freuten wir uns \u00fcber die Hasen, die mein Vater z\u00fcchtete, bis der Tag X kam, dann gab es am Sonntag den Gustl, den wir die letzten Monate gef\u00fcttert und gestreichelt hatten. In leckerer So\u00dfe mit Kartoffeln.<\/p><p>Bei der Hinrichtung der H\u00fchner taten wir uns leichter, weil diese sich nicht streicheln lie\u00dfen und keine Namen hatten. Vater holte am Schlachttag die panisch gackernden Tiere nacheinander aus dem K\u00e4fig, fixierte sie mit der linken Hand auf dem Hackstock und schon sauste das todbringende Beil nieder \u2013 ich stand blutbespritzt daneben und hielt einen Deckel in der Hand, den ich dann auf eine Tonne dr\u00fcckte, in der das wild flatternde, kopflose Huhn landete, bis seine Kr\u00e4fte erlahmten und es nur noch leicht zuckte. \u201cAusgeistern\u201d nannten wir das damals. Die abgeschlagenen H\u00fchnerk\u00f6pfe neben dem Hackstock schauten mir dabei aus gro\u00dfen Augen und mit offenem Schnabel zu.<\/p><p>Diese Erinnerungen tauchen auf, w\u00e4hrend ich ratlos im Garten stehe und \u00fcberlege, wie ich das Eichh\u00f6rnchen t\u00f6ten soll. Bei den Hasen hat es Vater mit einer Eisenstange gemacht, er hat damit auf das Genick der Hasen geschlagen und dann mit einem Messer die Kehle durchschnitten. Dann hat er den zappelnden Hasen gehalten, bis er ruhig in seinen H\u00e4nden lag.<\/p><p>Das mit der Eisenstange geht, ich muss nur so fest draufschlagen, dass das Tier gleich tot ist, ich will es nicht qu\u00e4len. In der Werkstatt suche ich nach einer geeigneten Eisenstange, sie darf nicht zu schwer sein und sie muss gut in der Hand liegen. Mit dem Mordinstrument schreite ich wieder in den Garten, habe jedoch ein flaues Gef\u00fchl im Magen.<\/p><p>Da liegst du nun vor mir und starrst mich aus deinen dunklen Augen an. Hab keine Angst, ich werde dich jetzt erschlagen, denn ich bin\u2019s, dein Erl\u00f6ser \u2026<\/p><p>Es tut mir leid, Eichh\u00f6rnchen, ich will es nicht, aber ich muss es tun. Es dauert nicht lange, ehrlich, ich versuche es schnell zu machen, ich verspreche es dir. Wie du mich anschaust, das macht mich fertig. Kannst du nicht endlich die Augen schlie\u00dfen?<\/p><p>Ich hebe mittlerweile wohl zum zehnten Mal den zitternden Arm und hole tief Luft \u2026<\/p>\t\t\t\t\t\t\t\t<\/div>\n\t\t\t\t<\/div>\n\t\t\t\t<div class=\"elementor-element elementor-element-c624e00 elementor-align-center elementor-widget elementor-widget-button\" data-id=\"c624e00\" data-element_type=\"widget\" data-e-type=\"widget\" data-widget_type=\"button.default\">\n\t\t\t\t<div class=\"elementor-widget-container\">\n\t\t\t\t\t\t\t\t\t<div class=\"elementor-button-wrapper\">\n\t\t\t\t\t<a class=\"elementor-button elementor-button-link elementor-size-lg\" href=\"https:\/\/kolpingbuehne-wattens.at\/en\/programmheft\/\">\n\t\t\t\t\t\t<span class=\"elementor-button-content-wrapper\">\n\t\t\t\t\t\t\t\t\t<span class=\"elementor-button-text\">Zur\u00fcck<\/span>\n\t\t\t\t\t<\/span>\n\t\t\t\t\t<\/a>\n\t\t\t\t<\/div>\n\t\t\t\t\t\t\t\t<\/div>\n\t\t\t\t<\/div>\n\t\t\t\t\t<\/div>\n\t\t<\/div>\n\t\t\t\t\t<\/div>\n\t\t<\/section>\n\t\t\t\t<\/div>","protected":false},"excerpt":{"rendered":"<p>Ich bin&#8217;s dein Erl\u00f6ser eine Kurzgeschichte von Harald Klingler Da liegst du nun vor mir und starrst mich aus deinen dunklen Augen an. Hab keine Angst, ich werde dich jetzt erschlagen, denn ich bin\u2019s, dein Erl\u00f6ser \u2026 Wir sitzen auf der Terrasse und meine Frau blickt in den Garten hinunter, wo sie den schwarzen Nachbarskater&hellip;&nbsp;<a href=\"https:\/\/kolpingbuehne-wattens.at\/en\/ich-bins-dein-erloeser\/\" class=\"\" rel=\"bookmark\">Read More &raquo;<span class=\"screen-reader-text\">Ich bin&#8217;s dein Erl\u00f6ser<\/span><\/a><\/p>","protected":false},"author":8,"featured_media":0,"parent":0,"menu_order":0,"comment_status":"closed","ping_status":"closed","template":"page-templates\/template-pagebuilder-full-width.php","meta":{"neve_meta_sidebar":"","neve_meta_container":"","neve_meta_enable_content_width":"","neve_meta_content_width":0,"neve_meta_title_alignment":"","neve_meta_author_avatar":"","neve_post_elements_order":"","neve_meta_disable_header":"","neve_meta_disable_footer":"","neve_meta_disable_title":"","footnotes":""},"class_list":["post-3880","page","type-page","status-publish","hentry"],"jetpack_sharing_enabled":true,"_links":{"self":[{"href":"https:\/\/kolpingbuehne-wattens.at\/en\/wp-json\/wp\/v2\/pages\/3880","targetHints":{"allow":["GET"]}}],"collection":[{"href":"https:\/\/kolpingbuehne-wattens.at\/en\/wp-json\/wp\/v2\/pages"}],"about":[{"href":"https:\/\/kolpingbuehne-wattens.at\/en\/wp-json\/wp\/v2\/types\/page"}],"author":[{"embeddable":true,"href":"https:\/\/kolpingbuehne-wattens.at\/en\/wp-json\/wp\/v2\/users\/8"}],"replies":[{"embeddable":true,"href":"https:\/\/kolpingbuehne-wattens.at\/en\/wp-json\/wp\/v2\/comments?post=3880"}],"version-history":[{"count":10,"href":"https:\/\/kolpingbuehne-wattens.at\/en\/wp-json\/wp\/v2\/pages\/3880\/revisions"}],"predecessor-version":[{"id":3960,"href":"https:\/\/kolpingbuehne-wattens.at\/en\/wp-json\/wp\/v2\/pages\/3880\/revisions\/3960"}],"wp:attachment":[{"href":"https:\/\/kolpingbuehne-wattens.at\/en\/wp-json\/wp\/v2\/media?parent=3880"}],"curies":[{"name":"wp","href":"https:\/\/api.w.org\/{rel}","templated":true}]}}