{"id":3877,"date":"2024-02-21T10:03:39","date_gmt":"2024-02-21T09:03:39","guid":{"rendered":"https:\/\/kolpingbuehne-wattens.at\/?page_id=3877"},"modified":"2024-02-27T23:14:01","modified_gmt":"2024-02-27T22:14:01","slug":"unschuld","status":"publish","type":"page","link":"https:\/\/kolpingbuehne-wattens.at\/en\/unschuld\/","title":{"rendered":"Unschuld"},"content":{"rendered":"<div data-elementor-type=\"wp-page\" data-elementor-id=\"3877\" class=\"elementor elementor-3877\">\n\t\t\t\t\t\t<section class=\"elementor-section elementor-top-section elementor-element elementor-element-55ec513 elementor-section-boxed elementor-section-height-default elementor-section-height-default\" data-id=\"55ec513\" data-element_type=\"section\" data-e-type=\"section\">\n\t\t\t\t\t\t<div class=\"elementor-container elementor-column-gap-default\">\n\t\t\t\t\t<div class=\"elementor-column elementor-col-100 elementor-top-column elementor-element elementor-element-ed32f1a\" data-id=\"ed32f1a\" data-element_type=\"column\" data-e-type=\"column\">\n\t\t\t<div class=\"elementor-widget-wrap elementor-element-populated\">\n\t\t\t\t\t\t<div class=\"elementor-element elementor-element-745f501 elementor-widget elementor-widget-heading\" data-id=\"745f501\" data-element_type=\"widget\" data-e-type=\"widget\" data-widget_type=\"heading.default\">\n\t\t\t\t<div class=\"elementor-widget-container\">\n\t\t\t\t\t<h2 class=\"elementor-heading-title elementor-size-default\">Unschuld<\/h2>\t\t\t\t<\/div>\n\t\t\t\t<\/div>\n\t\t\t\t<div class=\"elementor-element elementor-element-cda7f41 elementor-widget elementor-widget-heading\" data-id=\"cda7f41\" data-element_type=\"widget\" data-e-type=\"widget\" data-widget_type=\"heading.default\">\n\t\t\t\t<div class=\"elementor-widget-container\">\n\t\t\t\t\t<h2 class=\"elementor-heading-title elementor-size-medium\">eine Kurzgeschichte von Harald Klingler<\/h2>\t\t\t\t<\/div>\n\t\t\t\t<\/div>\n\t\t\t\t<div class=\"elementor-element elementor-element-fbacad0 elementor-widget elementor-widget-text-editor\" data-id=\"fbacad0\" data-element_type=\"widget\" data-e-type=\"widget\" data-widget_type=\"text-editor.default\">\n\t\t\t\t<div class=\"elementor-widget-container\">\n\t\t\t\t\t\t\t\t\t<p>Emine stand erwartungsvoll vor mir und strahlte mich von unten an. \u201cHerr Campana, schauen Sie mal!\u201d, sprach sie, senkte ihren Blick und strich mit ihrer Hand \u00fcber das Muster auf der Brust ihres Shirts. Das Bild \u00e4nderte sich auf wundersame Weise. Sie hatte es zu ihrem elften Geburtstag geschenkt bekommen und pr\u00e4sentierte es mir nun stolz vor der ersten Unterrichtsstunde. Sie blickte wieder auf und ihr Gesicht strahlte etwas \u00dcberw\u00e4ltigendes, von authentischer Freude, von richtigem Stolz aus.<\/p><p>\u201cWow\u201d, lobte ich voller Bewunderung, \u201cdas ist aber ein geniales Shirt, wundersch\u00f6n!\u201d \u201cWollen Sie es auch mal probieren?\u201d, fragte sie jetzt mit gro\u00dfen Augen. Sie fragte voller Unschuld, wirklich voller Unschuld! W\u00e4re Naivit\u00e4t der bessere Begriff? Mit dem schwingt jedoch eine Nuance von Dummheit mit, doch dumm war Emine nicht. Sie war einfach nur unverdorben.<\/p><p>Ich steckte in der Zwickm\u00fchle. \u201c\u00c4\u00e4\u00e4h, nein, vielen Dank, Emine, das kann ich nicht tun. Streich doch du nochmals dar\u00fcber und zeig mir das sch\u00f6ne andere Bild\u201d, ermutigte ich sie. \u201cGef\u00e4llt Ihnen das Shirt nicht, dass Sie nicht dar\u00fcber streichen wollen?\u201d, hakte die Elfj\u00e4hrige nach. Es arbeitete fieberhaft in meinem Gehirn. Wie kann ich einem derart unschuldigen Wesen wie ihr erkl\u00e4ren, dass ich als Lehrer nicht \u00fcber ihr Shirt streichen darf, und das auch nicht will?<\/p><p>Emine wird mein Z\u00f6gern und ihre Zur\u00fcckweisung wohl genauso wenig verstanden haben, wie es mir damals mit meiner Mutter ging. Ich war als Knirps im elterlichen Schlafzimmer allein auf Entdeckungsreise und fand zu meiner Freude einen Luftballon unter dem Bett. Irritierend war nur, dass er keine bunte Farbe hatte, wie ich sie sonst vom Sportgesch\u00e4ft oder der Bank kannte, wo man die Werbe-Ballons auf einem d\u00fcnnen Metallst\u00e4ngelchen mitnehmen durfte, und damit prima seine Geschwister necken konnte. Auch die Form war etwas anders, doch konnte ich das l\u00e4ngliche Ding gut aufpusten, es schmeckte und roch nur komisch. Als ich damit zu Mama in die K\u00fcche rannte, damit sie mir einen Knoten reinmachte, fiel ihr fast der Kochl\u00f6ffel aus der Hand. Sie err\u00f6tete wie eine \u00fcberreife Tomate, riss mir meinen Ballon aus der Hand, schalt mich, kn\u00fcllte ihn in ein Taschentuch und warf alles miteinander mit dem Wort \u201cGrausig!\u201d in den M\u00fclleimer. Lange gr\u00fcbelte ich dar\u00fcber nach, was ich wohl falsch gemacht haben mochte.<\/p><p>Heute wei\u00df ich es nat\u00fcrlich, weil ich das Land der Unschuld schon lange verlassen habe. Unschuld, ein widerspenstiger Begriff beim genaueren Hinsehen, denn wo bin ich jetzt? Im Land der Schuld? Was ist meine Schuld? Zu wissen, dass mein Pipimax nicht nur zum Strullern taugt?<\/p><p>Die Unschuld verlieren meint dann wohl auch und nicht nur, dass man den Zustand der Unbefangenheit verlassen hat und nun Dinge sieht und tut, die einem vorher verborgen waren. Das kann gut und schlecht zugleich sein \u2026<\/p>\t\t\t\t\t\t\t\t<\/div>\n\t\t\t\t<\/div>\n\t\t\t\t<div class=\"elementor-element elementor-element-c5fcd59 elementor-align-center elementor-widget elementor-widget-button\" data-id=\"c5fcd59\" data-element_type=\"widget\" data-e-type=\"widget\" data-widget_type=\"button.default\">\n\t\t\t\t<div class=\"elementor-widget-container\">\n\t\t\t\t\t\t\t\t\t<div class=\"elementor-button-wrapper\">\n\t\t\t\t\t<a class=\"elementor-button elementor-button-link elementor-size-lg\" href=\"https:\/\/kolpingbuehne-wattens.at\/en\/programmheft\/\">\n\t\t\t\t\t\t<span class=\"elementor-button-content-wrapper\">\n\t\t\t\t\t\t\t\t\t<span class=\"elementor-button-text\">Zur\u00fcck<\/span>\n\t\t\t\t\t<\/span>\n\t\t\t\t\t<\/a>\n\t\t\t\t<\/div>\n\t\t\t\t\t\t\t\t<\/div>\n\t\t\t\t<\/div>\n\t\t\t\t\t<\/div>\n\t\t<\/div>\n\t\t\t\t\t<\/div>\n\t\t<\/section>\n\t\t\t\t<\/div>","protected":false},"excerpt":{"rendered":"<p>Unschuld eine Kurzgeschichte von Harald Klingler Emine stand erwartungsvoll vor mir und strahlte mich von unten an. \u201cHerr Campana, schauen Sie mal!\u201d, sprach sie, senkte ihren Blick und strich mit ihrer Hand \u00fcber das Muster auf der Brust ihres Shirts. Das Bild \u00e4nderte sich auf wundersame Weise. Sie hatte es zu ihrem elften Geburtstag geschenkt&hellip;&nbsp;<a href=\"https:\/\/kolpingbuehne-wattens.at\/en\/unschuld\/\" class=\"\" rel=\"bookmark\">Read More &raquo;<span class=\"screen-reader-text\">Unschuld<\/span><\/a><\/p>","protected":false},"author":8,"featured_media":0,"parent":0,"menu_order":0,"comment_status":"closed","ping_status":"closed","template":"page-templates\/template-pagebuilder-full-width.php","meta":{"neve_meta_sidebar":"","neve_meta_container":"","neve_meta_enable_content_width":"","neve_meta_content_width":0,"neve_meta_title_alignment":"","neve_meta_author_avatar":"","neve_post_elements_order":"","neve_meta_disable_header":"","neve_meta_disable_footer":"","neve_meta_disable_title":"","footnotes":""},"class_list":["post-3877","page","type-page","status-publish","hentry"],"jetpack_sharing_enabled":true,"_links":{"self":[{"href":"https:\/\/kolpingbuehne-wattens.at\/en\/wp-json\/wp\/v2\/pages\/3877","targetHints":{"allow":["GET"]}}],"collection":[{"href":"https:\/\/kolpingbuehne-wattens.at\/en\/wp-json\/wp\/v2\/pages"}],"about":[{"href":"https:\/\/kolpingbuehne-wattens.at\/en\/wp-json\/wp\/v2\/types\/page"}],"author":[{"embeddable":true,"href":"https:\/\/kolpingbuehne-wattens.at\/en\/wp-json\/wp\/v2\/users\/8"}],"replies":[{"embeddable":true,"href":"https:\/\/kolpingbuehne-wattens.at\/en\/wp-json\/wp\/v2\/comments?post=3877"}],"version-history":[{"count":10,"href":"https:\/\/kolpingbuehne-wattens.at\/en\/wp-json\/wp\/v2\/pages\/3877\/revisions"}],"predecessor-version":[{"id":3969,"href":"https:\/\/kolpingbuehne-wattens.at\/en\/wp-json\/wp\/v2\/pages\/3877\/revisions\/3969"}],"wp:attachment":[{"href":"https:\/\/kolpingbuehne-wattens.at\/en\/wp-json\/wp\/v2\/media?parent=3877"}],"curies":[{"name":"wp","href":"https:\/\/api.w.org\/{rel}","templated":true}]}}