{"id":3876,"date":"2024-02-21T09:42:27","date_gmt":"2024-02-21T08:42:27","guid":{"rendered":"https:\/\/kolpingbuehne-wattens.at\/?page_id=3876"},"modified":"2024-02-27T23:11:10","modified_gmt":"2024-02-27T22:11:10","slug":"es-laeutet","status":"publish","type":"page","link":"https:\/\/kolpingbuehne-wattens.at\/en\/es-laeutet\/","title":{"rendered":"Es l\u00e4utet"},"content":{"rendered":"<div data-elementor-type=\"wp-page\" data-elementor-id=\"3876\" class=\"elementor elementor-3876\">\n\t\t\t\t\t\t<section class=\"elementor-section elementor-top-section elementor-element elementor-element-080e92c elementor-section-boxed elementor-section-height-default elementor-section-height-default\" data-id=\"080e92c\" data-element_type=\"section\" data-e-type=\"section\">\n\t\t\t\t\t\t<div class=\"elementor-container elementor-column-gap-default\">\n\t\t\t\t\t<div class=\"elementor-column elementor-col-100 elementor-top-column elementor-element elementor-element-ffa0a77\" data-id=\"ffa0a77\" data-element_type=\"column\" data-e-type=\"column\">\n\t\t\t<div class=\"elementor-widget-wrap elementor-element-populated\">\n\t\t\t\t\t\t<div class=\"elementor-element elementor-element-9dac3ee elementor-widget elementor-widget-heading\" data-id=\"9dac3ee\" data-element_type=\"widget\" data-e-type=\"widget\" data-widget_type=\"heading.default\">\n\t\t\t\t<div class=\"elementor-widget-container\">\n\t\t\t\t\t<h2 class=\"elementor-heading-title elementor-size-default\">Es l\u00e4utet<\/h2>\t\t\t\t<\/div>\n\t\t\t\t<\/div>\n\t\t\t\t<div class=\"elementor-element elementor-element-386c45c elementor-widget elementor-widget-heading\" data-id=\"386c45c\" data-element_type=\"widget\" data-e-type=\"widget\" data-widget_type=\"heading.default\">\n\t\t\t\t<div class=\"elementor-widget-container\">\n\t\t\t\t\t<h2 class=\"elementor-heading-title elementor-size-medium\">ein Dialog von Margit Plattner<\/h2>\t\t\t\t<\/div>\n\t\t\t\t<\/div>\n\t\t\t\t<div class=\"elementor-element elementor-element-ae3748e elementor-widget elementor-widget-text-editor\" data-id=\"ae3748e\" data-element_type=\"widget\" data-e-type=\"widget\" data-widget_type=\"text-editor.default\">\n\t\t\t\t<div class=\"elementor-widget-container\">\n\t\t\t\t\t\t\t\t\t<p>Es l\u00e4utet.<\/p><p>Fritz macht auf.\u00a0<\/p><p>Ja bitte?<\/p><p>Ein Kind,\u00a0 schon wieder ein Kind, noch dazu ein h\u00f6fliches,\u00a0<span style=\"color: var( --e-global-color-text ); font-family: var( --e-global-typography-text-font-family ), Sans-serif; font-weight: var( --e-global-typography-text-font-weight ); background-color: var(--nv-site-bg); font-size: var(--bodyfontsize); letter-spacing: var(--bodyletterspacing); text-transform: var(--bodytexttransform);\">gr\u00e4sslich, denkt er. Warum machen immer Kinder die T\u00fcre auf?\u00a0<\/span><span style=\"color: var( --e-global-color-text ); font-family: var( --e-global-typography-text-font-family ), Sans-serif; font-weight: var( --e-global-typography-text-font-weight ); background-color: var(--nv-site-bg); font-size: var(--bodyfontsize); letter-spacing: var(--bodyletterspacing); text-transform: var(--bodytexttransform);\">Das ist eigentlich sehr verantwortungslos von den Eltern. Da k\u00f6nnte ja\u00a0<\/span><span style=\"color: var( --e-global-color-text ); font-family: var( --e-global-typography-text-font-family ), Sans-serif; font-weight: var( --e-global-typography-text-font-weight ); background-color: var(--nv-site-bg); font-size: var(--bodyfontsize); letter-spacing: var(--bodyletterspacing); text-transform: var(--bodytexttransform);\">Weissgottwer l\u00e4uten, das Kind kidnappen, L\u00f6segeld, das die Eltern gar nicht haben, verlangen, die dann einen Kredit aufnehmen m\u00fcssten, der sie lebenslang verschuldet und sie deshalb ihrem Kind keine gute A<\/span><span style=\"color: var( --e-global-color-text ); font-family: var( --e-global-typography-text-font-family ), Sans-serif; font-weight: var( --e-global-typography-text-font-weight ); background-color: var(--nv-site-bg); font-size: var(--bodyfontsize); letter-spacing: var(--bodyletterspacing); text-transform: var(--bodytexttransform);\">usbildung zukommen lassen k\u00f6nnen, wobei ja jeder weiss, dass null\u00a0<\/span><span style=\"color: var( --e-global-color-text ); font-family: var( --e-global-typography-text-font-family ), Sans-serif; font-weight: var( --e-global-typography-text-font-weight ); background-color: var(--nv-site-bg); font-size: var(--bodyfontsize); letter-spacing: var(--bodyletterspacing); text-transform: var(--bodytexttransform);\">Bildung\u00a0 fast immer in schr\u00e4ge Kreise f\u00fchrt und irgendwann ist die Polizei schneller und das traurige Schicksal nimmt seinen Lauf.\u00a0<\/span><span style=\"color: var( --e-global-color-text ); font-family: var( --e-global-typography-text-font-family ), Sans-serif; font-weight: var( --e-global-typography-text-font-weight ); background-color: var(--nv-site-bg); font-size: var(--bodyfontsize); letter-spacing: var(--bodyletterspacing); text-transform: var(--bodytexttransform);\">Ist deine Mutter zuhause?<\/span><\/p><p>Warum?<\/p><p>Weil ich ihr was zeigen m\u00f6chte.<\/p><p>Was denn ?<\/p><p>Dazu muss man erwachsen sein.<\/p><p>Maamaa, du sollst kommen, aber nur, wenn du erwachsen bist.<\/p><p>Die Mutter von Fritz sch\u00fcttelt den Kopf und geht zur T\u00fcr.<\/p><p>Ja bitte, fragt sie.<\/p><p>Gestatten, mein Name ist\u00a0 Adelbert Nerv-T\u00f6ter.\u00a0 T\u00f6ter mit \u00f6 und hartem t.\u00a0<span style=\"color: var( --e-global-color-text ); font-family: var( --e-global-typography-text-font-family ), Sans-serif; font-weight: var( --e-global-typography-text-font-weight ); background-color: var(--nv-site-bg); font-size: var(--bodyfontsize); letter-spacing: var(--bodyletterspacing); text-transform: var(--bodytexttransform);\">Meine Frau hat auf den Doppelnamen bestanden, obwohl ich der Meinung bin, dass Edeltrude &#8211; meine Frau, froh h\u00e4tte sein m\u00fcssen, ihren scheu\u00dflichen Namen los zu sein. Aber was tut sie?\u00a0<\/span><span style=\"color: var( --e-global-color-text ); font-family: var( --e-global-typography-text-font-family ), Sans-serif; font-weight: var( --e-global-typography-text-font-weight ); background-color: var(--nv-site-bg); font-size: var(--bodyfontsize); letter-spacing: var(--bodyletterspacing); text-transform: var(--bodytexttransform);\">Sie verlangt von mir, wenn ich sie liebe, dann muss ich auch ihren Namen sch\u00f6n finden.<\/span><\/p><p>Das tut mir leid.\u00a0 \u00c4h, nein, das tut mir nicht leid, ach was. Sie verwirren mich, was wollen sie ?<\/p><p>D\u00fcrfte ich eintreten? Es redet sich leichter im Sitzen.<\/p><p>Wieso im Sitzen? H\u00f6ren sie Herr \u2026<\/p><p>Gestatten Adelbert Nerv-T\u00f6ter.\u00a0 T\u00f6ter mit \u00f6 und\u2026<\/p><p>hartem t, ja ich weiss.\u00a0 Was wollen sie ?<\/p><p>K\u00f6nnte ich vielleicht ein Glas Wasser haben? Heute ist der Tag\u00a0 so warm geworden, obwohl der Wetteransager im Radio Stein und Pein geschworen hat, dass es regnen wird. Darum hab ich auch dieses\u00a0<span style=\"color: var( --e-global-color-text ); font-family: var( --e-global-typography-text-font-family ), Sans-serif; font-weight: var( --e-global-typography-text-font-weight ); background-color: var(--nv-site-bg); font-size: var(--bodyfontsize); letter-spacing: var(--bodyletterspacing); text-transform: var(--bodytexttransform);\">Sakko angezogen, obwohl Edeltrude, meine Frau, meinte, man k\u00f6nnte den Wettervorhersagen\u00a0 \u00fcberhaupt nicht mehr trauen. Es stimmt einfach nix mehr. Vor 5 Tagen war im Radio beim Wetterbericht die Rede von Sonnenschein und blauem Himmel. Meine\u00a0 Edeltrude hatte in der Stadt was zu erledigen und entschied sich darauf hin f\u00fcr ihr leichtes Sommerkleidchen. Was soll ich ihnen sagen, geregnet hat es, zuerst nur leicht, aber dann begann es zu sch\u00fctten, der\u00a0 Gewitterwind brauste, es blitzte und donnerte. Meine liebe Edeltrude wurde patschnass und\u00a0 ist ihren f\u00fcrchterlichen Schnupfen bis heute nicht\u00a0<\/span><span style=\"color: var( --e-global-color-text ); font-family: var( --e-global-typography-text-font-family ), Sans-serif; font-weight: var( --e-global-typography-text-font-weight ); background-color: var(--nv-site-bg); font-size: var(--bodyfontsize); letter-spacing: var(--bodyletterspacing); text-transform: var(--bodytexttransform);\">losgeworden. Na, ja heute eben hat der Wetterbericht wieder nicht\u00a0<\/span><span style=\"color: var( --e-global-color-text ); font-family: var( --e-global-typography-text-font-family ), Sans-serif; font-weight: var( --e-global-typography-text-font-weight ); font-size: var(--bodyfontsize); letter-spacing: var(--bodyletterspacing); text-transform: var(--bodytexttransform); background-color: var(--nv-site-bg);\">gestimmt, ich bin zu warm angezogen und schwitze.\u00a0<\/span><span style=\"color: var( --e-global-color-text ); font-family: var( --e-global-typography-text-font-family ), Sans-serif; font-weight: var( --e-global-typography-text-font-weight ); background-color: var(--nv-site-bg); font-size: var(--bodyfontsize); letter-spacing: var(--bodyletterspacing); text-transform: var(--bodytexttransform);\">D\u00fcrfte ich bitte hereinkommen und mich setzen, mein Kreislauf.<\/span><\/p><p>Gut Herr Nerv. Jaja Nerv-T\u00f6ter, ich wei\u00df, kommen sie\u00a0 meinetwegen\u00a0<span style=\"color: var( --e-global-color-text ); font-family: var( --e-global-typography-text-font-family ), Sans-serif; font-weight: var( --e-global-typography-text-font-weight ); background-color: var(--nv-site-bg); font-size: var(--bodyfontsize); letter-spacing: var(--bodyletterspacing); text-transform: var(--bodytexttransform);\">herein und setzen sie sich einen Moment.<\/span><\/p><p>Und d\u00fcrfte ich um ein Glas Wasser bitten?<\/p><p>Ja,\u00a0 ein Glas Wasser, sofort.<\/p><p>Oh, vielen Dank, oh das tut gut, danke vielmals. Ich bemerke am Geschmack, sie kaufen Mineralwasser. Ich sage ja immer zu meiner\u00a0<span style=\"color: var( --e-global-color-text ); font-family: var( --e-global-typography-text-font-family ), Sans-serif; font-weight: var( --e-global-typography-text-font-weight ); background-color: var(--nv-site-bg); font-size: var(--bodyfontsize); letter-spacing: var(--bodyletterspacing); text-transform: var(--bodytexttransform);\">lieben Frau, Edeltrude sag ich, kauf doch mal ein Mineralwasser.\u00a0<\/span><span style=\"color: var( --e-global-color-text ); font-family: var( --e-global-typography-text-font-family ), Sans-serif; font-weight: var( --e-global-typography-text-font-weight ); background-color: var(--nv-site-bg); font-size: var(--bodyfontsize); letter-spacing: var(--bodyletterspacing); text-transform: var(--bodytexttransform);\">Das trinkt sich irgendwie leichter, um nicht zu sagen fl\u00fcssiger. Aber\u00a0<\/span><span style=\"color: var( --e-global-color-text ); font-family: var( --e-global-typography-text-font-family ), Sans-serif; font-weight: var( --e-global-typography-text-font-weight ); background-color: var(--nv-site-bg); font-size: var(--bodyfontsize); letter-spacing: var(--bodyletterspacing); text-transform: var(--bodytexttransform);\">meine Frau meint, solange wir so gutes, bek\u00f6mmliches Leitungswasser direkt aus dem Hahn haben, kann sie es nicht vertreten, ein Mineralwasser um teures Geld zu kaufen. Denk an die\u00a0<\/span><span style=\"color: var( --e-global-color-text ); font-family: var( --e-global-typography-text-font-family ), Sans-serif; font-weight: var( --e-global-typography-text-font-weight ); background-color: var(--nv-site-bg); font-size: var(--bodyfontsize); letter-spacing: var(--bodyletterspacing); text-transform: var(--bodytexttransform);\">armen Leute in Afrika, sagt sie, die haben kein gutes Wasser, direkt aus dem Hahn. Die gehen kilometerweit zu einer Pf\u00fctze irgendwo und schleppen schmutziges Wasser nach Hause. Oh, wie haben wir es doch gut, sagt meine liebe Frau.<\/span><\/p><p>Herr Nerv-T\u00f6ter mit \u00f6 und hartem t, sie sitzen gut, sie haben ein Glas Wasser, ich kenne die Ansichten ihrer lieben Frau zum Wetter und zum Kauf von Mineralwasser, ich bitte sie , warum haben sie bei mir gel\u00e4utet.<\/p><p>Ja, nat\u00fcrlich, entschuldigen sie, der Grund meines Besuches ist\u2026. W\u00fcrde es ihnen etwas ausmachen, wenn ich mir kurz meinen Schuh ausziehe?<\/p><p>Warum?<\/p><p>\u00a0<\/p><p>Wissen sie, ein \u00dcberbein am rechten gro\u00dfen Zeh, sehr schmerzhafte Angelegenheit. Ich wache in der Fr\u00fch auf und es ist da.<\/p><p>Aus dem Nichts, ohne Vorwarnung, einfach da. Was soll ich ihnen sagen, da hat eine\u00a0 Behandlung die andere abgel\u00f6st. Und was hat es mir gebracht, nichts, absolut nichts. Meine liebe Frau Edeltrude hat ja ganz recht gehabt. Sie wusste es gleich. Das bringt nichts, wenn du Magenbitter trinkst, sagte sie und es wird auch nichts bringen, wenn du dein Knie mit dieser Stinkesalbe einreibst. Was sind das blo\u00df f\u00fcr\u00a0<span style=\"color: var( --e-global-color-text ); font-family: var( --e-global-typography-text-font-family ), Sans-serif; font-weight: var( --e-global-typography-text-font-weight ); background-color: var(--nv-site-bg); font-size: var(--bodyfontsize); letter-spacing: var(--bodyletterspacing); text-transform: var(--bodytexttransform);\">\u00c4rzte. Aber ich habe nicht auf sie geh\u00f6rt und jedes Rezept genau befolgt. Was hab ich davon, es tut genau so weh wie vorher. Ich rate ihnen, wenn sie ein \u00dcberbein an sich bemerken, sparen sie sich den Doktor, die k\u00f6nnen es nicht heilen, es bleibt. Wollen sie es sehen?<\/span><\/p><p>Nein, nein, danke, behalten sie bitte\u00a0 ihren Socken an. Es tut mir leid, dass ihnen nicht geholfen wurde.<\/p><p>Oh nein, so kann man das nicht sagen \u2013 k\u00f6nnte ich bitte noch ein Glas Mineralwasser haben?\u00a0<span style=\"color: var( --e-global-color-text ); font-family: var( --e-global-typography-text-font-family ), Sans-serif; font-weight: var( --e-global-typography-text-font-weight ); background-color: var(--nv-site-bg); font-size: var(--bodyfontsize); letter-spacing: var(--bodyletterspacing); text-transform: var(--bodytexttransform);\">Der Magenbitter, der mir verschrieben wurde, hat sehr gut geholfen \u2013 mein Magen ist seitdem viel entspannter.<\/span><\/p><p>Herr Nerv-T\u00f6ter,\u00a0 was wollen sie, warum haben sie gel\u00e4utet?<\/p><p>Ja, so, der Grund meines Kommens \u2013 sie werden\u00a0 erfreut sein, wenn ich ihnen sage, warum ich hier bin. Denken sie an mein Wasser? Mein Gaumen \u2013 sehr trocken.<\/p><p>Nein, kein Wasser, nicht einen Tropfen, wieso soll ich erfreut sein,\u00a0<span style=\"color: var( --e-global-color-text ); font-family: var( --e-global-typography-text-font-family ), Sans-serif; font-weight: var( --e-global-typography-text-font-weight ); background-color: var(--nv-site-bg); font-size: var(--bodyfontsize); letter-spacing: var(--bodyletterspacing); text-transform: var(--bodytexttransform);\">was wollen sie?<\/span><\/p><p>Herr Nerv-T\u00f6ter \u00f6ffnet beleidigt seine Aktentasche.<\/p><p>Ein wunderbares , um nicht zu sagen epochales Hilfsmittel f\u00fcr ein organisiertes, durchgeplantes Leben einer so viel besch\u00e4ftigten Frau wie sie, wollte, ja wollte ich ihnen anbieten. Aber ich bin mir nicht mehr sicher, ob ich nicht gehen soll. Meine liebe Frau Edeltrude &#8211; sie hat meine \u00fcberragende Menschenkenntnis sofort erkannt &#8211;\u00a0 sagt immer zu mir &#8211;\u00a0 Adelbert, wenn die Leute deine Genialit\u00e4t nicht auf Anhieb erkennen, lass sie, geh, wenn du sitzt steh auf und geh \u2013 sie haben es nicht besser verdient.\u00a0 Mein Gaumen &#8211;\u00a0 d\u00fcrfte ich um ein\u2026.<\/p><p>Was, was\u00a0\u00a0 \u2013\u00a0 zum Letzten mal &#8211;\u00a0 was wollen sie ?<\/p><p>Aber liebe Frau \u2013 ich will doch nichts \u2013 ich bringe ihnen etwas.<\/p><p>Waaaas ?<\/p><p>Das da.<\/p><p>Ein Kalender ?\u00a0 Mitten im August ?\u00a0 Aber das ist doch \u2013 ein Kalender vom Vorjahr ? Raus. Raus sofort. Raus, raus, raus.<\/p><p>Aber gn\u00e4dige Frau, das ist doch das geniale. Wer wei\u00df schon vom Vorjahr noch wer, wann, wo Geburtstag hatte, wann voriges Jahr der\u00a0 Arzttermin zur Warzenentfernung war.\u00a0 Wenn z.B. die Warze wiedergekommen ist, wie soll man den Arzt klagen, wenn man das Datum nicht mehr wei\u00df.<\/p><p>Herr\u00a0 Nerv\u2026.\u00a0 Nerv\u2026<\/p><p>Nerv-T\u00f6ter<\/p><p>Ja, ja ich wei\u00df mit \u00f6 und t, gehen sie wenn ich einen kaufe?\u00a0<span style=\"color: var( --e-global-color-text ); font-family: var( --e-global-typography-text-font-family ), Sans-serif; font-weight: var( --e-global-typography-text-font-weight ); background-color: var(--nv-site-bg); font-size: var(--bodyfontsize); letter-spacing: var(--bodyletterspacing); text-transform: var(--bodytexttransform);\">Was um alles in der Welt kostet ihr Kalender vom Vorjahr?<\/span><\/p><p>\u00c4h, hmm, das wei\u00df ich gar nicht.<\/p><p>Wieso wissen sie das nicht?<\/p><p>Das hat mich noch niemand gefragt.<\/p><p>\u00a0<\/p>\t\t\t\t\t\t\t\t<\/div>\n\t\t\t\t<\/div>\n\t\t\t\t<div class=\"elementor-element elementor-element-79735cf elementor-align-center elementor-widget elementor-widget-button\" data-id=\"79735cf\" data-element_type=\"widget\" data-e-type=\"widget\" data-widget_type=\"button.default\">\n\t\t\t\t<div class=\"elementor-widget-container\">\n\t\t\t\t\t\t\t\t\t<div class=\"elementor-button-wrapper\">\n\t\t\t\t\t<a class=\"elementor-button elementor-button-link elementor-size-lg\" href=\"https:\/\/kolpingbuehne-wattens.at\/en\/programmheft\/\">\n\t\t\t\t\t\t<span class=\"elementor-button-content-wrapper\">\n\t\t\t\t\t\t\t\t\t<span class=\"elementor-button-text\">Zur\u00fcck<\/span>\n\t\t\t\t\t<\/span>\n\t\t\t\t\t<\/a>\n\t\t\t\t<\/div>\n\t\t\t\t\t\t\t\t<\/div>\n\t\t\t\t<\/div>\n\t\t\t\t\t<\/div>\n\t\t<\/div>\n\t\t\t\t\t<\/div>\n\t\t<\/section>\n\t\t\t\t<\/div>","protected":false},"excerpt":{"rendered":"<p>Es l\u00e4utet ein Dialog von Margit Plattner Es l\u00e4utet. Fritz macht auf.\u00a0 Ja bitte? Ein Kind,\u00a0 schon wieder ein Kind, noch dazu ein h\u00f6fliches,\u00a0gr\u00e4sslich, denkt er. Warum machen immer Kinder die T\u00fcre auf?\u00a0Das ist eigentlich sehr verantwortungslos von den Eltern. Da k\u00f6nnte ja\u00a0Weissgottwer l\u00e4uten, das Kind kidnappen, L\u00f6segeld, das die Eltern gar nicht haben, verlangen,&hellip;&nbsp;<a href=\"https:\/\/kolpingbuehne-wattens.at\/en\/es-laeutet\/\" class=\"\" rel=\"bookmark\">Read More &raquo;<span class=\"screen-reader-text\">Es l\u00e4utet<\/span><\/a><\/p>","protected":false},"author":8,"featured_media":0,"parent":0,"menu_order":0,"comment_status":"closed","ping_status":"closed","template":"page-templates\/template-pagebuilder-full-width.php","meta":{"neve_meta_sidebar":"","neve_meta_container":"","neve_meta_enable_content_width":"","neve_meta_content_width":0,"neve_meta_title_alignment":"","neve_meta_author_avatar":"","neve_post_elements_order":"","neve_meta_disable_header":"","neve_meta_disable_footer":"","neve_meta_disable_title":"","footnotes":""},"class_list":["post-3876","page","type-page","status-publish","hentry"],"jetpack_sharing_enabled":true,"_links":{"self":[{"href":"https:\/\/kolpingbuehne-wattens.at\/en\/wp-json\/wp\/v2\/pages\/3876","targetHints":{"allow":["GET"]}}],"collection":[{"href":"https:\/\/kolpingbuehne-wattens.at\/en\/wp-json\/wp\/v2\/pages"}],"about":[{"href":"https:\/\/kolpingbuehne-wattens.at\/en\/wp-json\/wp\/v2\/types\/page"}],"author":[{"embeddable":true,"href":"https:\/\/kolpingbuehne-wattens.at\/en\/wp-json\/wp\/v2\/users\/8"}],"replies":[{"embeddable":true,"href":"https:\/\/kolpingbuehne-wattens.at\/en\/wp-json\/wp\/v2\/comments?post=3876"}],"version-history":[{"count":16,"href":"https:\/\/kolpingbuehne-wattens.at\/en\/wp-json\/wp\/v2\/pages\/3876\/revisions"}],"predecessor-version":[{"id":3957,"href":"https:\/\/kolpingbuehne-wattens.at\/en\/wp-json\/wp\/v2\/pages\/3876\/revisions\/3957"}],"wp:attachment":[{"href":"https:\/\/kolpingbuehne-wattens.at\/en\/wp-json\/wp\/v2\/media?parent=3876"}],"curies":[{"name":"wp","href":"https:\/\/api.w.org\/{rel}","templated":true}]}}