{"id":3849,"date":"2024-02-21T09:18:58","date_gmt":"2024-02-21T08:18:58","guid":{"rendered":"https:\/\/kolpingbuehne-wattens.at\/?page_id=3849"},"modified":"2026-03-06T00:09:14","modified_gmt":"2026-03-05T23:09:14","slug":"programmheft","status":"publish","type":"page","link":"https:\/\/kolpingbuehne-wattens.at\/en\/","title":{"rendered":"Programmheft"},"content":{"rendered":"<div data-elementor-type=\"wp-page\" data-elementor-id=\"3849\" class=\"elementor elementor-3849\">\n\t\t\t\t\t\t<section class=\"elementor-section elementor-top-section elementor-element elementor-element-a8a2875 elementor-section-boxed elementor-section-height-default elementor-section-height-default\" data-id=\"a8a2875\" data-element_type=\"section\" data-e-type=\"section\">\n\t\t\t\t\t\t<div class=\"elementor-container elementor-column-gap-default\">\n\t\t\t\t\t<div class=\"elementor-column elementor-col-100 elementor-top-column elementor-element elementor-element-c228228\" data-id=\"c228228\" data-element_type=\"column\" data-e-type=\"column\">\n\t\t\t<div class=\"elementor-widget-wrap elementor-element-populated\">\n\t\t\t\t\t\t\t<\/div>\n\t\t<\/div>\n\t\t\t\t\t<\/div>\n\t\t<\/section>\n\t\t\t\t<section class=\"elementor-section elementor-top-section elementor-element elementor-element-3d7e1c0 elementor-section-boxed elementor-section-height-default elementor-section-height-default\" data-id=\"3d7e1c0\" data-element_type=\"section\" data-e-type=\"section\">\n\t\t\t\t\t\t<div class=\"elementor-container elementor-column-gap-default\">\n\t\t\t\t\t<div class=\"elementor-column elementor-col-100 elementor-top-column elementor-element elementor-element-cfc33ef\" data-id=\"cfc33ef\" data-element_type=\"column\" data-e-type=\"column\">\n\t\t\t<div class=\"elementor-widget-wrap elementor-element-populated\">\n\t\t\t\t\t\t<div class=\"elementor-element elementor-element-a9d2963 e-transform elementor-widget elementor-widget-heading\" data-id=\"a9d2963\" data-element_type=\"widget\" data-e-type=\"widget\" data-settings=\"{&quot;_transform_scale_effect&quot;:{&quot;unit&quot;:&quot;px&quot;,&quot;size&quot;:1,&quot;sizes&quot;:[]},&quot;_transform_scale_effect_tablet&quot;:{&quot;unit&quot;:&quot;px&quot;,&quot;size&quot;:&quot;&quot;,&quot;sizes&quot;:[]},&quot;_transform_scale_effect_mobile&quot;:{&quot;unit&quot;:&quot;px&quot;,&quot;size&quot;:&quot;&quot;,&quot;sizes&quot;:[]}}\" data-widget_type=\"heading.default\">\n\t\t\t\t<div class=\"elementor-widget-container\">\n\t\t\t\t\t<h2 class=\"elementor-heading-title elementor-size-default\">B\u00fcro B\u00fcro! - Und wieder hat keiner Kaffee gekocht<\/h2>\t\t\t\t<\/div>\n\t\t\t\t<\/div>\n\t\t\t\t<div class=\"elementor-element elementor-element-cc1f1e4 elementor-widget elementor-widget-text-editor\" data-id=\"cc1f1e4\" data-element_type=\"widget\" data-e-type=\"widget\" data-widget_type=\"text-editor.default\">\n\t\t\t\t<div class=\"elementor-widget-container\">\n\t\t\t\t\t\t\t\t\t<p dir=\"ltr\">Wenn im B\u00fcro nichts mehr l\u00e4uft \u2013 au\u00dfer das Chaos<\/p><p dir=\"ltr\">\u201eB\u00fcro, B\u00fcro!\u201c \u2013 Eine rasante Kom\u00f6die \u00fcber Machtspiele, Missverst\u00e4ndnisse und den ganz normalen Wahnsinn<\/p><p dir=\"ltr\">Was nach einem ganz gew\u00f6hnlichen Arbeitstag klingt, entwickelt sich in der Kom\u00f6die \u201eB\u00fcro, B\u00fcro!\u201c zu einem urkomischen Ausnahmezustand. Zwischen Aktenbergen, Kaffeemaschine und Chefetage entfaltet sich ein turbulentes Spiel aus Intrigen, Eifersucht, heimlichen Pl\u00e4nen und jeder Menge Wortwitz.<\/p><p dir=\"ltr\">Im Mittelpunkt steht die Firma Junginger \u2013 Hersteller von Babyschnullern. Doch hinter der harmlosen Fassade brodelt es gewaltig: Der Chef verliert zunehmend die Kontrolle, die Sekret\u00e4rin hat genug von ihrer jahrelangen Vernunft, der Azubi verfolgt ganz eigene Pl\u00e4ne und in den B\u00fcros wird mehr getuschelt als gearbeitet. Als dann auch noch ein unangenehmer Besuch ins Haus steht, \u00fcberschlagen sich die Ereignisse.<\/p><p dir=\"ltr\">\u201eB\u00fcro, B\u00fcro!\u201c lebt von scharfz\u00fcngigen Dialogen, pointierten Figuren und einer Dynamik, die das Publikum von der ersten Minute an mitrei\u00dft. Jeder kennt sie \u2013 die kleinen und gro\u00dfen Dramen des Arbeitsalltags. Genau hier setzt die Kom\u00f6die an und \u00fcberzeichnet sie mit viel Humor und Tempo.<\/p><p dir=\"ltr\">Freuen Sie sich auf einen unterhaltsamen Theaterabend voller Situationskomik, \u00fcberraschender Wendungen und herrlich \u00fcberzeichneter Charaktere. Wer schon einmal in einem B\u00fcro gearbeitet hat \u2013 oder jemanden kennt, der es tut \u2013 wird sich in dieser Kom\u00f6die garantiert wiederfinden.<\/p>\t\t\t\t\t\t\t\t<\/div>\n\t\t\t\t<\/div>\n\t\t\t\t<div class=\"elementor-element elementor-element-2f089ef elementor-align-right elementor-mobile-align-center elementor-widget elementor-widget-button\" data-id=\"2f089ef\" data-element_type=\"widget\" data-e-type=\"widget\" data-widget_type=\"button.default\">\n\t\t\t\t<div class=\"elementor-widget-container\">\n\t\t\t\t\t\t\t\t\t<div class=\"elementor-button-wrapper\">\n\t\t\t\t\t<a class=\"elementor-button elementor-button-link elementor-size-sm\" href=\"https:\/\/kolpingbuehne-wattens.at\/en\/reservierung\/\">\n\t\t\t\t\t\t<span class=\"elementor-button-content-wrapper\">\n\t\t\t\t\t\t\t\t\t<span class=\"elementor-button-text\">Jetzt Karten reservieren!                                                  <\/span>\n\t\t\t\t\t<\/span>\n\t\t\t\t\t<\/a>\n\t\t\t\t<\/div>\n\t\t\t\t\t\t\t\t<\/div>\n\t\t\t\t<\/div>\n\t\t\t\t<div class=\"elementor-element elementor-element-5a3dd03 elementor-widget elementor-widget-heading\" data-id=\"5a3dd03\" data-element_type=\"widget\" data-e-type=\"widget\" data-widget_type=\"heading.default\">\n\t\t\t\t<div class=\"elementor-widget-container\">\n\t\t\t\t\t<h2 class=\"elementor-heading-title elementor-size-default\">Einblicke<\/h2>\t\t\t\t<\/div>\n\t\t\t\t<\/div>\n\t\t\t\t<div class=\"elementor-element elementor-element-9b53c70 elementor-arrows-position-inside elementor-pagination-position-outside elementor-widget elementor-widget-image-carousel\" data-id=\"9b53c70\" data-element_type=\"widget\" data-e-type=\"widget\" data-settings=\"{&quot;slides_to_show&quot;:&quot;3&quot;,&quot;navigation&quot;:&quot;both&quot;,&quot;autoplay&quot;:&quot;yes&quot;,&quot;pause_on_hover&quot;:&quot;yes&quot;,&quot;pause_on_interaction&quot;:&quot;yes&quot;,&quot;autoplay_speed&quot;:5000,&quot;infinite&quot;:&quot;yes&quot;,&quot;speed&quot;:500}\" data-widget_type=\"image-carousel.default\">\n\t\t\t\t<div class=\"elementor-widget-container\">\n\t\t\t\t\t\t\t<div class=\"elementor-image-carousel-wrapper swiper\" role=\"region\" aria-roledescription=\"carousel\" aria-label=\"Bild Karussell\" dir=\"ltr\">\n\t\t\t<div class=\"elementor-image-carousel swiper-wrapper\" aria-live=\"off\">\n\t\t\t\t\t\t\t\t<div class=\"swiper-slide\" role=\"group\" aria-roledescription=\"slide\" aria-label=\"1 of 3\"><figure class=\"swiper-slide-inner\"><img decoding=\"async\" class=\"swiper-slide-image\" src=\"https:\/\/kolpingbuehne-wattens.at\/wp-content\/uploads\/elementor\/thumbs\/13.3-30.3.-Probenfotos-rk2zfk40vu9b5c7fux8o0qlymh169r0u2l4i3p4wgo.png\" alt=\"13.3 - 30.3. - Probenfotos\" \/><\/figure><\/div><div class=\"swiper-slide\" role=\"group\" aria-roledescription=\"slide\" aria-label=\"2 of 3\"><figure class=\"swiper-slide-inner\"><img decoding=\"async\" class=\"swiper-slide-image\" src=\"https:\/\/kolpingbuehne-wattens.at\/wp-content\/uploads\/elementor\/thumbs\/13.2-30.3.-Probenfotos-rk2zgg2jc7h242x0ob1zdijmtknnjgjpizb0f3til4.png\" alt=\"13.2 - 30.3. - Probenfotos\" \/><\/figure><\/div><div class=\"swiper-slide\" role=\"group\" aria-roledescription=\"slide\" aria-label=\"3 of 3\"><figure class=\"swiper-slide-inner\"><img decoding=\"async\" class=\"swiper-slide-image\" src=\"https:\/\/kolpingbuehne-wattens.at\/wp-content\/uploads\/elementor\/thumbs\/13.1-30.3.-Probenfotos-rk2zh4ic9weihxxiplma6cdm9lb73l8qac9mwata3c.png\" alt=\"13.1 - 30.3. - Probenfotos\" \/><\/figure><\/div>\t\t\t<\/div>\n\t\t\t\t\t\t\t\t\t\t\t\t<div class=\"elementor-swiper-button elementor-swiper-button-prev\" role=\"button\" tabindex=\"0\">\n\t\t\t\t\t\t<i aria-hidden=\"true\" class=\"eicon-chevron-left\"><\/i>\t\t\t\t\t<\/div>\n\t\t\t\t\t<div class=\"elementor-swiper-button elementor-swiper-button-next\" role=\"button\" tabindex=\"0\">\n\t\t\t\t\t\t<i aria-hidden=\"true\" class=\"eicon-chevron-right\"><\/i>\t\t\t\t\t<\/div>\n\t\t\t\t\n\t\t\t\t\t\t\t\t\t<div class=\"swiper-pagination\"><\/div>\n\t\t\t\t\t\t\t\t\t<\/div>\n\t\t\t\t\t\t<\/div>\n\t\t\t\t<\/div>\n\t\t\t\t<div class=\"elementor-element elementor-element-ccd20b0 elementor-align-center elementor-mobile-align-center elementor-widget-mobile__width-inherit elementor-widget elementor-widget-button\" data-id=\"ccd20b0\" data-element_type=\"widget\" data-e-type=\"widget\" data-widget_type=\"button.default\">\n\t\t\t\t<div class=\"elementor-widget-container\">\n\t\t\t\t\t\t\t\t\t<div class=\"elementor-button-wrapper\">\n\t\t\t\t\t<a class=\"elementor-button elementor-button-link elementor-size-sm\" href=\"https:\/\/kolpingbuehne-wattens.at\/en\/reservierung\/\">\n\t\t\t\t\t\t<span class=\"elementor-button-content-wrapper\">\n\t\t\t\t\t\t\t\t\t<span class=\"elementor-button-text\">Jetzt Karten reservieren!<\/span>\n\t\t\t\t\t<\/span>\n\t\t\t\t\t<\/a>\n\t\t\t\t<\/div>\n\t\t\t\t\t\t\t\t<\/div>\n\t\t\t\t<\/div>\n\t\t\t\t<div class=\"elementor-element elementor-element-012ae0d elementor-widget elementor-widget-heading\" data-id=\"012ae0d\" data-element_type=\"widget\" data-e-type=\"widget\" data-widget_type=\"heading.default\">\n\t\t\t\t<div class=\"elementor-widget-container\">\n\t\t\t\t\t<h2 class=\"elementor-heading-title elementor-size-default\">Mitwirkende<\/h2>\t\t\t\t<\/div>\n\t\t\t\t<\/div>\n\t\t\t\t<section class=\"elementor-section elementor-inner-section elementor-element elementor-element-efc16d9 elementor-section-boxed elementor-section-height-default elementor-section-height-default\" data-id=\"efc16d9\" data-element_type=\"section\" data-e-type=\"section\">\n\t\t\t\t\t\t<div class=\"elementor-container elementor-column-gap-default\">\n\t\t\t\t\t<div class=\"elementor-column elementor-col-50 elementor-inner-column elementor-element elementor-element-98a19e6\" data-id=\"98a19e6\" data-element_type=\"column\" data-e-type=\"column\">\n\t\t\t<div class=\"elementor-widget-wrap elementor-element-populated\">\n\t\t\t\t\t\t<div class=\"elementor-element elementor-element-ca6aa5a elementor-widget elementor-widget-text-editor\" data-id=\"ca6aa5a\" data-element_type=\"widget\" data-e-type=\"widget\" data-widget_type=\"text-editor.default\">\n\t\t\t\t<div class=\"elementor-widget-container\">\n\t\t\t\t\t\t\t\t\t<p>Walter Junginger &#8211; Firmenchef<br \/>Hermine Junginger &#8211; Schwester von Walter Junginger<br \/>Achim Bender &#8211; Betriebsmeister und Onkel von Markus<br \/>Susanne Schmoll &#8211; Sekret\u00e4rin<br \/>Markus &#8211; Azubi &amp; Neffe von Achim Bender<br \/>Annette Giebel &#8211; B\u00fcroangestellte<br \/>Paul Keck &#8211; Freund von Frau Giebel<br \/>Erich Reuter &#8211; Finanzbeamter<\/p><p>Regie<br \/>Licht &amp; Ton<br \/>Maske<br \/>Kost\u00fcme<br \/>B\u00fchnenbild<br \/>Marketing<\/p><p>\u00a0<\/p>\t\t\t\t\t\t\t\t<\/div>\n\t\t\t\t<\/div>\n\t\t\t\t\t<\/div>\n\t\t<\/div>\n\t\t\t\t<div class=\"elementor-column elementor-col-50 elementor-inner-column elementor-element elementor-element-4059e3a\" data-id=\"4059e3a\" data-element_type=\"column\" data-e-type=\"column\">\n\t\t\t<div class=\"elementor-widget-wrap elementor-element-populated\">\n\t\t\t\t\t\t<div class=\"elementor-element elementor-element-87987b7 elementor-widget elementor-widget-text-editor\" data-id=\"87987b7\" data-element_type=\"widget\" data-e-type=\"widget\" data-widget_type=\"text-editor.default\">\n\t\t\t\t<div class=\"elementor-widget-container\">\n\t\t\t\t\t\t\t\t\t<p>Robert Egger<br \/>Vera Strolz<br \/>Johannes Egger<br \/>Kristin Planckh<br \/>Lukas Klotz<br \/>Anja Troppmair<br \/>Clemens Unteregger<br \/>Roland Egger<\/p><p>Wolfgang Scheiber<br \/>Markus &amp; Daniel Stocker, Roland Erler<br \/>Stefanie Maderb\u00f6ck<br \/>Birgit Klotz<br \/>Wolfgang Scheiber &amp; Robert Egger<br \/>Lukas &amp; Simon Klotz, Anja Troppmair<\/p>\t\t\t\t\t\t\t\t<\/div>\n\t\t\t\t<\/div>\n\t\t\t\t\t<\/div>\n\t\t<\/div>\n\t\t\t\t\t<\/div>\n\t\t<\/section>\n\t\t\t\t\t<\/div>\n\t\t<\/div>\n\t\t\t\t\t<\/div>\n\t\t<\/section>\n\t\t\t\t<\/div>","protected":false},"excerpt":{"rendered":"<p>B\u00fcro B\u00fcro! &#8211; Und wieder hat keiner Kaffee gekocht Wenn im B\u00fcro nichts mehr l\u00e4uft \u2013 au\u00dfer das Chaos \u201eB\u00fcro, B\u00fcro!\u201c \u2013 Eine rasante Kom\u00f6die \u00fcber Machtspiele, Missverst\u00e4ndnisse und den ganz normalen Wahnsinn Was nach einem ganz gew\u00f6hnlichen Arbeitstag klingt, entwickelt sich in der Kom\u00f6die \u201eB\u00fcro, B\u00fcro!\u201c zu einem urkomischen Ausnahmezustand. Zwischen Aktenbergen, Kaffeemaschine und&hellip;&nbsp;<a href=\"https:\/\/kolpingbuehne-wattens.at\/en\/\" class=\"\" rel=\"bookmark\">Read More &raquo;<span class=\"screen-reader-text\">Programmheft<\/span><\/a><\/p>","protected":false},"author":8,"featured_media":0,"parent":0,"menu_order":0,"comment_status":"closed","ping_status":"closed","template":"page-templates\/template-pagebuilder-full-width.php","meta":{"neve_meta_sidebar":"","neve_meta_container":"","neve_meta_enable_content_width":"","neve_meta_content_width":0,"neve_meta_title_alignment":"","neve_meta_author_avatar":"","neve_post_elements_order":"","neve_meta_disable_header":"","neve_meta_disable_footer":"","neve_meta_disable_title":"","footnotes":""},"class_list":["post-3849","page","type-page","status-publish","hentry"],"jetpack_sharing_enabled":true,"_links":{"self":[{"href":"https:\/\/kolpingbuehne-wattens.at\/en\/wp-json\/wp\/v2\/pages\/3849","targetHints":{"allow":["GET"]}}],"collection":[{"href":"https:\/\/kolpingbuehne-wattens.at\/en\/wp-json\/wp\/v2\/pages"}],"about":[{"href":"https:\/\/kolpingbuehne-wattens.at\/en\/wp-json\/wp\/v2\/types\/page"}],"author":[{"embeddable":true,"href":"https:\/\/kolpingbuehne-wattens.at\/en\/wp-json\/wp\/v2\/users\/8"}],"replies":[{"embeddable":true,"href":"https:\/\/kolpingbuehne-wattens.at\/en\/wp-json\/wp\/v2\/comments?post=3849"}],"version-history":[{"count":110,"href":"https:\/\/kolpingbuehne-wattens.at\/en\/wp-json\/wp\/v2\/pages\/3849\/revisions"}],"predecessor-version":[{"id":5243,"href":"https:\/\/kolpingbuehne-wattens.at\/en\/wp-json\/wp\/v2\/pages\/3849\/revisions\/5243"}],"wp:attachment":[{"href":"https:\/\/kolpingbuehne-wattens.at\/en\/wp-json\/wp\/v2\/media?parent=3849"}],"curies":[{"name":"wp","href":"https:\/\/api.w.org\/{rel}","templated":true}]}}