{"id":2408,"date":"2023-08-02T03:14:14","date_gmt":"2023-08-02T01:14:14","guid":{"rendered":"https:\/\/kolpingbuehne-wattens.at\/?page_id=2408"},"modified":"2023-10-19T13:20:02","modified_gmt":"2023-10-19T11:20:02","slug":"in-den-haenden-von-skrupella","status":"publish","type":"page","link":"https:\/\/kolpingbuehne-wattens.at\/en\/in-den-haenden-von-skrupella\/","title":{"rendered":"In den H\u00e4nden von Skrupella"},"content":{"rendered":"<div data-elementor-type=\"wp-page\" data-elementor-id=\"2408\" class=\"elementor elementor-2408\">\n\t\t\t\t\t\t<section class=\"elementor-section elementor-top-section elementor-element elementor-element-558a408 elementor-section-boxed elementor-section-height-default elementor-section-height-default\" data-id=\"558a408\" data-element_type=\"section\" data-e-type=\"section\">\n\t\t\t\t\t\t<div class=\"elementor-container elementor-column-gap-default\">\n\t\t\t\t\t<div class=\"elementor-column elementor-col-100 elementor-top-column elementor-element elementor-element-72abfab\" data-id=\"72abfab\" data-element_type=\"column\" data-e-type=\"column\">\n\t\t\t<div class=\"elementor-widget-wrap elementor-element-populated\">\n\t\t\t\t\t\t<div class=\"elementor-element elementor-element-ba82197 elementor-widget elementor-widget-heading\" data-id=\"ba82197\" data-element_type=\"widget\" data-e-type=\"widget\" data-widget_type=\"heading.default\">\n\t\t\t\t<div class=\"elementor-widget-container\">\n\t\t\t\t\t<h2 class=\"elementor-heading-title elementor-size-xl\">In den H\u00e4nden von Skurpella<\/h2>\t\t\t\t<\/div>\n\t\t\t\t<\/div>\n\t\t\t\t<div class=\"elementor-element elementor-element-2994219 elementor-widget elementor-widget-heading\" data-id=\"2994219\" data-element_type=\"widget\" data-e-type=\"widget\" data-widget_type=\"heading.default\">\n\t\t\t\t<div class=\"elementor-widget-container\">\n\t\t\t\t\t<h2 class=\"elementor-heading-title elementor-size-medium\">Inhalt<\/h2>\t\t\t\t<\/div>\n\t\t\t\t<\/div>\n\t\t\t\t<div class=\"elementor-element elementor-element-f638400 elementor-widget elementor-widget-text-editor\" data-id=\"f638400\" data-element_type=\"widget\" data-e-type=\"widget\" data-widget_type=\"text-editor.default\">\n\t\t\t\t<div class=\"elementor-widget-container\">\n\t\t\t\t\t\t\t\t\t<p>In einem weit entfernten K\u00f6nigreich versuchen hinterh\u00e4ltige Schurken Unruhe zu stiften. Sie schrecken selbst vor den k\u00f6niglichen Jagdhunden nicht zur\u00fcck und vergiften den Lieblingshund des K\u00f6nigs. Jedes Mittel ist ihnen Recht um an die Macht zu kommen.<br \/>Da beauftragt der K\u00f6nig Feltur, den Erfinder, ein Ger\u00e4t zu bauen, mit dem er die Gedanken seiner Untertanen lesen kann.<br \/>Feltur und Delolli, sein Neffe, bauen den Gedankenleser und \u00fcbergeben ihn Skrupella, der Base des K\u00f6nigs.<br \/>Damit beginnt die verh\u00e4ngnisvolle Geschichte ihren Lauf zu nehmen, denn Skrupella und ihre Freundin, Emailia, haben nichts Gutes im Sinn.<br \/>Wenn Feltur nicht gute Beziehungen zur Hexe Exquick aus der 6. Dimension h\u00e4tte, wer wei\u00df wie die Geschichte enden w\u00fcrde&#8230;<\/p>\t\t\t\t\t\t\t\t<\/div>\n\t\t\t\t<\/div>\n\t\t\t\t<div class=\"elementor-element elementor-element-88c321a elementor-widget elementor-widget-heading\" data-id=\"88c321a\" data-element_type=\"widget\" data-e-type=\"widget\" data-widget_type=\"heading.default\">\n\t\t\t\t<div class=\"elementor-widget-container\">\n\t\t\t\t\t<h2 class=\"elementor-heading-title elementor-size-medium\">Mitwirkende<\/h2>\t\t\t\t<\/div>\n\t\t\t\t<\/div>\n\t\t\t\t<section class=\"elementor-section elementor-inner-section elementor-element elementor-element-2c5e766 elementor-section-boxed elementor-section-height-default elementor-section-height-default\" data-id=\"2c5e766\" data-element_type=\"section\" data-e-type=\"section\">\n\t\t\t\t\t\t<div class=\"elementor-container elementor-column-gap-default\">\n\t\t\t\t\t<div class=\"elementor-column elementor-col-50 elementor-inner-column elementor-element elementor-element-4f6575a\" data-id=\"4f6575a\" data-element_type=\"column\" data-e-type=\"column\">\n\t\t\t<div class=\"elementor-widget-wrap elementor-element-populated\">\n\t\t\t\t\t\t<div class=\"elementor-element elementor-element-47f63c0 elementor-widget elementor-widget-text-editor\" data-id=\"47f63c0\" data-element_type=\"widget\" data-e-type=\"widget\" data-widget_type=\"text-editor.default\">\n\t\t\t\t<div class=\"elementor-widget-container\">\n\t\t\t\t\t\t\t\t\t<p><span style=\"color: var( --e-global-color-text ); font-family: var( --e-global-typography-text-font-family ), Sans-serif; font-weight: var( --e-global-typography-text-font-weight ); background-color: var(--nv-site-bg); font-size: var(--bodyfontsize); letter-spacing: var(--bodyletterspacing); text-transform: var(--bodytexttransform);\">K\u00f6nig<br \/>Feltur, k\u00f6niglicher Erfinder<br \/><\/span><span style=\"color: var( --e-global-color-text ); font-family: var( --e-global-typography-text-font-family ), Sans-serif; font-weight: var( --e-global-typography-text-font-weight ); background-color: var(--nv-site-bg); font-size: var(--bodyfontsize); letter-spacing: var(--bodyletterspacing); text-transform: var(--bodytexttransform);\">Skrupella, Base des K\u00f6nigs<br \/><\/span><span style=\"color: var( --e-global-color-text ); font-family: var( --e-global-typography-text-font-family ), Sans-serif; font-weight: var( --e-global-typography-text-font-weight ); background-color: var(--nv-site-bg); font-size: var(--bodyfontsize); letter-spacing: var(--bodyletterspacing); text-transform: var(--bodytexttransform);\">Delolli, Neffe Felturs<br \/><\/span><span style=\"color: var( --e-global-color-text ); font-family: var( --e-global-typography-text-font-family ), Sans-serif; font-weight: var( --e-global-typography-text-font-weight ); background-color: var(--nv-site-bg); font-size: var(--bodyfontsize); letter-spacing: var(--bodyletterspacing); text-transform: var(--bodytexttransform);\">Emailia, Gehilfin von Skurpella<br \/><\/span><span style=\"color: var( --e-global-color-text ); font-family: var( --e-global-typography-text-font-family ), Sans-serif; font-weight: var( --e-global-typography-text-font-weight ); background-color: var(--nv-site-bg); font-size: var(--bodyfontsize); letter-spacing: var(--bodyletterspacing); text-transform: var(--bodytexttransform);\">Esquick, Hexe aus der 6. Dimension<\/span><\/p><p>Regie<br \/><br \/><span style=\"color: var( --e-global-color-text ); font-family: var( --e-global-typography-text-font-family ), Sans-serif; font-weight: var( --e-global-typography-text-font-weight ); background-color: var(--nv-site-bg); font-size: var(--bodyfontsize); letter-spacing: var(--bodyletterspacing); text-transform: var(--bodytexttransform);\">Ton<br \/><\/span><span style=\"color: var( --e-global-color-text ); font-family: var( --e-global-typography-text-font-family ), Sans-serif; font-weight: var( --e-global-typography-text-font-weight ); background-color: var(--nv-site-bg); font-size: var(--bodyfontsize); letter-spacing: var(--bodyletterspacing); text-transform: var(--bodytexttransform);\">Beleuchtung<br \/><\/span><span style=\"color: var( --e-global-color-text ); font-family: var( --e-global-typography-text-font-family ), Sans-serif; font-weight: var( --e-global-typography-text-font-weight ); background-color: var(--nv-site-bg); font-size: var(--bodyfontsize); letter-spacing: var(--bodyletterspacing); text-transform: var(--bodytexttransform);\">Maske<\/span><\/p><p>B\u00fchnenbau<\/p>\t\t\t\t\t\t\t\t<\/div>\n\t\t\t\t<\/div>\n\t\t\t\t\t<\/div>\n\t\t<\/div>\n\t\t\t\t<div class=\"elementor-column elementor-col-50 elementor-inner-column elementor-element elementor-element-b438903\" data-id=\"b438903\" data-element_type=\"column\" data-e-type=\"column\">\n\t\t\t<div class=\"elementor-widget-wrap elementor-element-populated\">\n\t\t\t\t\t\t<div class=\"elementor-element elementor-element-52bf80e elementor-widget elementor-widget-text-editor\" data-id=\"52bf80e\" data-element_type=\"widget\" data-e-type=\"widget\" data-widget_type=\"text-editor.default\">\n\t\t\t\t<div class=\"elementor-widget-container\">\n\t\t\t\t\t\t\t\t\t<p>Stephan \u00dcberegger<br>Franz Kreiner<br>Monika Unterlechner<br>Andreas Scheiber<br>Margot Krenn<br>Claudia Hoppichler<\/p><p>Wolfgang Scheiber<br>Thomas Strolz<br>Gabor Gunda<br>M\u00fchlegger Markus<br>Viktoria Knapp<br>Elvira Scheiber<br>Thomas Strolz<br>Vera Wechselberger<br>Stephan \u00dcberegger<br>Franz Kreiner<br>Wolfgang Scheiber<\/p>\n<p><\/p>\t\t\t\t\t\t\t\t<\/div>\n\t\t\t\t<\/div>\n\t\t\t\t\t<\/div>\n\t\t<\/div>\n\t\t\t\t\t<\/div>\n\t\t<\/section>\n\t\t\t\t\t<\/div>\n\t\t<\/div>\n\t\t\t\t\t<\/div>\n\t\t<\/section>\n\t\t\t\t<\/div>","protected":false},"excerpt":{"rendered":"<p>In den H\u00e4nden von Skurpella Inhalt In einem weit entfernten K\u00f6nigreich versuchen hinterh\u00e4ltige Schurken Unruhe zu stiften. Sie schrecken selbst vor den k\u00f6niglichen Jagdhunden nicht zur\u00fcck und vergiften den Lieblingshund des K\u00f6nigs. Jedes Mittel ist ihnen Recht um an die Macht zu kommen.Da beauftragt der K\u00f6nig Feltur, den Erfinder, ein Ger\u00e4t zu bauen, mit dem&hellip;&nbsp;<a href=\"https:\/\/kolpingbuehne-wattens.at\/en\/in-den-haenden-von-skrupella\/\" class=\"\" rel=\"bookmark\">Read More &raquo;<span class=\"screen-reader-text\">In den H\u00e4nden von Skrupella<\/span><\/a><\/p>","protected":false},"author":8,"featured_media":0,"parent":0,"menu_order":0,"comment_status":"closed","ping_status":"closed","template":"page-templates\/template-pagebuilder-full-width.php","meta":{"neve_meta_sidebar":"","neve_meta_container":"","neve_meta_enable_content_width":"","neve_meta_content_width":0,"neve_meta_title_alignment":"","neve_meta_author_avatar":"","neve_post_elements_order":"","neve_meta_disable_header":"","neve_meta_disable_footer":"","neve_meta_disable_title":"","footnotes":""},"class_list":["post-2408","page","type-page","status-publish","hentry"],"jetpack_sharing_enabled":true,"_links":{"self":[{"href":"https:\/\/kolpingbuehne-wattens.at\/en\/wp-json\/wp\/v2\/pages\/2408","targetHints":{"allow":["GET"]}}],"collection":[{"href":"https:\/\/kolpingbuehne-wattens.at\/en\/wp-json\/wp\/v2\/pages"}],"about":[{"href":"https:\/\/kolpingbuehne-wattens.at\/en\/wp-json\/wp\/v2\/types\/page"}],"author":[{"embeddable":true,"href":"https:\/\/kolpingbuehne-wattens.at\/en\/wp-json\/wp\/v2\/users\/8"}],"replies":[{"embeddable":true,"href":"https:\/\/kolpingbuehne-wattens.at\/en\/wp-json\/wp\/v2\/comments?post=2408"}],"version-history":[{"count":10,"href":"https:\/\/kolpingbuehne-wattens.at\/en\/wp-json\/wp\/v2\/pages\/2408\/revisions"}],"predecessor-version":[{"id":3105,"href":"https:\/\/kolpingbuehne-wattens.at\/en\/wp-json\/wp\/v2\/pages\/2408\/revisions\/3105"}],"wp:attachment":[{"href":"https:\/\/kolpingbuehne-wattens.at\/en\/wp-json\/wp\/v2\/media?parent=2408"}],"curies":[{"name":"wp","href":"https:\/\/api.w.org\/{rel}","templated":true}]}}