{"id":2406,"date":"2023-08-02T03:13:44","date_gmt":"2023-08-02T01:13:44","guid":{"rendered":"https:\/\/kolpingbuehne-wattens.at\/?page_id=2406"},"modified":"2024-01-03T02:14:32","modified_gmt":"2024-01-03T01:14:32","slug":"das-rotkaeppchen","status":"publish","type":"page","link":"https:\/\/kolpingbuehne-wattens.at\/en\/das-rotkaeppchen\/","title":{"rendered":"Das Rotk\u00e4ppchen"},"content":{"rendered":"<div data-elementor-type=\"wp-page\" data-elementor-id=\"2406\" class=\"elementor elementor-2406\">\n\t\t\t\t\t\t<section class=\"elementor-section elementor-top-section elementor-element elementor-element-474a171 elementor-section-boxed elementor-section-height-default elementor-section-height-default\" data-id=\"474a171\" data-element_type=\"section\" data-e-type=\"section\">\n\t\t\t\t\t\t<div class=\"elementor-container elementor-column-gap-default\">\n\t\t\t\t\t<div class=\"elementor-column elementor-col-100 elementor-top-column elementor-element elementor-element-7544847\" data-id=\"7544847\" data-element_type=\"column\" data-e-type=\"column\">\n\t\t\t<div class=\"elementor-widget-wrap elementor-element-populated\">\n\t\t\t\t\t\t<div class=\"elementor-element elementor-element-1687b45 elementor-widget elementor-widget-heading\" data-id=\"1687b45\" data-element_type=\"widget\" data-e-type=\"widget\" data-widget_type=\"heading.default\">\n\t\t\t\t<div class=\"elementor-widget-container\">\n\t\t\t\t\t<h2 class=\"elementor-heading-title elementor-size-xl\">Das Rotk\u00e4ppchen<\/h2>\t\t\t\t<\/div>\n\t\t\t\t<\/div>\n\t\t\t\t<div class=\"elementor-element elementor-element-fc91867 elementor-widget elementor-widget-heading\" data-id=\"fc91867\" data-element_type=\"widget\" data-e-type=\"widget\" data-widget_type=\"heading.default\">\n\t\t\t\t<div class=\"elementor-widget-container\">\n\t\t\t\t\t<h2 class=\"elementor-heading-title elementor-size-medium\">Inhalt<\/h2>\t\t\t\t<\/div>\n\t\t\t\t<\/div>\n\t\t\t\t<div class=\"elementor-element elementor-element-eb400c7 elementor-widget elementor-widget-text-editor\" data-id=\"eb400c7\" data-element_type=\"widget\" data-e-type=\"widget\" data-widget_type=\"text-editor.default\">\n\t\t\t\t<div class=\"elementor-widget-container\">\n\t\t\t\t\t\t\t\t\t<p>Besorgt um ihre kranke Gro\u00dfmutter macht sich Rotk\u00e4ppchen auf den Weg, ihr frische Milch und einen guten Kuchen zu bringen. Begleitet wird sie dabei von ihren Freunden dem B\u00e4r, der Katze und dem Hasen Wei\u00dfohr, die das Rotk\u00e4ppchen vor dem b\u00f6sen Wolf besch\u00fctzen wollen. damit alle Tiere des Waldes endlich wieder in Frieden leben k\u00f6nnen, beschlie\u00dft das Rotk\u00e4ppchen sich dem gefr\u00e4\u00dfigen Wolf zu stellen und ihne mit einer List aus dem Wald zu verjagen.<br \/>Ein gef\u00e4hrliches Unterfangen, da sich der schlaue Fuchs auf die Seite des b\u00f6sen Wolfes geschlagen hat&#8230;<\/p>\t\t\t\t\t\t\t\t<\/div>\n\t\t\t\t<\/div>\n\t\t\t\t<div class=\"elementor-element elementor-element-3aa9913 elementor-widget elementor-widget-heading\" data-id=\"3aa9913\" data-element_type=\"widget\" data-e-type=\"widget\" data-widget_type=\"heading.default\">\n\t\t\t\t<div class=\"elementor-widget-container\">\n\t\t\t\t\t<h2 class=\"elementor-heading-title elementor-size-medium\">Mitwirkende<\/h2>\t\t\t\t<\/div>\n\t\t\t\t<\/div>\n\t\t\t\t<section class=\"elementor-section elementor-inner-section elementor-element elementor-element-db636b8 elementor-section-boxed elementor-section-height-default elementor-section-height-default\" data-id=\"db636b8\" data-element_type=\"section\" data-e-type=\"section\">\n\t\t\t\t\t\t<div class=\"elementor-container elementor-column-gap-default\">\n\t\t\t\t\t<div class=\"elementor-column elementor-col-50 elementor-inner-column elementor-element elementor-element-d65da7b\" data-id=\"d65da7b\" data-element_type=\"column\" data-e-type=\"column\">\n\t\t\t<div class=\"elementor-widget-wrap elementor-element-populated\">\n\t\t\t\t\t\t<div class=\"elementor-element elementor-element-1b1adc0 elementor-widget elementor-widget-text-editor\" data-id=\"1b1adc0\" data-element_type=\"widget\" data-e-type=\"widget\" data-widget_type=\"text-editor.default\">\n\t\t\t\t<div class=\"elementor-widget-container\">\n\t\t\t\t\t\t\t\t\t<p>Rotk\u00e4ppchen<br \/>Rotk\u00e4ppchens Mutter<br \/>Rotk\u00e4ppchens Gro\u00dfmutter<br \/>Hase Wei\u00dfohr<br \/>Katze<br \/>B\u00e4r<br \/>Fuchs<br \/>Wolf<br \/>F\u00f6rster<\/p><p>Regie<br \/>Ton<br \/>Beleuchtung<br \/>B\u00fchnenbau<br \/><br \/><br \/>Maske<\/p>\t\t\t\t\t\t\t\t<\/div>\n\t\t\t\t<\/div>\n\t\t\t\t\t<\/div>\n\t\t<\/div>\n\t\t\t\t<div class=\"elementor-column elementor-col-50 elementor-inner-column elementor-element elementor-element-c66f82e\" data-id=\"c66f82e\" data-element_type=\"column\" data-e-type=\"column\">\n\t\t\t<div class=\"elementor-widget-wrap elementor-element-populated\">\n\t\t\t\t\t\t<div class=\"elementor-element elementor-element-b8c032e elementor-widget elementor-widget-text-editor\" data-id=\"b8c032e\" data-element_type=\"widget\" data-e-type=\"widget\" data-widget_type=\"text-editor.default\">\n\t\t\t\t<div class=\"elementor-widget-container\">\n\t\t\t\t\t\t\t\t\t<p>Tanja Hoppichler<br>Elisabeth Holzknecht<br>Amarilla Franzescy<br>Lukas Egger<br>Markus Egger<br>Clemens Stocker<br>Margot Krenn<br>Robert Egger<br>Franz Perktold<br><\/p><p>Wolfgang Scheiber<br>Gabor Gundar<br>Herbert Dorfer<br>Wolfgang Scheiber<br>Clemens Stocker<br>Robert Egger<br>Viktoria Knapp<br>Elvira Scheiber<\/p>\t\t\t\t\t\t\t\t<\/div>\n\t\t\t\t<\/div>\n\t\t\t\t\t<\/div>\n\t\t<\/div>\n\t\t\t\t\t<\/div>\n\t\t<\/section>\n\t\t\t\t<div class=\"elementor-element elementor-element-5d79508 elementor-widget elementor-widget-heading\" data-id=\"5d79508\" data-element_type=\"widget\" data-e-type=\"widget\" data-widget_type=\"heading.default\">\n\t\t\t\t<div class=\"elementor-widget-container\">\n\t\t\t\t\t<h2 class=\"elementor-heading-title elementor-size-medium\">Einblicke<\/h2>\t\t\t\t<\/div>\n\t\t\t\t<\/div>\n\t\t\t\t\t<\/div>\n\t\t<\/div>\n\t\t\t\t\t<\/div>\n\t\t<\/section>\n\t\t\t\t<section class=\"elementor-section elementor-top-section elementor-element elementor-element-7c52609 elementor-section-boxed elementor-section-height-default elementor-section-height-default\" data-id=\"7c52609\" data-element_type=\"section\" data-e-type=\"section\">\n\t\t\t\t\t\t<div class=\"elementor-container elementor-column-gap-default\">\n\t\t\t\t\t<div class=\"elementor-column elementor-col-100 elementor-top-column elementor-element elementor-element-ca4afd9\" data-id=\"ca4afd9\" data-element_type=\"column\" data-e-type=\"column\">\n\t\t\t<div class=\"elementor-widget-wrap elementor-element-populated\">\n\t\t\t\t\t\t<div class=\"elementor-element elementor-element-0a96245 elementor-widget elementor-widget-image\" data-id=\"0a96245\" data-element_type=\"widget\" data-e-type=\"widget\" data-widget_type=\"image.default\">\n\t\t\t\t<div class=\"elementor-widget-container\">\n\t\t\t\t\t\t\t\t\t\t\t\t\t\t\t<img fetchpriority=\"high\" decoding=\"async\" width=\"300\" height=\"206\" src=\"https:\/\/kolpingbuehne-wattens.at\/wp-content\/uploads\/2024\/01\/Das-Rotkaeppchen2-300x206.jpg\" class=\"attachment-medium size-medium wp-image-3770\" alt=\"\" srcset=\"https:\/\/kolpingbuehne-wattens.at\/wp-content\/uploads\/2024\/01\/Das-Rotkaeppchen2-300x206.jpg 300w, https:\/\/kolpingbuehne-wattens.at\/wp-content\/uploads\/2024\/01\/Das-Rotkaeppchen2-768x527.jpg 768w, https:\/\/kolpingbuehne-wattens.at\/wp-content\/uploads\/2024\/01\/Das-Rotkaeppchen2-18x12.jpg 18w, https:\/\/kolpingbuehne-wattens.at\/wp-content\/uploads\/2024\/01\/Das-Rotkaeppchen2-600x411.jpg 600w, https:\/\/kolpingbuehne-wattens.at\/wp-content\/uploads\/2024\/01\/Das-Rotkaeppchen2.jpg 1021w\" sizes=\"(max-width: 300px) 100vw, 300px\" \/>\t\t\t\t\t\t\t\t\t\t\t\t\t\t\t<\/div>\n\t\t\t\t<\/div>\n\t\t\t\t\t<\/div>\n\t\t<\/div>\n\t\t\t\t\t<\/div>\n\t\t<\/section>\n\t\t\t\t<\/div>","protected":false},"excerpt":{"rendered":"<p>Das Rotk\u00e4ppchen Inhalt Besorgt um ihre kranke Gro\u00dfmutter macht sich Rotk\u00e4ppchen auf den Weg, ihr frische Milch und einen guten Kuchen zu bringen. Begleitet wird sie dabei von ihren Freunden dem B\u00e4r, der Katze und dem Hasen Wei\u00dfohr, die das Rotk\u00e4ppchen vor dem b\u00f6sen Wolf besch\u00fctzen wollen. damit alle Tiere des Waldes endlich wieder in&hellip;&nbsp;<a href=\"https:\/\/kolpingbuehne-wattens.at\/en\/das-rotkaeppchen\/\" class=\"\" rel=\"bookmark\">Read More &raquo;<span class=\"screen-reader-text\">Das Rotk\u00e4ppchen<\/span><\/a><\/p>","protected":false},"author":8,"featured_media":0,"parent":0,"menu_order":0,"comment_status":"closed","ping_status":"closed","template":"page-templates\/template-pagebuilder-full-width.php","meta":{"neve_meta_sidebar":"","neve_meta_container":"","neve_meta_enable_content_width":"","neve_meta_content_width":0,"neve_meta_title_alignment":"","neve_meta_author_avatar":"","neve_post_elements_order":"","neve_meta_disable_header":"","neve_meta_disable_footer":"","neve_meta_disable_title":"","footnotes":""},"class_list":["post-2406","page","type-page","status-publish","hentry"],"jetpack_sharing_enabled":true,"_links":{"self":[{"href":"https:\/\/kolpingbuehne-wattens.at\/en\/wp-json\/wp\/v2\/pages\/2406","targetHints":{"allow":["GET"]}}],"collection":[{"href":"https:\/\/kolpingbuehne-wattens.at\/en\/wp-json\/wp\/v2\/pages"}],"about":[{"href":"https:\/\/kolpingbuehne-wattens.at\/en\/wp-json\/wp\/v2\/types\/page"}],"author":[{"embeddable":true,"href":"https:\/\/kolpingbuehne-wattens.at\/en\/wp-json\/wp\/v2\/users\/8"}],"replies":[{"embeddable":true,"href":"https:\/\/kolpingbuehne-wattens.at\/en\/wp-json\/wp\/v2\/comments?post=2406"}],"version-history":[{"count":10,"href":"https:\/\/kolpingbuehne-wattens.at\/en\/wp-json\/wp\/v2\/pages\/2406\/revisions"}],"predecessor-version":[{"id":3776,"href":"https:\/\/kolpingbuehne-wattens.at\/en\/wp-json\/wp\/v2\/pages\/2406\/revisions\/3776"}],"wp:attachment":[{"href":"https:\/\/kolpingbuehne-wattens.at\/en\/wp-json\/wp\/v2\/media?parent=2406"}],"curies":[{"name":"wp","href":"https:\/\/api.w.org\/{rel}","templated":true}]}}