{"id":2366,"date":"2023-07-23T23:00:00","date_gmt":"2023-07-23T21:00:00","guid":{"rendered":"https:\/\/kolpingbuehne-wattens.at\/?page_id=2366"},"modified":"2023-10-19T13:19:12","modified_gmt":"2023-10-19T11:19:12","slug":"spiels-nochmal-sam","status":"publish","type":"page","link":"https:\/\/kolpingbuehne-wattens.at\/en\/spiels-nochmal-sam\/","title":{"rendered":"Spiel&#8217;s nochmal Sam"},"content":{"rendered":"<div data-elementor-type=\"wp-page\" data-elementor-id=\"2366\" class=\"elementor elementor-2366\">\n\t\t\t\t\t\t<section class=\"elementor-section elementor-top-section elementor-element elementor-element-d19f263 elementor-section-boxed elementor-section-height-default elementor-section-height-default\" data-id=\"d19f263\" data-element_type=\"section\" data-e-type=\"section\">\n\t\t\t\t\t\t<div class=\"elementor-container elementor-column-gap-default\">\n\t\t\t\t\t<div class=\"elementor-column elementor-col-100 elementor-top-column elementor-element elementor-element-92c213e\" data-id=\"92c213e\" data-element_type=\"column\" data-e-type=\"column\">\n\t\t\t<div class=\"elementor-widget-wrap elementor-element-populated\">\n\t\t\t\t\t\t<div class=\"elementor-element elementor-element-31e6dab elementor-widget elementor-widget-heading\" data-id=\"31e6dab\" data-element_type=\"widget\" data-e-type=\"widget\" data-widget_type=\"heading.default\">\n\t\t\t\t<div class=\"elementor-widget-container\">\n\t\t\t\t\t<h2 class=\"elementor-heading-title elementor-size-xl\">Spiel's nochmal Sam<\/h2>\t\t\t\t<\/div>\n\t\t\t\t<\/div>\n\t\t\t\t<div class=\"elementor-element elementor-element-75d4213 elementor-widget elementor-widget-heading\" data-id=\"75d4213\" data-element_type=\"widget\" data-e-type=\"widget\" data-widget_type=\"heading.default\">\n\t\t\t\t<div class=\"elementor-widget-container\">\n\t\t\t\t\t<h2 class=\"elementor-heading-title elementor-size-medium\">Inhalt<\/h2>\t\t\t\t<\/div>\n\t\t\t\t<\/div>\n\t\t\t\t<div class=\"elementor-element elementor-element-ba53330 elementor-widget elementor-widget-text-editor\" data-id=\"ba53330\" data-element_type=\"widget\" data-e-type=\"widget\" data-widget_type=\"text-editor.default\">\n\t\t\t\t<div class=\"elementor-widget-container\">\n\t\t\t\t\t\t\t\t\t<p>Spiel&#8217;s nochmal, Sam&#8220; ist die autobiographische Darstellung eines Verliebten mit ungeheuren Komplexen. So urteilt der Autor, der bei der Verfilmung des Stoffes 1972 selbst die Hauptrolle \u00fcbernommen hat, \u00fcber diese Kom\u00f6die.\u00a0<br \/>Woody Allen behandelt darin die vergeblichen Versuche des gerade geschiedenen Filmkritikers Allan Felix endlich die Frau f\u00fcr&#8217;s Leben (oder zumindest f\u00fcr eine Nacht) zu finden. Dabei l\u00e4sst er sich von seinem gro\u00dfen Vorbild Humphrey Bogart beraten. Doch obwohl er sich nach dessen Tipps verh\u00e4lt, enden seine Rendezvous stets in einem Fiasko. Ob Vamp, Intellektuelle oder braves M\u00e4dchen &#8211; keine bei\u00dft bei ihm an.<br \/>Wird es Allan Felix letztendlich doch noch gelingen seine Hoffnung und W\u00fcnsche erf\u00fcllen?<\/p>\t\t\t\t\t\t\t\t<\/div>\n\t\t\t\t<\/div>\n\t\t\t\t<div class=\"elementor-element elementor-element-df66cc9 elementor-widget elementor-widget-heading\" data-id=\"df66cc9\" data-element_type=\"widget\" data-e-type=\"widget\" data-widget_type=\"heading.default\">\n\t\t\t\t<div class=\"elementor-widget-container\">\n\t\t\t\t\t<h2 class=\"elementor-heading-title elementor-size-medium\">Mitwirkende<\/h2>\t\t\t\t<\/div>\n\t\t\t\t<\/div>\n\t\t\t\t<section class=\"elementor-section elementor-inner-section elementor-element elementor-element-3f9e6f2 elementor-section-boxed elementor-section-height-default elementor-section-height-default\" data-id=\"3f9e6f2\" data-element_type=\"section\" data-e-type=\"section\">\n\t\t\t\t\t\t<div class=\"elementor-container elementor-column-gap-default\">\n\t\t\t\t\t<div class=\"elementor-column elementor-col-50 elementor-inner-column elementor-element elementor-element-5dcfa22\" data-id=\"5dcfa22\" data-element_type=\"column\" data-e-type=\"column\">\n\t\t\t<div class=\"elementor-widget-wrap elementor-element-populated\">\n\t\t\t\t\t\t<div class=\"elementor-element elementor-element-794fe8f elementor-widget elementor-widget-text-editor\" data-id=\"794fe8f\" data-element_type=\"widget\" data-e-type=\"widget\" data-widget_type=\"text-editor.default\">\n\t\t\t\t<div class=\"elementor-widget-container\">\n\t\t\t\t\t\t\t\t\t<p>Allan Felix<br \/>Nancy<br \/>Humphrey Bogart<br \/>Dick Christie<br \/>Linda Christie<br \/>Scharon Lake<br \/>Gina<br \/>Vanessa<br \/>M\u00e4dchen an der Bar<br \/>Barbara<\/p><p>Regie<br \/>Beleuchtung und Technik<br \/><br \/>B\u00fchnenbau<br \/><br \/><br \/>Maske<br \/><br \/>Souffleuse<\/p>\t\t\t\t\t\t\t\t<\/div>\n\t\t\t\t<\/div>\n\t\t\t\t\t<\/div>\n\t\t<\/div>\n\t\t\t\t<div class=\"elementor-column elementor-col-50 elementor-inner-column elementor-element elementor-element-d8cfb7d\" data-id=\"d8cfb7d\" data-element_type=\"column\" data-e-type=\"column\">\n\t\t\t<div class=\"elementor-widget-wrap elementor-element-populated\">\n\t\t\t\t\t\t<div class=\"elementor-element elementor-element-8d32fc0 elementor-widget elementor-widget-text-editor\" data-id=\"8d32fc0\" data-element_type=\"widget\" data-e-type=\"widget\" data-widget_type=\"text-editor.default\">\n\t\t\t\t<div class=\"elementor-widget-container\">\n\t\t\t\t\t\t\t\t\t<p>Thomas Gassner<br>Sandra Perktold<br>Georg Aichner<br>Georg Aichner<br>Margot Krenn<br>Anette Hausbichler<br>Sandra Bl\u00f6mer<br>Sabine Reiter<br>Sabine Reiter<br>Sandra Perktold<\/p><p>Wolfgang Scheiber<br>Herbert Dorfer<br>Stefan Mayr<br>Manfred Perktold<br>Hannes Beihammer<br>Hannes Salchner<br>Viktoria Knapp<br>Elvira Scheiber<br>Maria Markart<\/p>\t\t\t\t\t\t\t\t<\/div>\n\t\t\t\t<\/div>\n\t\t\t\t\t<\/div>\n\t\t<\/div>\n\t\t\t\t\t<\/div>\n\t\t<\/section>\n\t\t\t\t\t<\/div>\n\t\t<\/div>\n\t\t\t\t\t<\/div>\n\t\t<\/section>\n\t\t\t\t<\/div>","protected":false},"excerpt":{"rendered":"<p>Spiel&#8217;s nochmal Sam Inhalt Spiel&#8217;s nochmal, Sam&#8220; ist die autobiographische Darstellung eines Verliebten mit ungeheuren Komplexen. So urteilt der Autor, der bei der Verfilmung des Stoffes 1972 selbst die Hauptrolle \u00fcbernommen hat, \u00fcber diese Kom\u00f6die.\u00a0Woody Allen behandelt darin die vergeblichen Versuche des gerade geschiedenen Filmkritikers Allan Felix endlich die Frau f\u00fcr&#8217;s Leben (oder zumindest f\u00fcr&hellip;&nbsp;<a href=\"https:\/\/kolpingbuehne-wattens.at\/en\/spiels-nochmal-sam\/\" class=\"\" rel=\"bookmark\">Read More &raquo;<span class=\"screen-reader-text\">Spiel&#8217;s nochmal Sam<\/span><\/a><\/p>","protected":false},"author":8,"featured_media":0,"parent":0,"menu_order":0,"comment_status":"closed","ping_status":"closed","template":"page-templates\/template-pagebuilder-full-width.php","meta":{"neve_meta_sidebar":"","neve_meta_container":"","neve_meta_enable_content_width":"","neve_meta_content_width":0,"neve_meta_title_alignment":"","neve_meta_author_avatar":"","neve_post_elements_order":"","neve_meta_disable_header":"","neve_meta_disable_footer":"","neve_meta_disable_title":"","footnotes":""},"class_list":["post-2366","page","type-page","status-publish","hentry"],"jetpack_sharing_enabled":true,"_links":{"self":[{"href":"https:\/\/kolpingbuehne-wattens.at\/en\/wp-json\/wp\/v2\/pages\/2366","targetHints":{"allow":["GET"]}}],"collection":[{"href":"https:\/\/kolpingbuehne-wattens.at\/en\/wp-json\/wp\/v2\/pages"}],"about":[{"href":"https:\/\/kolpingbuehne-wattens.at\/en\/wp-json\/wp\/v2\/types\/page"}],"author":[{"embeddable":true,"href":"https:\/\/kolpingbuehne-wattens.at\/en\/wp-json\/wp\/v2\/users\/8"}],"replies":[{"embeddable":true,"href":"https:\/\/kolpingbuehne-wattens.at\/en\/wp-json\/wp\/v2\/comments?post=2366"}],"version-history":[{"count":16,"href":"https:\/\/kolpingbuehne-wattens.at\/en\/wp-json\/wp\/v2\/pages\/2366\/revisions"}],"predecessor-version":[{"id":3099,"href":"https:\/\/kolpingbuehne-wattens.at\/en\/wp-json\/wp\/v2\/pages\/2366\/revisions\/3099"}],"wp:attachment":[{"href":"https:\/\/kolpingbuehne-wattens.at\/en\/wp-json\/wp\/v2\/media?parent=2366"}],"curies":[{"name":"wp","href":"https:\/\/api.w.org\/{rel}","templated":true}]}}