{"id":2364,"date":"2023-07-23T23:00:00","date_gmt":"2023-07-23T21:00:00","guid":{"rendered":"https:\/\/kolpingbuehne-wattens.at\/?page_id=2364"},"modified":"2023-12-30T00:32:31","modified_gmt":"2023-12-29T23:32:31","slug":"zwerg-nase","status":"publish","type":"page","link":"https:\/\/kolpingbuehne-wattens.at\/en\/zwerg-nase\/","title":{"rendered":"Zwerg Nase"},"content":{"rendered":"<div data-elementor-type=\"wp-page\" data-elementor-id=\"2364\" class=\"elementor elementor-2364\">\n\t\t\t\t\t\t<section class=\"elementor-section elementor-top-section elementor-element elementor-element-71682c4 elementor-section-boxed elementor-section-height-default elementor-section-height-default\" data-id=\"71682c4\" data-element_type=\"section\" data-e-type=\"section\">\n\t\t\t\t\t\t<div class=\"elementor-container elementor-column-gap-default\">\n\t\t\t\t\t<div class=\"elementor-column elementor-col-100 elementor-top-column elementor-element elementor-element-51a9151\" data-id=\"51a9151\" data-element_type=\"column\" data-e-type=\"column\">\n\t\t\t<div class=\"elementor-widget-wrap elementor-element-populated\">\n\t\t\t\t\t\t\t<\/div>\n\t\t<\/div>\n\t\t\t\t\t<\/div>\n\t\t<\/section>\n\t\t\t\t<section class=\"elementor-section elementor-top-section elementor-element elementor-element-79b3098 elementor-section-boxed elementor-section-height-default elementor-section-height-default\" data-id=\"79b3098\" data-element_type=\"section\" data-e-type=\"section\">\n\t\t\t\t\t\t<div class=\"elementor-container elementor-column-gap-default\">\n\t\t\t\t\t<div class=\"elementor-column elementor-col-100 elementor-top-column elementor-element elementor-element-9259706\" data-id=\"9259706\" data-element_type=\"column\" data-e-type=\"column\">\n\t\t\t<div class=\"elementor-widget-wrap elementor-element-populated\">\n\t\t\t\t\t\t<div class=\"elementor-element elementor-element-0537d18 elementor-widget elementor-widget-heading\" data-id=\"0537d18\" data-element_type=\"widget\" data-e-type=\"widget\" data-widget_type=\"heading.default\">\n\t\t\t\t<div class=\"elementor-widget-container\">\n\t\t\t\t\t<h2 class=\"elementor-heading-title elementor-size-xl\">Zwerg Nase<\/h2>\t\t\t\t<\/div>\n\t\t\t\t<\/div>\n\t\t\t\t\t<\/div>\n\t\t<\/div>\n\t\t\t\t\t<\/div>\n\t\t<\/section>\n\t\t\t\t<section class=\"elementor-section elementor-top-section elementor-element elementor-element-0488b12 elementor-section-boxed elementor-section-height-default elementor-section-height-default\" data-id=\"0488b12\" data-element_type=\"section\" data-e-type=\"section\">\n\t\t\t\t\t\t<div class=\"elementor-container elementor-column-gap-default\">\n\t\t\t\t\t<div class=\"elementor-column elementor-col-100 elementor-top-column elementor-element elementor-element-27b04e6\" data-id=\"27b04e6\" data-element_type=\"column\" data-e-type=\"column\">\n\t\t\t<div class=\"elementor-widget-wrap elementor-element-populated\">\n\t\t\t\t\t\t<div class=\"elementor-element elementor-element-2e50d0c elementor-widget elementor-widget-heading\" data-id=\"2e50d0c\" data-element_type=\"widget\" data-e-type=\"widget\" data-widget_type=\"heading.default\">\n\t\t\t\t<div class=\"elementor-widget-container\">\n\t\t\t\t\t<h2 class=\"elementor-heading-title elementor-size-medium\">Inhalt<\/h2>\t\t\t\t<\/div>\n\t\t\t\t<\/div>\n\t\t\t\t<div class=\"elementor-element elementor-element-2bd732f elementor-widget elementor-widget-text-editor\" data-id=\"2bd732f\" data-element_type=\"widget\" data-e-type=\"widget\" data-widget_type=\"text-editor.default\">\n\t\t\t\t<div class=\"elementor-widget-container\">\n\t\t\t\t\t\t\t\t\t<p>In einem K\u00f6nigreich, das es nur im M\u00e4rchenland gibt, lebte vor vielen, vielen Jahren ein Schuster mit seiner Frau Liese. W\u00e4hrend er den ganzen Tag Schuhe und Pantoffeln flickte und manchmal wohl auch neue machte, verkaufte Liese auf dem Markt Fr\u00fcchte und Gem\u00fcse, das sie in einem G\u00e4rtchen selbst Pflanzte.<\/p><p>Die Beiden hatten einen aufgeweckten Jungen, der ihnen viel Freude bereitete. Jakob, so hie\u00df der Knabe erledigte Boteng\u00e4nge f\u00fcr seine Eltern und war ihnen auch beim Verkauf behilflich.<\/p><p>Eines Tages kam eine alte Frau, welche noch niemand hier gesehen hatte, \u00fcber den Marktplatz gehumpelt. Sie hinkte auf den Stand der Schustersfrau zu und fragte mit unangenehmer, kr\u00e4chzender Stimme: &#8222;Seid ihr Liese, die Gem\u00fcseh\u00e4ndlerin?&#8220;<\/p><p>Von da an nahm die Geschichte von Zwerg Nase ihren Lauf&#8230;<\/p>\t\t\t\t\t\t\t\t<\/div>\n\t\t\t\t<\/div>\n\t\t\t\t<div class=\"elementor-element elementor-element-20ac5f4 elementor-widget elementor-widget-heading\" data-id=\"20ac5f4\" data-element_type=\"widget\" data-e-type=\"widget\" data-widget_type=\"heading.default\">\n\t\t\t\t<div class=\"elementor-widget-container\">\n\t\t\t\t\t<h2 class=\"elementor-heading-title elementor-size-medium\">Mitwirkende<\/h2>\t\t\t\t<\/div>\n\t\t\t\t<\/div>\n\t\t\t\t<section class=\"elementor-section elementor-inner-section elementor-element elementor-element-d0bd936 elementor-section-boxed elementor-section-height-default elementor-section-height-default\" data-id=\"d0bd936\" data-element_type=\"section\" data-e-type=\"section\">\n\t\t\t\t\t\t<div class=\"elementor-container elementor-column-gap-default\">\n\t\t\t\t\t<div class=\"elementor-column elementor-col-50 elementor-inner-column elementor-element elementor-element-d50f0c8\" data-id=\"d50f0c8\" data-element_type=\"column\" data-e-type=\"column\">\n\t\t\t<div class=\"elementor-widget-wrap elementor-element-populated\">\n\t\t\t\t\t\t<div class=\"elementor-element elementor-element-b7f8512 elementor-widget elementor-widget-text-editor\" data-id=\"b7f8512\" data-element_type=\"widget\" data-e-type=\"widget\" data-widget_type=\"text-editor.default\">\n\t\t\t\t<div class=\"elementor-widget-container\">\n\t\t\t\t\t\t\t\t\t<p>Meister Pech<br \/>Liese, dessen Frau<br \/>Jakob, beider Sohn<br \/>Zwerg Nase<br \/>Wichtig, Palastaufseher<br \/>Barbier<br \/>Herzog Kugelbauch<br \/>K\u00f6nig Dickwanst<br \/>Hexe Kr\u00e4uterweis<br \/>Gans Mimi<br \/>Prinzessin Mimi<br \/>Hexenkinder<br \/><br \/><br \/><br \/><br \/><\/p><p>Regie<br \/>Beleuchtung, Technik<br \/>B\u00fchnenbau<br \/>Maske<br \/><br \/>Souffleuse<br \/>Kost\u00fcme<\/p>\t\t\t\t\t\t\t\t<\/div>\n\t\t\t\t<\/div>\n\t\t\t\t\t<\/div>\n\t\t<\/div>\n\t\t\t\t<div class=\"elementor-column elementor-col-50 elementor-inner-column elementor-element elementor-element-4e2d7f9\" data-id=\"4e2d7f9\" data-element_type=\"column\" data-e-type=\"column\">\n\t\t\t<div class=\"elementor-widget-wrap elementor-element-populated\">\n\t\t\t\t\t\t<div class=\"elementor-element elementor-element-9c06b1d elementor-widget elementor-widget-text-editor\" data-id=\"9c06b1d\" data-element_type=\"widget\" data-e-type=\"widget\" data-widget_type=\"text-editor.default\">\n\t\t\t\t<div class=\"elementor-widget-container\">\n\t\t\t\t\t\t\t\t\t<p>Robert Markart<br \/>Anette Hausbichler<br \/>Andreas Scheiber<br \/>Benjamin Rochelt<br \/>Georg Aichner<br \/>Thomas Gassner<br \/>Herbert Stock<br \/>Robert Markart<br \/>Christin Strasser<br \/>Tanja Hoppichler<br \/>Simone Kofler<br \/>Lisa-Maria Aichner<br \/>Bettina Egger<br \/>Roman Frischmann<br \/>Daniel Mautner<br \/>Melanie Watzlawek<\/p><p>Helene Mautner<br \/>Wolfgang Scheiber<br \/>Herbert Dorfer<br \/>Viktoria Knapp<br \/>Elvira Scheiber<br \/>Maria Markart<br \/>Andrea Frischmann<br \/>Helene Mautner<\/p>\t\t\t\t\t\t\t\t<\/div>\n\t\t\t\t<\/div>\n\t\t\t\t\t<\/div>\n\t\t<\/div>\n\t\t\t\t\t<\/div>\n\t\t<\/section>\n\t\t\t\t\t<\/div>\n\t\t<\/div>\n\t\t\t\t\t<\/div>\n\t\t<\/section>\n\t\t\t\t<\/div>","protected":false},"excerpt":{"rendered":"<p>Zwerg Nase Inhalt In einem K\u00f6nigreich, das es nur im M\u00e4rchenland gibt, lebte vor vielen, vielen Jahren ein Schuster mit seiner Frau Liese. W\u00e4hrend er den ganzen Tag Schuhe und Pantoffeln flickte und manchmal wohl auch neue machte, verkaufte Liese auf dem Markt Fr\u00fcchte und Gem\u00fcse, das sie in einem G\u00e4rtchen selbst Pflanzte. Die Beiden&hellip;&nbsp;<a href=\"https:\/\/kolpingbuehne-wattens.at\/en\/zwerg-nase\/\" class=\"\" rel=\"bookmark\">Read More &raquo;<span class=\"screen-reader-text\">Zwerg Nase<\/span><\/a><\/p>","protected":false},"author":8,"featured_media":0,"parent":0,"menu_order":0,"comment_status":"closed","ping_status":"closed","template":"page-templates\/template-pagebuilder-full-width.php","meta":{"neve_meta_sidebar":"","neve_meta_container":"","neve_meta_enable_content_width":"","neve_meta_content_width":0,"neve_meta_title_alignment":"","neve_meta_author_avatar":"","neve_post_elements_order":"","neve_meta_disable_header":"","neve_meta_disable_footer":"","neve_meta_disable_title":"","footnotes":""},"class_list":["post-2364","page","type-page","status-publish","hentry"],"jetpack_sharing_enabled":true,"_links":{"self":[{"href":"https:\/\/kolpingbuehne-wattens.at\/en\/wp-json\/wp\/v2\/pages\/2364","targetHints":{"allow":["GET"]}}],"collection":[{"href":"https:\/\/kolpingbuehne-wattens.at\/en\/wp-json\/wp\/v2\/pages"}],"about":[{"href":"https:\/\/kolpingbuehne-wattens.at\/en\/wp-json\/wp\/v2\/types\/page"}],"author":[{"embeddable":true,"href":"https:\/\/kolpingbuehne-wattens.at\/en\/wp-json\/wp\/v2\/users\/8"}],"replies":[{"embeddable":true,"href":"https:\/\/kolpingbuehne-wattens.at\/en\/wp-json\/wp\/v2\/comments?post=2364"}],"version-history":[{"count":13,"href":"https:\/\/kolpingbuehne-wattens.at\/en\/wp-json\/wp\/v2\/pages\/2364\/revisions"}],"predecessor-version":[{"id":3736,"href":"https:\/\/kolpingbuehne-wattens.at\/en\/wp-json\/wp\/v2\/pages\/2364\/revisions\/3736"}],"wp:attachment":[{"href":"https:\/\/kolpingbuehne-wattens.at\/en\/wp-json\/wp\/v2\/media?parent=2364"}],"curies":[{"name":"wp","href":"https:\/\/api.w.org\/{rel}","templated":true}]}}