{"id":2360,"date":"2023-07-23T23:00:00","date_gmt":"2023-07-23T21:00:00","guid":{"rendered":"https:\/\/kolpingbuehne-wattens.at\/?page_id=2360"},"modified":"2023-09-16T14:41:09","modified_gmt":"2023-09-16T12:41:09","slug":"die-muehle-im-zauberwald","status":"publish","type":"page","link":"https:\/\/kolpingbuehne-wattens.at\/en\/die-muehle-im-zauberwald\/","title":{"rendered":"Die M\u00fchle im Zauberwald"},"content":{"rendered":"<div data-elementor-type=\"wp-page\" data-elementor-id=\"2360\" class=\"elementor elementor-2360\">\n\t\t\t\t\t\t<section class=\"elementor-section elementor-top-section elementor-element elementor-element-efe501b elementor-section-boxed elementor-section-height-default elementor-section-height-default\" data-id=\"efe501b\" data-element_type=\"section\" data-e-type=\"section\">\n\t\t\t\t\t\t<div class=\"elementor-container elementor-column-gap-default\">\n\t\t\t\t\t<div class=\"elementor-column elementor-col-100 elementor-top-column elementor-element elementor-element-881894f\" data-id=\"881894f\" data-element_type=\"column\" data-e-type=\"column\">\n\t\t\t<div class=\"elementor-widget-wrap elementor-element-populated\">\n\t\t\t\t\t\t<div class=\"elementor-element elementor-element-6d847cc elementor-widget elementor-widget-heading\" data-id=\"6d847cc\" data-element_type=\"widget\" data-e-type=\"widget\" data-widget_type=\"heading.default\">\n\t\t\t\t<div class=\"elementor-widget-container\">\n\t\t\t\t\t<h2 class=\"elementor-heading-title elementor-size-default\">Die M\u00fchle im Zauberwald<\/h2>\t\t\t\t<\/div>\n\t\t\t\t<\/div>\n\t\t\t\t<div class=\"elementor-element elementor-element-230fc56 elementor-widget elementor-widget-heading\" data-id=\"230fc56\" data-element_type=\"widget\" data-e-type=\"widget\" data-widget_type=\"heading.default\">\n\t\t\t\t<div class=\"elementor-widget-container\">\n\t\t\t\t\t<h2 class=\"elementor-heading-title elementor-size-medium\">Inhalt<\/h2>\t\t\t\t<\/div>\n\t\t\t\t<\/div>\n\t\t\t\t<div class=\"elementor-element elementor-element-165c867 elementor-widget elementor-widget-text-editor\" data-id=\"165c867\" data-element_type=\"widget\" data-e-type=\"widget\" data-widget_type=\"text-editor.default\">\n\t\t\t\t<div class=\"elementor-widget-container\">\n\t\t\t\t\t\t\t\t\t<p>Der M\u00fcllersbursche Hansl hat es nicht leicht mit seinem Meister. Den ganzen Tag und oft die halbe Nacht muss er arbeiten und erh\u00e4lt als Lohn kaum genug zum Essen. Als er obendrein wieder einmal eine Strafe bekommen soll, beschlie\u00dft er auf Wanderschaft zu gehen.<br \/>Dabei ger\u00e4t er in einen Zauberwald und hilft dort dem Zwerg Murkl aus einer Notlage. Dieser erz\u00e4hlt ihm von einer Zauberm\u00fchle, welche von der Hexe Wurzelfini gemeinsam mit ihren Gehilfen, dem schrecklichen Luis und dem B\u00e4ren, betrieben wird. Der Zwerg warnt Hansl aber davor dort hinzugehen, denn jeder Mensch der jemals dort gearbeitet hat ist spurlos verschwunden. Murkl vermutet, dass auch die Prinzessin Rosalinde in der M\u00fchle festgehalten wird oder gar verzaubert worden ist.<br \/>Trotz alle Warnungen macht Hansl sich auf dem Weg&#8230;<\/p>\t\t\t\t\t\t\t\t<\/div>\n\t\t\t\t<\/div>\n\t\t\t\t<div class=\"elementor-element elementor-element-c3bcd2b elementor-widget elementor-widget-heading\" data-id=\"c3bcd2b\" data-element_type=\"widget\" data-e-type=\"widget\" data-widget_type=\"heading.default\">\n\t\t\t\t<div class=\"elementor-widget-container\">\n\t\t\t\t\t<h2 class=\"elementor-heading-title elementor-size-medium\">Vorf\u00fchrungen<\/h2>\t\t\t\t<\/div>\n\t\t\t\t<\/div>\n\t\t\t\t<div class=\"elementor-element elementor-element-7c15f37 elementor-widget elementor-widget-text-editor\" data-id=\"7c15f37\" data-element_type=\"widget\" data-e-type=\"widget\" data-widget_type=\"text-editor.default\">\n\t\t\t\t<div class=\"elementor-widget-container\">\n\t\t\t\t\t\t\t\t\t<p>Samstag, 05. November 1994<br \/>Sonntag, 06. November 1994<br \/>Samstag, 12. November 1994<br \/>Sonntag, 13. November 1994<br \/>Samstag, 19. November 1994<br \/>Sonntag, 20. November 1994<\/p>\t\t\t\t\t\t\t\t<\/div>\n\t\t\t\t<\/div>\n\t\t\t\t<div class=\"elementor-element elementor-element-bb9bef4 elementor-widget elementor-widget-heading\" data-id=\"bb9bef4\" data-element_type=\"widget\" data-e-type=\"widget\" data-widget_type=\"heading.default\">\n\t\t\t\t<div class=\"elementor-widget-container\">\n\t\t\t\t\t<h2 class=\"elementor-heading-title elementor-size-medium\">Mitwirkende<\/h2>\t\t\t\t<\/div>\n\t\t\t\t<\/div>\n\t\t\t\t<section class=\"elementor-section elementor-inner-section elementor-element elementor-element-4e2cd3c elementor-section-boxed elementor-section-height-default elementor-section-height-default\" data-id=\"4e2cd3c\" data-element_type=\"section\" data-e-type=\"section\">\n\t\t\t\t\t\t<div class=\"elementor-container elementor-column-gap-default\">\n\t\t\t\t\t<div class=\"elementor-column elementor-col-50 elementor-inner-column elementor-element elementor-element-2677b09\" data-id=\"2677b09\" data-element_type=\"column\" data-e-type=\"column\">\n\t\t\t<div class=\"elementor-widget-wrap elementor-element-populated\">\n\t\t\t\t\t\t<div class=\"elementor-element elementor-element-98e61b2 elementor-widget elementor-widget-text-editor\" data-id=\"98e61b2\" data-element_type=\"widget\" data-e-type=\"widget\" data-widget_type=\"text-editor.default\">\n\t\t\t\t<div class=\"elementor-widget-container\">\n\t\t\t\t\t\t\t\t\t<p>Hansl, der M\u00fcllersbursche<br>Der M\u00fcllermeister<br>Der Nachbar Zischler<br>Der schreckliche Luis<br>Der B\u00e4r<br>Die Wurzelfini<br>Die Fanni<br>Der Zwerg Murkl<br>Prinzessin Rosalinde<br>Die Bewohner des Waldes<br><span style=\"background-color: var(--nv-site-bg); color: var( --e-global-color-text ); font-family: var( --e-global-typography-text-font-family ), Sans-serif; font-size: var(--bodyfontsize); font-weight: var( --e-global-typography-text-font-weight ); letter-spacing: var(--bodyletterspacing); text-transform: var(--bodytexttransform);\"><br><br><br><br><br><\/span><span style=\"background-color: var(--nv-site-bg); color: var( --e-global-color-text ); font-family: var( --e-global-typography-text-font-family ), Sans-serif; font-size: var(--bodyfontsize); font-weight: var( --e-global-typography-text-font-weight ); letter-spacing: var(--bodyletterspacing); text-transform: var(--bodytexttransform);\"><br><\/span><\/p><p><span style=\"background-color: var(--nv-site-bg); color: var( --e-global-color-text ); font-family: var( --e-global-typography-text-font-family ), Sans-serif; font-size: var(--bodyfontsize); font-weight: var( --e-global-typography-text-font-weight ); letter-spacing: var(--bodyletterspacing); text-transform: var(--bodytexttransform);\">Spielleitung<\/span><span style=\"background-color: var(--nv-site-bg); color: var( --e-global-color-text ); font-family: var( --e-global-typography-text-font-family ), Sans-serif; font-size: var(--bodyfontsize); font-weight: var( --e-global-typography-text-font-weight ); letter-spacing: var(--bodyletterspacing); text-transform: var(--bodytexttransform);\"><br><\/span><\/p>\n<p>Beleuchtung, Technik<\/p>\n<p>B\u00fchnenbau<br><span style=\"color: var( --e-global-color-text ); font-family: var( --e-global-typography-text-font-family ), Sans-serif; font-weight: var( --e-global-typography-text-font-weight ); background-color: var(--nv-site-bg); font-size: var(--bodyfontsize); letter-spacing: var(--bodyletterspacing); text-transform: var(--bodytexttransform);\"><br><br><br><br>Maske<\/span><\/p>\n<p>Kost\u00fcme<\/p>\n<p>Souffleuse<\/p>\t\t\t\t\t\t\t\t<\/div>\n\t\t\t\t<\/div>\n\t\t\t\t\t<\/div>\n\t\t<\/div>\n\t\t\t\t<div class=\"elementor-column elementor-col-50 elementor-inner-column elementor-element elementor-element-00615ff\" data-id=\"00615ff\" data-element_type=\"column\" data-e-type=\"column\">\n\t\t\t<div class=\"elementor-widget-wrap elementor-element-populated\">\n\t\t\t\t\t\t<div class=\"elementor-element elementor-element-30aa2d6 elementor-widget elementor-widget-text-editor\" data-id=\"30aa2d6\" data-element_type=\"widget\" data-e-type=\"widget\" data-widget_type=\"text-editor.default\">\n\t\t\t\t<div class=\"elementor-widget-container\">\n\t\t\t\t\t\t\t\t\t<p>Strolz Thomas<br \/>Perktold Franz<br \/>Stock Herbert<br \/>\u00dcberegger Stefan<br \/>Kreiner Franz<br \/>Krenn Margot<br \/>Hoppichler Claudia<br \/>Scheiber Andreas<br \/>Holzner Claudia<br \/>Erler Christoph<br \/>Erler Patricia<br \/>Knapp Stefanie<br \/>Koller Hans-Peter<br \/>Koller Sandra<br \/>Mautner Pascal<br \/>Posch Daniel<\/p><p>Scheiber Wolfgang<br \/>Mautner Helene<br \/>Gunda Gabor<br \/>Dorfer Herbert<br \/>Scheiber Wolfgang<br \/>Strolz Thomas<br \/>Kreiner Franz<br \/>\u00dcberegger Stefan<br \/>Gassner Thomas<br \/>Knapp Viktoria<br \/>Scheiber Elvira<br \/>Frischmann Andrea<br \/>Schmalzl Anni<br \/>Unterlechner Monika<\/p>\t\t\t\t\t\t\t\t<\/div>\n\t\t\t\t<\/div>\n\t\t\t\t\t<\/div>\n\t\t<\/div>\n\t\t\t\t\t<\/div>\n\t\t<\/section>\n\t\t\t\t\t<\/div>\n\t\t<\/div>\n\t\t\t\t\t<\/div>\n\t\t<\/section>\n\t\t\t\t<\/div>","protected":false},"excerpt":{"rendered":"<p>Die M\u00fchle im Zauberwald Inhalt Der M\u00fcllersbursche Hansl hat es nicht leicht mit seinem Meister. Den ganzen Tag und oft die halbe Nacht muss er arbeiten und erh\u00e4lt als Lohn kaum genug zum Essen. Als er obendrein wieder einmal eine Strafe bekommen soll, beschlie\u00dft er auf Wanderschaft zu gehen.Dabei ger\u00e4t er in einen Zauberwald und&hellip;&nbsp;<a href=\"https:\/\/kolpingbuehne-wattens.at\/en\/die-muehle-im-zauberwald\/\" class=\"\" rel=\"bookmark\">Read More &raquo;<span class=\"screen-reader-text\">Die M\u00fchle im Zauberwald<\/span><\/a><\/p>","protected":false},"author":8,"featured_media":0,"parent":0,"menu_order":0,"comment_status":"closed","ping_status":"closed","template":"page-templates\/template-pagebuilder-full-width.php","meta":{"neve_meta_sidebar":"","neve_meta_container":"","neve_meta_enable_content_width":"","neve_meta_content_width":0,"neve_meta_title_alignment":"","neve_meta_author_avatar":"","neve_post_elements_order":"","neve_meta_disable_header":"","neve_meta_disable_footer":"","neve_meta_disable_title":"","footnotes":""},"class_list":["post-2360","page","type-page","status-publish","hentry"],"jetpack_sharing_enabled":true,"_links":{"self":[{"href":"https:\/\/kolpingbuehne-wattens.at\/en\/wp-json\/wp\/v2\/pages\/2360","targetHints":{"allow":["GET"]}}],"collection":[{"href":"https:\/\/kolpingbuehne-wattens.at\/en\/wp-json\/wp\/v2\/pages"}],"about":[{"href":"https:\/\/kolpingbuehne-wattens.at\/en\/wp-json\/wp\/v2\/types\/page"}],"author":[{"embeddable":true,"href":"https:\/\/kolpingbuehne-wattens.at\/en\/wp-json\/wp\/v2\/users\/8"}],"replies":[{"embeddable":true,"href":"https:\/\/kolpingbuehne-wattens.at\/en\/wp-json\/wp\/v2\/comments?post=2360"}],"version-history":[{"count":13,"href":"https:\/\/kolpingbuehne-wattens.at\/en\/wp-json\/wp\/v2\/pages\/2360\/revisions"}],"predecessor-version":[{"id":2686,"href":"https:\/\/kolpingbuehne-wattens.at\/en\/wp-json\/wp\/v2\/pages\/2360\/revisions\/2686"}],"wp:attachment":[{"href":"https:\/\/kolpingbuehne-wattens.at\/en\/wp-json\/wp\/v2\/media?parent=2360"}],"curies":[{"name":"wp","href":"https:\/\/api.w.org\/{rel}","templated":true}]}}