{"id":1479,"date":"2022-11-15T11:38:15","date_gmt":"2022-11-15T10:38:15","guid":{"rendered":"https:\/\/kolpingbuehne-wattens.at\/?page_id=1479"},"modified":"2023-09-26T15:09:31","modified_gmt":"2023-09-26T13:09:31","slug":"der-ideale-vater","status":"publish","type":"page","link":"https:\/\/kolpingbuehne-wattens.at\/en\/der-ideale-vater\/","title":{"rendered":"Der ideale Vater"},"content":{"rendered":"<div data-elementor-type=\"wp-page\" data-elementor-id=\"1479\" class=\"elementor elementor-1479\">\n\t\t\t\t\t\t<section class=\"elementor-section elementor-top-section elementor-element elementor-element-2f6e2d14 elementor-section-boxed elementor-section-height-default elementor-section-height-default\" data-id=\"2f6e2d14\" data-element_type=\"section\" data-e-type=\"section\">\n\t\t\t\t\t\t<div class=\"elementor-container elementor-column-gap-default\">\n\t\t\t\t\t<div class=\"elementor-column elementor-col-100 elementor-top-column elementor-element elementor-element-56b1b181\" data-id=\"56b1b181\" data-element_type=\"column\" data-e-type=\"column\">\n\t\t\t<div class=\"elementor-widget-wrap elementor-element-populated\">\n\t\t\t\t\t\t<div class=\"elementor-element elementor-element-3c3f3a7 elementor-widget elementor-widget-heading\" data-id=\"3c3f3a7\" data-element_type=\"widget\" data-e-type=\"widget\" data-widget_type=\"heading.default\">\n\t\t\t\t<div class=\"elementor-widget-container\">\n\t\t\t\t\t<h2 class=\"elementor-heading-title elementor-size-medium\">Inhalt<\/h2>\t\t\t\t<\/div>\n\t\t\t\t<\/div>\n\t\t\t\t<div class=\"elementor-element elementor-element-eccd389 elementor-widget elementor-widget-text-editor\" data-id=\"eccd389\" data-element_type=\"widget\" data-e-type=\"widget\" data-widget_type=\"text-editor.default\">\n\t\t\t\t<div class=\"elementor-widget-container\">\n\t\t\t\t\t\t\t\t\t<p>Kreszenz, die noch ledige Schwester des Bauern, f\u00fchrt seit dem fr\u00fchen Tod der B\u00e4urin den Haushalt. Maria, die Tochter, des Bauern, kommt nach 3 Jahren von der Schule auf den Hof zur\u00fcck. Kreszenz ist angehalten, Maria das Kochen und die \u00fcbrigen h\u00e4uslichen Arbeiten beizubringen, aus Neid und Eifersucht auf die H\u00fcbsche Tochter versucht sie durch List eine eventuelle sp\u00e4tere Heirat zu verhindern. Ein unerwarteter Besuch l\u00f6st nun Aktivit\u00e4ten auf beiden Seiten aus.<br \/>Die Magd versucht mit allen Mitteln den heiratsscheuchen Knecht vor den Altar zu locken.<\/p>\t\t\t\t\t\t\t\t<\/div>\n\t\t\t\t<\/div>\n\t\t\t\t<div class=\"elementor-element elementor-element-67ec59e elementor-widget elementor-widget-heading\" data-id=\"67ec59e\" data-element_type=\"widget\" data-e-type=\"widget\" data-widget_type=\"heading.default\">\n\t\t\t\t<div class=\"elementor-widget-container\">\n\t\t\t\t\t<h2 class=\"elementor-heading-title elementor-size-medium\">Mitwirkende<\/h2>\t\t\t\t<\/div>\n\t\t\t\t<\/div>\n\t\t\t\t<section class=\"elementor-section elementor-inner-section elementor-element elementor-element-2a6ebdf elementor-section-boxed elementor-section-height-default elementor-section-height-default\" data-id=\"2a6ebdf\" data-element_type=\"section\" data-e-type=\"section\">\n\t\t\t\t\t\t<div class=\"elementor-container elementor-column-gap-default\">\n\t\t\t\t\t<div class=\"elementor-column elementor-col-50 elementor-inner-column elementor-element elementor-element-91289ec\" data-id=\"91289ec\" data-element_type=\"column\" data-e-type=\"column\">\n\t\t\t<div class=\"elementor-widget-wrap elementor-element-populated\">\n\t\t\t\t\t\t<div class=\"elementor-element elementor-element-4555b32 elementor-widget elementor-widget-text-editor\" data-id=\"4555b32\" data-element_type=\"widget\" data-e-type=\"widget\" data-widget_type=\"text-editor.default\">\n\t\t\t\t<div class=\"elementor-widget-container\">\n\t\t\t\t\t\t\t\t\t<p>Gregor, Bauer<br \/>Maria, Tochter<br \/>Kreszenz, Schwester<br \/>Martha, Magd<br \/>Joggl, Knecht<br \/>Heinrich Kronthaler<br \/>Thomas, dessen Sohn<\/p><p>Regie<br \/>Souffleuse<br \/>B\u00fchnentechnik<\/p>\t\t\t\t\t\t\t\t<\/div>\n\t\t\t\t<\/div>\n\t\t\t\t\t<\/div>\n\t\t<\/div>\n\t\t\t\t<div class=\"elementor-column elementor-col-50 elementor-inner-column elementor-element elementor-element-d3da2fe\" data-id=\"d3da2fe\" data-element_type=\"column\" data-e-type=\"column\">\n\t\t\t<div class=\"elementor-widget-wrap elementor-element-populated\">\n\t\t\t\t\t\t<div class=\"elementor-element elementor-element-4b2b1eb elementor-widget elementor-widget-text-editor\" data-id=\"4b2b1eb\" data-element_type=\"widget\" data-e-type=\"widget\" data-widget_type=\"text-editor.default\">\n\t\t\t\t<div class=\"elementor-widget-container\">\n\t\t\t\t\t\t\t\t\t<p>Robert Egger<br \/>Martha Grubinger<br \/>Helene Aichner<br \/>Margret Schwaninger<br \/>Franz Perktold<br \/>Georg Aichner<br \/>Wolfgang Scheiber<\/p><p>Ferdinand Gurschler<br \/>Zita Mazagg<br \/>Herbert Perktold<\/p>\t\t\t\t\t\t\t\t<\/div>\n\t\t\t\t<\/div>\n\t\t\t\t\t<\/div>\n\t\t<\/div>\n\t\t\t\t\t<\/div>\n\t\t<\/section>\n\t\t\t\t<div class=\"elementor-element elementor-element-d2acc23 elementor-widget elementor-widget-heading\" data-id=\"d2acc23\" data-element_type=\"widget\" data-e-type=\"widget\" data-widget_type=\"heading.default\">\n\t\t\t\t<div class=\"elementor-widget-container\">\n\t\t\t\t\t<h2 class=\"elementor-heading-title elementor-size-medium\">Einblicke<\/h2>\t\t\t\t<\/div>\n\t\t\t\t<\/div>\n\t\t\t\t<div class=\"elementor-element elementor-element-76ecbf65 elementor-arrows-position-inside elementor-pagination-position-outside elementor-widget elementor-widget-image-carousel\" data-id=\"76ecbf65\" data-element_type=\"widget\" data-e-type=\"widget\" data-settings=\"{&quot;navigation&quot;:&quot;both&quot;,&quot;autoplay&quot;:&quot;yes&quot;,&quot;pause_on_hover&quot;:&quot;yes&quot;,&quot;pause_on_interaction&quot;:&quot;yes&quot;,&quot;autoplay_speed&quot;:5000,&quot;infinite&quot;:&quot;yes&quot;,&quot;speed&quot;:500}\" data-widget_type=\"image-carousel.default\">\n\t\t\t\t<div class=\"elementor-widget-container\">\n\t\t\t\t\t\t\t<div class=\"elementor-image-carousel-wrapper swiper\" role=\"region\" aria-roledescription=\"carousel\" aria-label=\"Bild Karussell\" dir=\"ltr\">\n\t\t\t<div class=\"elementor-image-carousel swiper-wrapper\" aria-live=\"off\">\n\t\t\t\t\t\t\t\t<div class=\"swiper-slide\" role=\"group\" aria-roledescription=\"slide\" aria-label=\"1 von 4\"><a data-elementor-open-lightbox=\"yes\" data-elementor-lightbox-slideshow=\"76ecbf65\" data-elementor-lightbox-title=\"Ideale Vater\" data-e-action-hash=\"#elementor-action%3Aaction%3Dlightbox%26settings%3DeyJpZCI6MTQ4MSwidXJsIjoiaHR0cHM6XC9cL2tvbHBpbmdidWVobmUtd2F0dGVucy5hdFwvd3AtY29udGVudFwvdXBsb2Fkc1wvMjAyMlwvMTFcL0lkZWFsZS1WYXRlci5qcGciLCJzbGlkZXNob3ciOiI3NmVjYmY2NSJ9\" href=\"https:\/\/kolpingbuehne-wattens.at\/wp-content\/uploads\/2022\/11\/Ideale-Vater.jpg\"><figure class=\"swiper-slide-inner\"><img decoding=\"async\" class=\"swiper-slide-image\" src=\"https:\/\/kolpingbuehne-wattens.at\/wp-content\/uploads\/elementor\/thumbs\/Ideale-Vater-pxqtyrljkhvjnlcl03953ehoze8gz36chyzgmjp1yk.jpg\" alt=\"Ideale Vater\" \/><\/figure><\/a><\/div><div class=\"swiper-slide\" role=\"group\" aria-roledescription=\"slide\" aria-label=\"2 von 4\"><a data-elementor-open-lightbox=\"yes\" data-elementor-lightbox-slideshow=\"76ecbf65\" data-elementor-lightbox-title=\"ideale vater1\" data-e-action-hash=\"#elementor-action%3Aaction%3Dlightbox%26settings%3DeyJpZCI6MTQ4MiwidXJsIjoiaHR0cHM6XC9cL2tvbHBpbmdidWVobmUtd2F0dGVucy5hdFwvd3AtY29udGVudFwvdXBsb2Fkc1wvMjAyMlwvMTFcL2lkZWFsZS12YXRlcjEuanBnIiwic2xpZGVzaG93IjoiNzZlY2JmNjUifQ%3D%3D\" href=\"https:\/\/kolpingbuehne-wattens.at\/wp-content\/uploads\/2022\/11\/ideale-vater1.jpg\"><figure class=\"swiper-slide-inner\"><img decoding=\"async\" class=\"swiper-slide-image\" src=\"https:\/\/kolpingbuehne-wattens.at\/wp-content\/uploads\/elementor\/thumbs\/ideale-vater1-pxqtyx8kpi39l94e35owid2gjpgo99sqiqwdi7gox8.jpg\" alt=\"ideale vater1\" \/><\/figure><\/a><\/div><div class=\"swiper-slide\" role=\"group\" aria-roledescription=\"slide\" aria-label=\"3 von 4\"><a data-elementor-open-lightbox=\"yes\" data-elementor-lightbox-slideshow=\"76ecbf65\" data-elementor-lightbox-title=\"ideale vater2\" data-e-action-hash=\"#elementor-action%3Aaction%3Dlightbox%26settings%3DeyJpZCI6MTQ4MywidXJsIjoiaHR0cHM6XC9cL2tvbHBpbmdidWVobmUtd2F0dGVucy5hdFwvd3AtY29udGVudFwvdXBsb2Fkc1wvMjAyMlwvMTFcL2lkZWFsZS12YXRlcjIuanBnIiwic2xpZGVzaG93IjoiNzZlY2JmNjUifQ%3D%3D\" href=\"https:\/\/kolpingbuehne-wattens.at\/wp-content\/uploads\/2022\/11\/ideale-vater2.jpg\"><figure class=\"swiper-slide-inner\"><img decoding=\"async\" class=\"swiper-slide-image\" src=\"https:\/\/kolpingbuehne-wattens.at\/wp-content\/uploads\/elementor\/thumbs\/ideale-vater2-pxqtz2vluiaziww7684nxbn840ovjgf4jitadv8bvw.jpg\" alt=\"ideale vater2\" \/><\/figure><\/a><\/div><div class=\"swiper-slide\" role=\"group\" aria-roledescription=\"slide\" aria-label=\"4 von 4\"><a data-elementor-open-lightbox=\"yes\" data-elementor-lightbox-slideshow=\"76ecbf65\" data-elementor-lightbox-title=\"ideale vater3\" data-e-action-hash=\"#elementor-action%3Aaction%3Dlightbox%26settings%3DeyJpZCI6MTQ4NCwidXJsIjoiaHR0cHM6XC9cL2tvbHBpbmdidWVobmUtd2F0dGVucy5hdFwvd3AtY29udGVudFwvdXBsb2Fkc1wvMjAyMlwvMTFcL2lkZWFsZS12YXRlcjMuanBnIiwic2xpZGVzaG93IjoiNzZlY2JmNjUifQ%3D%3D\" href=\"https:\/\/kolpingbuehne-wattens.at\/wp-content\/uploads\/2022\/11\/ideale-vater3.jpg\"><figure class=\"swiper-slide-inner\"><img decoding=\"async\" class=\"swiper-slide-image\" src=\"https:\/\/kolpingbuehne-wattens.at\/wp-content\/uploads\/elementor\/thumbs\/ideale-vater3-pxqtz9gh6cjzs6mn3sz1wrzg9psg1c58wfdoqsykoc.jpg\" alt=\"ideale vater3\" \/><\/figure><\/a><\/div>\t\t\t<\/div>\n\t\t\t\t\t\t\t\t\t\t\t\t<div class=\"elementor-swiper-button elementor-swiper-button-prev\" role=\"button\" tabindex=\"0\">\n\t\t\t\t\t\t<i aria-hidden=\"true\" class=\"eicon-chevron-left\"><\/i>\t\t\t\t\t<\/div>\n\t\t\t\t\t<div class=\"elementor-swiper-button elementor-swiper-button-next\" role=\"button\" tabindex=\"0\">\n\t\t\t\t\t\t<i aria-hidden=\"true\" class=\"eicon-chevron-right\"><\/i>\t\t\t\t\t<\/div>\n\t\t\t\t\n\t\t\t\t\t\t\t\t\t<div class=\"swiper-pagination\"><\/div>\n\t\t\t\t\t\t\t\t\t<\/div>\n\t\t\t\t\t\t<\/div>\n\t\t\t\t<\/div>\n\t\t\t\t\t<\/div>\n\t\t<\/div>\n\t\t\t\t\t<\/div>\n\t\t<\/section>\n\t\t\t\t<\/div>","protected":false},"excerpt":{"rendered":"<p>Inhalt Kreszenz, die noch ledige Schwester des Bauern, f\u00fchrt seit dem fr\u00fchen Tod der B\u00e4urin den Haushalt. Maria, die Tochter, des Bauern, kommt nach 3 Jahren von der Schule auf den Hof zur\u00fcck. Kreszenz ist angehalten, Maria das Kochen und die \u00fcbrigen h\u00e4uslichen Arbeiten beizubringen, aus Neid und Eifersucht auf die H\u00fcbsche Tochter versucht sie&hellip;&nbsp;<a href=\"https:\/\/kolpingbuehne-wattens.at\/en\/der-ideale-vater\/\" class=\"\" rel=\"bookmark\">Read More &raquo;<span class=\"screen-reader-text\">Der ideale Vater<\/span><\/a><\/p>","protected":false},"author":2,"featured_media":0,"parent":0,"menu_order":0,"comment_status":"closed","ping_status":"closed","template":"","meta":{"neve_meta_sidebar":"","neve_meta_container":"","neve_meta_enable_content_width":"","neve_meta_content_width":0,"neve_meta_title_alignment":"","neve_meta_author_avatar":"","neve_post_elements_order":"","neve_meta_disable_header":"","neve_meta_disable_footer":"","neve_meta_disable_title":"","footnotes":""},"class_list":["post-1479","page","type-page","status-publish","hentry"],"jetpack_sharing_enabled":true,"_links":{"self":[{"href":"https:\/\/kolpingbuehne-wattens.at\/en\/wp-json\/wp\/v2\/pages\/1479","targetHints":{"allow":["GET"]}}],"collection":[{"href":"https:\/\/kolpingbuehne-wattens.at\/en\/wp-json\/wp\/v2\/pages"}],"about":[{"href":"https:\/\/kolpingbuehne-wattens.at\/en\/wp-json\/wp\/v2\/types\/page"}],"author":[{"embeddable":true,"href":"https:\/\/kolpingbuehne-wattens.at\/en\/wp-json\/wp\/v2\/users\/2"}],"replies":[{"embeddable":true,"href":"https:\/\/kolpingbuehne-wattens.at\/en\/wp-json\/wp\/v2\/comments?post=1479"}],"version-history":[{"count":7,"href":"https:\/\/kolpingbuehne-wattens.at\/en\/wp-json\/wp\/v2\/pages\/1479\/revisions"}],"predecessor-version":[{"id":2793,"href":"https:\/\/kolpingbuehne-wattens.at\/en\/wp-json\/wp\/v2\/pages\/1479\/revisions\/2793"}],"wp:attachment":[{"href":"https:\/\/kolpingbuehne-wattens.at\/en\/wp-json\/wp\/v2\/media?parent=1479"}],"curies":[{"name":"wp","href":"https:\/\/api.w.org\/{rel}","templated":true}]}}