{"id":1430,"date":"2022-11-15T08:18:53","date_gmt":"2022-11-15T07:18:53","guid":{"rendered":"https:\/\/kolpingbuehne-wattens.at\/?page_id=1430"},"modified":"2023-10-08T11:15:32","modified_gmt":"2023-10-08T09:15:32","slug":"die-drei-blindgaenger","status":"publish","type":"page","link":"https:\/\/kolpingbuehne-wattens.at\/en\/die-drei-blindgaenger\/","title":{"rendered":"Die drei Blindg\u00e4nger"},"content":{"rendered":"<div data-elementor-type=\"wp-page\" data-elementor-id=\"1430\" class=\"elementor elementor-1430\">\n\t\t\t\t\t\t<section class=\"elementor-section elementor-top-section elementor-element elementor-element-2f6e2d14 elementor-section-boxed elementor-section-height-default elementor-section-height-default\" data-id=\"2f6e2d14\" data-element_type=\"section\" data-e-type=\"section\">\n\t\t\t\t\t\t<div class=\"elementor-container elementor-column-gap-default\">\n\t\t\t\t\t<div class=\"elementor-column elementor-col-100 elementor-top-column elementor-element elementor-element-56b1b181\" data-id=\"56b1b181\" data-element_type=\"column\" data-e-type=\"column\">\n\t\t\t<div class=\"elementor-widget-wrap elementor-element-populated\">\n\t\t\t\t\t\t<div class=\"elementor-element elementor-element-8a8613b elementor-widget elementor-widget-heading\" data-id=\"8a8613b\" data-element_type=\"widget\" data-e-type=\"widget\" data-widget_type=\"heading.default\">\n\t\t\t\t<div class=\"elementor-widget-container\">\n\t\t\t\t\t<h2 class=\"elementor-heading-title elementor-size-medium\">Inhalt<\/h2>\t\t\t\t<\/div>\n\t\t\t\t<\/div>\n\t\t\t\t<div class=\"elementor-element elementor-element-90f26b4 elementor-widget elementor-widget-text-editor\" data-id=\"90f26b4\" data-element_type=\"widget\" data-e-type=\"widget\" data-widget_type=\"text-editor.default\">\n\t\t\t\t<div class=\"elementor-widget-container\">\n\t\t\t\t\t\t\t\t\t<p>Peter, Pauli und Juliander, die drei Haldenegger-Br\u00fcder, haben nach dem Tod ihrer Eltern gemeinsam den Bergbauernhof \u00fcbernommen, da sie bef\u00fcrchten, dass das friedliche und gleichberechtigte Leben in Gefahr sei, wenn eine B\u00e4uerin auf den Hof kommt, haben beschlossen ledig zu bleiben. Auch ihre H\u00e4userin Veronika, die seit der Kindheit der Br\u00fcder auf dem Hof ist, best\u00e4rkt sie, zu diesem Vorsatz zu stehen. Als sich Veronika aber einen Fu\u00df verletzt und dadurch gezwungen ist, das Bett zu h\u00fcten, m\u00fcssen sich die Drei das Haus selbst versorgen. Die M\u00e4nner verstehen jedoch nicht allzu viel von der Hausarbeit, sodass das Anwesen in k\u00fcrzester Zeit ziemlich verwahrlost. Auch die Kochkunst, die trotz der Anweisungen Veronikas keine gro\u00dfen Fortschritte macht, tr\u00e4gt dazu bei, dass allem \u00dcberfluss eines Tages auch noch ein Findelkind auf dem Hof gefunden wird, ist guter Rat teuer. Dass das Kind nicht bleiben kann, ist selbstverst\u00e4ndlich, man beschlie\u00dft, den Dorfpfarrer aufzusuchen, damit dieser einen Pflegeplatz f\u00fcr den Findling sucht, als Peter mit einem \u201eGuten Rat\u201c aus dem Dorf heimkommt, geht es auf dem Hof drunter und dr\u00fcber.<\/p>\t\t\t\t\t\t\t\t<\/div>\n\t\t\t\t<\/div>\n\t\t\t\t<div class=\"elementor-element elementor-element-3c0bce1 elementor-widget elementor-widget-heading\" data-id=\"3c0bce1\" data-element_type=\"widget\" data-e-type=\"widget\" data-widget_type=\"heading.default\">\n\t\t\t\t<div class=\"elementor-widget-container\">\n\t\t\t\t\t<h2 class=\"elementor-heading-title elementor-size-medium\">Mitwirkende<\/h2>\t\t\t\t<\/div>\n\t\t\t\t<\/div>\n\t\t\t\t<section class=\"elementor-section elementor-inner-section elementor-element elementor-element-fba3ad7 elementor-section-boxed elementor-section-height-default elementor-section-height-default\" data-id=\"fba3ad7\" data-element_type=\"section\" data-e-type=\"section\">\n\t\t\t\t\t\t<div class=\"elementor-container elementor-column-gap-default\">\n\t\t\t\t\t<div class=\"elementor-column elementor-col-50 elementor-inner-column elementor-element elementor-element-3ced5e9\" data-id=\"3ced5e9\" data-element_type=\"column\" data-e-type=\"column\">\n\t\t\t<div class=\"elementor-widget-wrap elementor-element-populated\">\n\t\t\t\t\t\t<div class=\"elementor-element elementor-element-11e2cc3 elementor-widget elementor-widget-text-editor\" data-id=\"11e2cc3\" data-element_type=\"widget\" data-e-type=\"widget\" data-widget_type=\"text-editor.default\">\n\t\t\t\t<div class=\"elementor-widget-container\">\n\t\t\t\t\t\t\t\t\t<p>Peter Haldenegger<br \/>Pauli Haldemegger<br \/>Juliander Haldenegger<br \/>Veronika, Wirtschafterin<br \/>Anthuber, Viehh\u00e4ndler<br \/>Maralen, junge Magd<br \/>Die Haslocherin<\/p><p class=\"MsoNormal\">Regie<br \/>Souffleuse<br \/>Maske<br \/>B\u00fchnentechnik<br \/><br \/><span style=\"color: var( --e-global-color-text ); font-family: var( --e-global-typography-text-font-family ), Sans-serif; font-weight: var( --e-global-typography-text-font-weight ); background-color: var(--nv-site-bg); font-size: var(--bodyfontsize); letter-spacing: var(--bodyletterspacing); text-transform: var(--bodytexttransform);\">Beleuchtung<\/span><\/p><p>\u00a0<\/p>\t\t\t\t\t\t\t\t<\/div>\n\t\t\t\t<\/div>\n\t\t\t\t\t<\/div>\n\t\t<\/div>\n\t\t\t\t<div class=\"elementor-column elementor-col-50 elementor-inner-column elementor-element elementor-element-aca5352\" data-id=\"aca5352\" data-element_type=\"column\" data-e-type=\"column\">\n\t\t\t<div class=\"elementor-widget-wrap elementor-element-populated\">\n\t\t\t\t\t\t<div class=\"elementor-element elementor-element-02516e2 elementor-widget elementor-widget-text-editor\" data-id=\"02516e2\" data-element_type=\"widget\" data-e-type=\"widget\" data-widget_type=\"text-editor.default\">\n\t\t\t\t<div class=\"elementor-widget-container\">\n\t\t\t\t\t\t\t\t\t<p>Georg Aichner<br \/>Franz Perktold<br \/>Wolfgang Scheiber<br \/>Helene Aichner<br \/>Robert Egger<br \/>Margreth Schwaninger<br \/>Christl Kometer<\/p><p>Robert Egger<br \/>Andrea Egger<br \/>Viktoria Scheiber<br \/>Herbert Perktold<br \/>Sepp Wechselberger<br \/>Franz Erler<br \/>Manfred Wechselberger<\/p><p>\u00a0<\/p>\t\t\t\t\t\t\t\t<\/div>\n\t\t\t\t<\/div>\n\t\t\t\t\t<\/div>\n\t\t<\/div>\n\t\t\t\t\t<\/div>\n\t\t<\/section>\n\t\t\t\t<div class=\"elementor-element elementor-element-1fe6c4b elementor-widget elementor-widget-heading\" data-id=\"1fe6c4b\" data-element_type=\"widget\" data-e-type=\"widget\" data-widget_type=\"heading.default\">\n\t\t\t\t<div class=\"elementor-widget-container\">\n\t\t\t\t\t<h2 class=\"elementor-heading-title elementor-size-medium\">Einblicke<\/h2>\t\t\t\t<\/div>\n\t\t\t\t<\/div>\n\t\t\t\t<div class=\"elementor-element elementor-element-76ecbf65 elementor-arrows-position-inside elementor-pagination-position-outside elementor-widget elementor-widget-image-carousel\" data-id=\"76ecbf65\" data-element_type=\"widget\" data-e-type=\"widget\" data-settings=\"{&quot;navigation&quot;:&quot;both&quot;,&quot;autoplay&quot;:&quot;yes&quot;,&quot;pause_on_hover&quot;:&quot;yes&quot;,&quot;pause_on_interaction&quot;:&quot;yes&quot;,&quot;autoplay_speed&quot;:5000,&quot;infinite&quot;:&quot;yes&quot;,&quot;speed&quot;:500}\" data-widget_type=\"image-carousel.default\">\n\t\t\t\t<div class=\"elementor-widget-container\">\n\t\t\t\t\t\t\t<div class=\"elementor-image-carousel-wrapper swiper\" role=\"region\" aria-roledescription=\"carousel\" aria-label=\"Bild Karussell\" dir=\"ltr\">\n\t\t\t<div class=\"elementor-image-carousel swiper-wrapper\" aria-live=\"off\">\n\t\t\t\t\t\t\t\t<div class=\"swiper-slide\" role=\"group\" aria-roledescription=\"slide\" aria-label=\"1 von 2\"><a data-elementor-open-lightbox=\"yes\" data-elementor-lightbox-slideshow=\"76ecbf65\" data-elementor-lightbox-title=\"drei blindg\u00e4nger1\" data-e-action-hash=\"#elementor-action%3Aaction%3Dlightbox%26settings%3DeyJpZCI6MTQzMiwidXJsIjoiaHR0cHM6XC9cL2tvbHBpbmdidWVobmUtd2F0dGVucy5hdFwvd3AtY29udGVudFwvdXBsb2Fkc1wvMjAyMlwvMTFcL2RyZWktYmxpbmRnYWVuZ2VyMS5qcGciLCJzbGlkZXNob3ciOiI3NmVjYmY2NSJ9\" href=\"https:\/\/kolpingbuehne-wattens.at\/wp-content\/uploads\/2022\/11\/drei-blindgaenger1.jpg\"><figure class=\"swiper-slide-inner\"><img decoding=\"async\" class=\"swiper-slide-image\" src=\"https:\/\/kolpingbuehne-wattens.at\/wp-content\/uploads\/elementor\/thumbs\/drei-blindgaenger1-pxqlab2xq456a17ojj0qqr0k5caz97qijfzuk8zcbw.jpg\" alt=\"drei blindg\u00e4nger1\" \/><\/figure><\/a><\/div><div class=\"swiper-slide\" role=\"group\" aria-roledescription=\"slide\" aria-label=\"2 von 2\"><a data-elementor-open-lightbox=\"yes\" data-elementor-lightbox-slideshow=\"76ecbf65\" data-elementor-lightbox-title=\"drei blindg\u00e4nger2\" data-e-action-hash=\"#elementor-action%3Aaction%3Dlightbox%26settings%3DeyJpZCI6MTQzMywidXJsIjoiaHR0cHM6XC9cL2tvbHBpbmdidWVobmUtd2F0dGVucy5hdFwvd3AtY29udGVudFwvdXBsb2Fkc1wvMjAyMlwvMTFcL2RyZWktYmxpbmRnYWVuZ2VyMi5qcGciLCJzbGlkZXNob3ciOiI3NmVjYmY2NSJ9\" href=\"https:\/\/kolpingbuehne-wattens.at\/wp-content\/uploads\/2022\/11\/drei-blindgaenger2.jpg\"><figure class=\"swiper-slide-inner\"><img decoding=\"async\" class=\"swiper-slide-image\" src=\"https:\/\/kolpingbuehne-wattens.at\/wp-content\/uploads\/elementor\/thumbs\/drei-blindgaenger2-pxqlafs4oablw30us31vl7tv49ntbp968399ymsdgs.jpg\" alt=\"drei blindg\u00e4nger2\" \/><\/figure><\/a><\/div>\t\t\t<\/div>\n\t\t\t\t\t\t\t\t\t\t\t\t<div class=\"elementor-swiper-button elementor-swiper-button-prev\" role=\"button\" tabindex=\"0\">\n\t\t\t\t\t\t<i aria-hidden=\"true\" class=\"eicon-chevron-left\"><\/i>\t\t\t\t\t<\/div>\n\t\t\t\t\t<div class=\"elementor-swiper-button elementor-swiper-button-next\" role=\"button\" tabindex=\"0\">\n\t\t\t\t\t\t<i aria-hidden=\"true\" class=\"eicon-chevron-right\"><\/i>\t\t\t\t\t<\/div>\n\t\t\t\t\n\t\t\t\t\t\t\t\t\t<div class=\"swiper-pagination\"><\/div>\n\t\t\t\t\t\t\t\t\t<\/div>\n\t\t\t\t\t\t<\/div>\n\t\t\t\t<\/div>\n\t\t\t\t\t<\/div>\n\t\t<\/div>\n\t\t\t\t\t<\/div>\n\t\t<\/section>\n\t\t\t\t<\/div>","protected":false},"excerpt":{"rendered":"<p>Inhalt Peter, Pauli und Juliander, die drei Haldenegger-Br\u00fcder, haben nach dem Tod ihrer Eltern gemeinsam den Bergbauernhof \u00fcbernommen, da sie bef\u00fcrchten, dass das friedliche und gleichberechtigte Leben in Gefahr sei, wenn eine B\u00e4uerin auf den Hof kommt, haben beschlossen ledig zu bleiben. Auch ihre H\u00e4userin Veronika, die seit der Kindheit der Br\u00fcder auf dem Hof&hellip;&nbsp;<a href=\"https:\/\/kolpingbuehne-wattens.at\/en\/die-drei-blindgaenger\/\" class=\"\" rel=\"bookmark\">Read More &raquo;<span class=\"screen-reader-text\">Die drei Blindg\u00e4nger<\/span><\/a><\/p>","protected":false},"author":2,"featured_media":0,"parent":0,"menu_order":0,"comment_status":"closed","ping_status":"closed","template":"","meta":{"neve_meta_sidebar":"","neve_meta_container":"","neve_meta_enable_content_width":"","neve_meta_content_width":0,"neve_meta_title_alignment":"","neve_meta_author_avatar":"","neve_post_elements_order":"","neve_meta_disable_header":"","neve_meta_disable_footer":"","neve_meta_disable_title":"","footnotes":""},"class_list":["post-1430","page","type-page","status-publish","hentry"],"jetpack_sharing_enabled":true,"_links":{"self":[{"href":"https:\/\/kolpingbuehne-wattens.at\/en\/wp-json\/wp\/v2\/pages\/1430","targetHints":{"allow":["GET"]}}],"collection":[{"href":"https:\/\/kolpingbuehne-wattens.at\/en\/wp-json\/wp\/v2\/pages"}],"about":[{"href":"https:\/\/kolpingbuehne-wattens.at\/en\/wp-json\/wp\/v2\/types\/page"}],"author":[{"embeddable":true,"href":"https:\/\/kolpingbuehne-wattens.at\/en\/wp-json\/wp\/v2\/users\/2"}],"replies":[{"embeddable":true,"href":"https:\/\/kolpingbuehne-wattens.at\/en\/wp-json\/wp\/v2\/comments?post=1430"}],"version-history":[{"count":10,"href":"https:\/\/kolpingbuehne-wattens.at\/en\/wp-json\/wp\/v2\/pages\/1430\/revisions"}],"predecessor-version":[{"id":2955,"href":"https:\/\/kolpingbuehne-wattens.at\/en\/wp-json\/wp\/v2\/pages\/1430\/revisions\/2955"}],"wp:attachment":[{"href":"https:\/\/kolpingbuehne-wattens.at\/en\/wp-json\/wp\/v2\/media?parent=1430"}],"curies":[{"name":"wp","href":"https:\/\/api.w.org\/{rel}","templated":true}]}}