{"id":1358,"date":"2022-11-15T07:51:36","date_gmt":"2022-11-15T06:51:36","guid":{"rendered":"https:\/\/kolpingbuehne-wattens.at\/?page_id=1358"},"modified":"2023-10-08T11:21:02","modified_gmt":"2023-10-08T09:21:02","slug":"ein-blitz-aus-heiterem-himmel","status":"publish","type":"page","link":"https:\/\/kolpingbuehne-wattens.at\/en\/ein-blitz-aus-heiterem-himmel\/","title":{"rendered":"Ein Blitz aus heiterem Himmel"},"content":{"rendered":"<div data-elementor-type=\"wp-page\" data-elementor-id=\"1358\" class=\"elementor elementor-1358\">\n\t\t\t\t\t\t<section class=\"elementor-section elementor-top-section elementor-element elementor-element-2f6e2d14 elementor-section-boxed elementor-section-height-default elementor-section-height-default\" data-id=\"2f6e2d14\" data-element_type=\"section\" data-e-type=\"section\">\n\t\t\t\t\t\t<div class=\"elementor-container elementor-column-gap-default\">\n\t\t\t\t\t<div class=\"elementor-column elementor-col-100 elementor-top-column elementor-element elementor-element-56b1b181\" data-id=\"56b1b181\" data-element_type=\"column\" data-e-type=\"column\">\n\t\t\t<div class=\"elementor-widget-wrap elementor-element-populated\">\n\t\t\t\t\t\t<div class=\"elementor-element elementor-element-1e59ddb elementor-widget elementor-widget-heading\" data-id=\"1e59ddb\" data-element_type=\"widget\" data-e-type=\"widget\" data-widget_type=\"heading.default\">\n\t\t\t\t<div class=\"elementor-widget-container\">\n\t\t\t\t\t<h2 class=\"elementor-heading-title elementor-size-medium\">Inhalt<\/h2>\t\t\t\t<\/div>\n\t\t\t\t<\/div>\n\t\t\t\t<div class=\"elementor-element elementor-element-82b9206 elementor-widget elementor-widget-text-editor\" data-id=\"82b9206\" data-element_type=\"widget\" data-e-type=\"widget\" data-widget_type=\"text-editor.default\">\n\t\t\t\t<div class=\"elementor-widget-container\">\n\t\t\t\t\t\t\t\t\t<p class=\"MsoNormal\">Das war wirklich ein Blitz aus heiterem Himmel, als der alte Brunnthaler, Inhaber des Gasthofes \u201eSeeblick\u201c, nach langer Abwesenheit unangemeldet aus seinem Anwesen erschien. Dies w\u00e4re nicht so schlimm gewesen, h\u00e4tte nicht der P\u00e4chter Lorenz Kaltenegger nur unter der Voraussetzung ledig zu bleiben, den Gasthof in Pracht bekommen. Als die Resi als Kellnerin auf den \u201eSeeblick\u201c kam, hatte der Lorent sein Versprechen jedoch bald vergessen. Wenn nun der Brunnthaler erf\u00e4hrt, dass der Lorenz Frau und Kind hat, war er die l\u00e4ngste Zeit auf dem \u201eSeeblick\u201c. Niemand wei\u00df richtig, was man tun soll. Weder der Gidi, der sonst das Gras wachsen h\u00f6rt, noch die naive Mags Stasi, am ehesten noch die Gro\u00dfmutter. Dem Alten wird in \u201etrautem Verein\u201c so viel vorgelogen, bis die Gro\u00dfmutter dem Gaukelspiel ein Ende bereitet. Dass f\u00fcr sie und den Brunnthaler die gr\u00f6\u00dfte \u00dcberraschung, f\u00fcr die Jungen aber ein gl\u00fcckliches Ende dabei herauskommt, hatte sich keiner der Beteiligten erwartet.<\/p>\t\t\t\t\t\t\t\t<\/div>\n\t\t\t\t<\/div>\n\t\t\t\t<div class=\"elementor-element elementor-element-6bd39d2 elementor-widget elementor-widget-heading\" data-id=\"6bd39d2\" data-element_type=\"widget\" data-e-type=\"widget\" data-widget_type=\"heading.default\">\n\t\t\t\t<div class=\"elementor-widget-container\">\n\t\t\t\t\t<h2 class=\"elementor-heading-title elementor-size-medium\">Mitwirkende<\/h2>\t\t\t\t<\/div>\n\t\t\t\t<\/div>\n\t\t\t\t<section class=\"elementor-section elementor-inner-section elementor-element elementor-element-675ad15 elementor-section-boxed elementor-section-height-default elementor-section-height-default\" data-id=\"675ad15\" data-element_type=\"section\" data-e-type=\"section\">\n\t\t\t\t\t\t<div class=\"elementor-container elementor-column-gap-default\">\n\t\t\t\t\t<div class=\"elementor-column elementor-col-50 elementor-inner-column elementor-element elementor-element-53fba92\" data-id=\"53fba92\" data-element_type=\"column\" data-e-type=\"column\">\n\t\t\t<div class=\"elementor-widget-wrap elementor-element-populated\">\n\t\t\t\t\t\t<div class=\"elementor-element elementor-element-6e15f91 elementor-widget elementor-widget-text-editor\" data-id=\"6e15f91\" data-element_type=\"widget\" data-e-type=\"widget\" data-widget_type=\"text-editor.default\">\n\t\t\t\t<div class=\"elementor-widget-container\">\n\t\t\t\t\t\t\t\t\t<p>Magnus Brunnthaler<br \/>Blasi, sein Neffe<br \/>Lorenz Kaltenegger<br \/>Therese seine Frau<br \/>Monika Voggenauer<br \/>Egidi, der Hausknecht<br \/>Stasi, die Hausmagd<\/p><p>Regie<br \/>Souffleuse<br \/>B\u00fchnentechnik<\/p>\t\t\t\t\t\t\t\t<\/div>\n\t\t\t\t<\/div>\n\t\t\t\t\t<\/div>\n\t\t<\/div>\n\t\t\t\t<div class=\"elementor-column elementor-col-50 elementor-inner-column elementor-element elementor-element-c79dbcb\" data-id=\"c79dbcb\" data-element_type=\"column\" data-e-type=\"column\">\n\t\t\t<div class=\"elementor-widget-wrap elementor-element-populated\">\n\t\t\t\t\t\t<div class=\"elementor-element elementor-element-365cc79 elementor-widget elementor-widget-text-editor\" data-id=\"365cc79\" data-element_type=\"widget\" data-e-type=\"widget\" data-widget_type=\"text-editor.default\">\n\t\t\t\t<div class=\"elementor-widget-container\">\n\t\t\t\t\t\t\t\t\t<p>Robert Egger<br \/>Wolfgang Scheiber<br \/>Georg Aichner<br \/>Margreth Schwaninger<br \/>Helene Aichner<br \/>Franz Perktold<br \/>Angelika Nitzlander<\/p><p>Robert Egger<br \/>Andrea Egger<br \/>Herbert Perktold<\/p>\t\t\t\t\t\t\t\t<\/div>\n\t\t\t\t<\/div>\n\t\t\t\t\t<\/div>\n\t\t<\/div>\n\t\t\t\t\t<\/div>\n\t\t<\/section>\n\t\t\t\t<div class=\"elementor-element elementor-element-89f1adc elementor-widget elementor-widget-heading\" data-id=\"89f1adc\" data-element_type=\"widget\" data-e-type=\"widget\" data-widget_type=\"heading.default\">\n\t\t\t\t<div class=\"elementor-widget-container\">\n\t\t\t\t\t<h2 class=\"elementor-heading-title elementor-size-medium\">Einblicke<\/h2>\t\t\t\t<\/div>\n\t\t\t\t<\/div>\n\t\t\t\t<div class=\"elementor-element elementor-element-76ecbf65 elementor-arrows-position-inside elementor-pagination-position-outside elementor-widget elementor-widget-image-carousel\" data-id=\"76ecbf65\" data-element_type=\"widget\" data-e-type=\"widget\" data-settings=\"{&quot;navigation&quot;:&quot;both&quot;,&quot;autoplay&quot;:&quot;yes&quot;,&quot;pause_on_hover&quot;:&quot;yes&quot;,&quot;pause_on_interaction&quot;:&quot;yes&quot;,&quot;autoplay_speed&quot;:5000,&quot;infinite&quot;:&quot;yes&quot;,&quot;speed&quot;:500}\" data-widget_type=\"image-carousel.default\">\n\t\t\t\t<div class=\"elementor-widget-container\">\n\t\t\t\t\t\t\t<div class=\"elementor-image-carousel-wrapper swiper\" role=\"region\" aria-roledescription=\"carousel\" aria-label=\"Image Carousel\" dir=\"ltr\">\n\t\t\t<div class=\"elementor-image-carousel swiper-wrapper\" aria-live=\"off\">\n\t\t\t\t\t\t\t\t<div class=\"swiper-slide\" role=\"group\" aria-roledescription=\"slide\" aria-label=\"1 of 3\"><a data-elementor-open-lightbox=\"yes\" data-elementor-lightbox-slideshow=\"76ecbf65\" data-elementor-lightbox-title=\"blitz aus heiterem himmel1\" data-e-action-hash=\"#elementor-action%3Aaction%3Dlightbox%26settings%3DeyJpZCI6MTM2MCwidXJsIjoiaHR0cHM6XC9cL2tvbHBpbmdidWVobmUtd2F0dGVucy5hdFwvd3AtY29udGVudFwvdXBsb2Fkc1wvMjAyMlwvMTFcL2JsaXR6LWF1cy1oZWl0ZXJlbS1oaW1tZWwxLmpwZyIsInNsaWRlc2hvdyI6Ijc2ZWNiZjY1In0%3D\" href=\"https:\/\/kolpingbuehne-wattens.at\/wp-content\/uploads\/2022\/11\/blitz-aus-heiterem-himmel1.jpg\"><figure class=\"swiper-slide-inner\"><img decoding=\"async\" class=\"swiper-slide-image\" src=\"https:\/\/kolpingbuehne-wattens.at\/wp-content\/uploads\/elementor\/thumbs\/blitz-aus-heiterem-himmel1-pxqk4mwiqj3jkdqrvik679kw2dp60aawt6swmmro6k.jpg\" alt=\"blitz aus heiterem himmel1\" \/><\/figure><\/a><\/div><div class=\"swiper-slide\" role=\"group\" aria-roledescription=\"slide\" aria-label=\"2 of 3\"><a data-elementor-open-lightbox=\"yes\" data-elementor-lightbox-slideshow=\"76ecbf65\" data-elementor-lightbox-title=\"blitz aus heiterem himmel2\" data-e-action-hash=\"#elementor-action%3Aaction%3Dlightbox%26settings%3DeyJpZCI6MTM2MSwidXJsIjoiaHR0cHM6XC9cL2tvbHBpbmdidWVobmUtd2F0dGVucy5hdFwvd3AtY29udGVudFwvdXBsb2Fkc1wvMjAyMlwvMTFcL2JsaXR6LWF1cy1oZWl0ZXJlbS1oaW1tZWwyLmpwZyIsInNsaWRlc2hvdyI6Ijc2ZWNiZjY1In0%3D\" href=\"https:\/\/kolpingbuehne-wattens.at\/wp-content\/uploads\/2022\/11\/blitz-aus-heiterem-himmel2.jpg\"><figure class=\"swiper-slide-inner\"><img decoding=\"async\" class=\"swiper-slide-image\" src=\"https:\/\/kolpingbuehne-wattens.at\/wp-content\/uploads\/elementor\/thumbs\/blitz-aus-heiterem-himmel2-pxqk4sjjvjb9i1ikykzxm85nmoxdagxatyptiajb58.jpg\" alt=\"blitz aus heiterem himmel2\" \/><\/figure><\/a><\/div><div class=\"swiper-slide\" role=\"group\" aria-roledescription=\"slide\" aria-label=\"3 of 3\"><a data-elementor-open-lightbox=\"yes\" data-elementor-lightbox-slideshow=\"76ecbf65\" data-elementor-lightbox-title=\"blitz aus heiterem himmel3\" data-e-action-hash=\"#elementor-action%3Aaction%3Dlightbox%26settings%3DeyJpZCI6MTM2MiwidXJsIjoiaHR0cHM6XC9cL2tvbHBpbmdidWVobmUtd2F0dGVucy5hdFwvd3AtY29udGVudFwvdXBsb2Fkc1wvMjAyMlwvMTFcL2JsaXR6LWF1cy1oZWl0ZXJlbS1oaW1tZWwzLmpwZyIsInNsaWRlc2hvdyI6Ijc2ZWNiZjY1In0%3D\" href=\"https:\/\/kolpingbuehne-wattens.at\/wp-content\/uploads\/2022\/11\/blitz-aus-heiterem-himmel3.jpg\"><figure class=\"swiper-slide-inner\"><img decoding=\"async\" class=\"swiper-slide-image\" src=\"https:\/\/kolpingbuehne-wattens.at\/wp-content\/uploads\/elementor\/thumbs\/blitz-aus-heiterem-himmel3-pxqk4y6l0jizfpae1nfp16qf705kknjouqmqdyay3w.jpg\" alt=\"blitz aus heiterem himmel3\" \/><\/figure><\/a><\/div>\t\t\t<\/div>\n\t\t\t\t\t\t\t\t\t\t\t\t<div class=\"elementor-swiper-button elementor-swiper-button-prev\" role=\"button\" tabindex=\"0\">\n\t\t\t\t\t\t<i aria-hidden=\"true\" class=\"eicon-chevron-left\"><\/i>\t\t\t\t\t<\/div>\n\t\t\t\t\t<div class=\"elementor-swiper-button elementor-swiper-button-next\" role=\"button\" tabindex=\"0\">\n\t\t\t\t\t\t<i aria-hidden=\"true\" class=\"eicon-chevron-right\"><\/i>\t\t\t\t\t<\/div>\n\t\t\t\t\n\t\t\t\t\t\t\t\t\t<div class=\"swiper-pagination\"><\/div>\n\t\t\t\t\t\t\t\t\t<\/div>\n\t\t\t\t\t\t<\/div>\n\t\t\t\t<\/div>\n\t\t\t\t\t<\/div>\n\t\t<\/div>\n\t\t\t\t\t<\/div>\n\t\t<\/section>\n\t\t\t\t<\/div>","protected":false},"excerpt":{"rendered":"<p>Inhalt Das war wirklich ein Blitz aus heiterem Himmel, als der alte Brunnthaler, Inhaber des Gasthofes \u201eSeeblick\u201c, nach langer Abwesenheit unangemeldet aus seinem Anwesen erschien. Dies w\u00e4re nicht so schlimm gewesen, h\u00e4tte nicht der P\u00e4chter Lorenz Kaltenegger nur unter der Voraussetzung ledig zu bleiben, den Gasthof in Pracht bekommen. Als die Resi als Kellnerin auf&hellip;&nbsp;<a href=\"https:\/\/kolpingbuehne-wattens.at\/en\/ein-blitz-aus-heiterem-himmel\/\" class=\"\" rel=\"bookmark\">Read More &raquo;<span class=\"screen-reader-text\">Ein Blitz aus heiterem Himmel<\/span><\/a><\/p>","protected":false},"author":2,"featured_media":0,"parent":0,"menu_order":0,"comment_status":"closed","ping_status":"closed","template":"","meta":{"neve_meta_sidebar":"","neve_meta_container":"","neve_meta_enable_content_width":"","neve_meta_content_width":0,"neve_meta_title_alignment":"","neve_meta_author_avatar":"","neve_post_elements_order":"","neve_meta_disable_header":"","neve_meta_disable_footer":"","neve_meta_disable_title":"","footnotes":""},"class_list":["post-1358","page","type-page","status-publish","hentry"],"jetpack_sharing_enabled":true,"_links":{"self":[{"href":"https:\/\/kolpingbuehne-wattens.at\/en\/wp-json\/wp\/v2\/pages\/1358","targetHints":{"allow":["GET"]}}],"collection":[{"href":"https:\/\/kolpingbuehne-wattens.at\/en\/wp-json\/wp\/v2\/pages"}],"about":[{"href":"https:\/\/kolpingbuehne-wattens.at\/en\/wp-json\/wp\/v2\/types\/page"}],"author":[{"embeddable":true,"href":"https:\/\/kolpingbuehne-wattens.at\/en\/wp-json\/wp\/v2\/users\/2"}],"replies":[{"embeddable":true,"href":"https:\/\/kolpingbuehne-wattens.at\/en\/wp-json\/wp\/v2\/comments?post=1358"}],"version-history":[{"count":7,"href":"https:\/\/kolpingbuehne-wattens.at\/en\/wp-json\/wp\/v2\/pages\/1358\/revisions"}],"predecessor-version":[{"id":2961,"href":"https:\/\/kolpingbuehne-wattens.at\/en\/wp-json\/wp\/v2\/pages\/1358\/revisions\/2961"}],"wp:attachment":[{"href":"https:\/\/kolpingbuehne-wattens.at\/en\/wp-json\/wp\/v2\/media?parent=1358"}],"curies":[{"name":"wp","href":"https:\/\/api.w.org\/{rel}","templated":true}]}}